{"id":2153,"date":"2018-08-15T15:10:15","date_gmt":"2018-08-15T12:10:15","guid":{"rendered":"https:\/\/beautyresidence.com\/usloviya-polzovaniya\/"},"modified":"2021-09-07T16:08:00","modified_gmt":"2021-09-07T13:08:00","slug":"kayttoehdot","status":"publish","type":"page","link":"https:\/\/beautyresidence.com\/fi\/kayttoehdot\/","title":{"rendered":"K\u00e4ytt\u00f6ehdot"},"content":{"rendered":"\r\n\t<section class=\"section\" id=\"section_619271474\">\n\t\t<div class=\"bg section-bg fill bg-fill  bg-loaded\" >\n\n\t\t\t\n\t\t\t\n\t\t\t\n\n\t\t<\/div>\n\n\t\t<div class=\"section-content relative\">\n\t\t\t <div class=\"row\"  id=\"row-1339921948\"> \n\t<div id=\"col-1223492380\" class=\"col small-12 large-12\"  >\n\t\t\t\t<div class=\"col-inner\"  >\n\t\t\t\n\t\t\t <div class=\"container section-title-container\" ><h3 class=\"section-title section-title-center\"><b><\/b><span class=\"section-title-main\" >K\u00e4ytt\u00f6ehdot<\/span><b><\/b><\/h3><\/div>\r\n<h3>Yleiset ehdot<\/h3>\r\n<ol>\r\n<li>Myyntiehdot s\u00e4\u00e4t\u00e4v\u00e4t Beautyresidence.com-verkkokaupan (j\u00e4ljemp\u00e4n\u00e4 Myyj\u00e4) ja ostajan (j\u00e4ljemp\u00e4n\u00e4 Asiakas) v\u00e4lille muodostuneita velvoitteita ja oikeuksia tavaroiden (j\u00e4ljemp\u00e4n\u00e4 Tavara\/Tavarat) oston yhteydess\u00e4.<\/li>\r\n<li>Tilauksen lopussa, hintaan lis\u00e4t\u00e4\u00e4n 20% arvonlis\u00e4veroa.<\/li>\r\n<li>Beautyresidence pid\u00e4tt\u00e4\u00e4 oikeuden muuttaa myyntiehtoja ja myyt\u00e4v\u00e4n\u00e4 olevien Tavaroiden hintoja. Tehdyt muutokset n\u00e4kyv\u00e4t www.beautyresidence.com-verkkokaupassa.<\/li>\r\n<li>Tilaaminen edellytt\u00e4\u00e4 rekister\u00f6inti\u00e4 www.beautyresidence.com-verkkokaupassa.<\/li>\r\n<li>Tavaroita voi ostaa Asiakas, joka on rekister\u00f6itynyt verkkokauppaan ja saanut vahvistuksen Myyj\u00e4lt\u00e4.<\/li>\r\n<li>Verkkokaupan Tavarat on tarkoitettu ammattikosmetologien k\u00e4ytt\u00f6\u00f6n ja vain ammattikosmetologi saa ostaa niit\u00e4.<\/li>\r\n<li>Jos ostaja on yritys, niin yrityksen kanssa solmitaan erillinen sopimus Beautyresidence OU:n kanssa yhteisty\u00f6n alussa.<\/li>\r\n<\/ol>\r\n<h3>Tavaran toimitus ja luovutus<\/h3>\r\n<ol>\r\n<li>Kun ostosopimus on astunut voimaan (eli kun Asiakas on maksanut ennakkomaksulaskun), Beautyresidence ker\u00e4\u00e4 tilatut Tavarat ja antaa ne logistiikka-alan yhteisty\u00f6kumppanilleen toimitettavaksi Asiakkaalle.<\/li>\r\n<li>Tavaroiden ker\u00e4\u00e4minen alkaa maksun tilille saapumisen j\u00e4lkeen.<\/li>\r\n<li>Toimitustavat on lueteltu Beautyresidence.com-verkkokaupan sivuilla.<\/li>\r\n<li>Tilausten toimitus Viron saarille riippuu Asiakkaan valitsemasta toimitustavasta. Toimitusaika saarelle on noin 3 ty\u00f6p\u00e4iv\u00e4\u00e4 siit\u00e4, kun tilaus on annettu logistiikka-alan yhteisty\u00f6kumppanille toimitettavaksi Asiakkaalle.<\/li>\r\n<li>Asiakkaan tulee t\u00e4ytt\u00e4\u00e4 toimitukseen tarvittavat tiedot huolellisesti, muuten Tavaran toimitus voi viiv\u00e4sty\u00e4.<\/li>\r\n<li>Mik\u00e4li Tavara ei vastaa sopimuksen ehtoja, Asiakas voi:\r\n<ul>\r\n<li>palauttaa Tavaran palautusehtojen mukaisesti;<\/li>\r\n<li>vaatia palautusehtojen mukaisesti palautettavan Tavaran maksun takaisin.<\/li>\r\n<\/ul>\r\n<\/li>\r\n<li>Beautyresidence ei vastaa my\u00f6h\u00e4isest\u00e4 toimituksesta, jos se on luovuttanut Tavaran logistiikka-alan yhteisty\u00f6kumppanille ajoissa ja toimituksen viiv\u00e4stys riippuu kuljetusyhti\u00f6st\u00e4.<\/li>\r\n<\/ol>\r\n<h3>Tavaran palautus<\/h3>\r\n<ol>\r\n<li>Mik\u00e4li Asiakas haluaa palauttaa Tavaran, h\u00e4nen tulee ottaa meihin yhteys v\u00e4litt\u00f6m\u00e4sti. Palautuksesta tulee ilmoittaa kirjallisesti osoitteeseen info@ beautyresidence.com.<\/li>\r\n<li>Palautusoikeus ei koske:\r\n<ul>\r\n<li>kosmetiikkatuotteita avatussa pakkauksessa;<\/li>\r\n<li>tuotteita, joiden k\u00e4ytetty\u00e4 m\u00e4\u00e4r\u00e4\u00e4 ei voi selvitt\u00e4\u00e4, esim., voide, jonka annostelija ei ole l\u00e4pin\u00e4kyv\u00e4;<\/li>\r\n<li>tuotteita, joiden s\u00e4ilytysaika riippuu suoraan pakkauksen avaamisen p\u00e4iv\u00e4st\u00e4;<\/li>\r\n<li>tavaroita, joiden alkuper\u00e4inen pakkaus on avattu;<\/li>\r\n<li>tuotteita, joiden pakkaus on vaurioitunut.<\/li>\r\n<\/ul>\r\n<\/li>\r\n<li>Emme maksa toimituskuluja. Palautuksesta johtuvat toimituskulut maksaa Asiakas.<\/li>\r\n<li>Asiakkaan tulee palauttaa Tavarat Beautyresidence OU:lle 14 p\u00e4iv\u00e4n sis\u00e4ll\u00e4 Tavaran vastaanotosta.<\/li>\r\n<li>Asiakas voi palauttaa Tavarat suoraan toimistoomme Harjumaa, Tallinn linn, J.Poska tn 45 \/\/ L.Koldula tn 17, 10125 tai k\u00e4ytt\u00e4\u00e4 pakettiautomaattia ilmoittaen meille asiasta etuk\u00e4teen.<\/li>\r\n<li>Maksu palautetusta Tavarasta palautetaan Asiakkaalle 14 kalenterip\u00e4iv\u00e4n kuluessa Tavaran vastaanottamisesta.<\/li>\r\n<li>Mik\u00e4li Tavaran palauttaa yritys, palautusehdot vastaavat yrityksen kanssa solmitussa sopimuksessa mainittuja palautusehtoja.<\/li>\r\n<li>Jos sinulla on kysytt\u00e4v\u00e4\u00e4 tai reklamaatio Tavarasta, kirjoita meille info@ beautyresidence.com.<\/li>\r\n<li>K\u00e4sittelemme kirjallisen reklamaation 7 kalenterip\u00e4iv\u00e4\u00e4.<\/li>\r\n<li>Mik\u00e4li Asiakas (luonnollinen henkil\u00f6) ei hyv\u00e4ksy Myyj\u00e4n p\u00e4\u00e4t\u00f6st\u00e4 reklamaatioista, h\u00e4nell\u00e4 on oikeus k\u00e4\u00e4nty\u00e4 Kuluttajariitalautakunnan puoleen.<\/li>\r\n<\/ol>\r\n\t\t<\/div>\n\t\t\t\t\t<\/div>\n\n\t <\/div> \t\t<\/div>\n\n\t\t\n<style>\n#section_619271474 {\n  padding-top: 60px;\n  padding-bottom: 60px;\n}\n<\/style>\n\t<\/section>\n\t\r\n","protected":false},"excerpt":{"rendered":"","protected":false},"author":2,"featured_media":0,"parent":0,"menu_order":0,"comment_status":"closed","ping_status":"closed","template":"","meta":{"yasr_overall_rating":0,"yasr_post_is_review":"","yasr_auto_insert_disabled":"","yasr_review_type":"","footnotes":""},"yasr_visitor_votes":{"number_of_votes":0,"sum_votes":0,"stars_attributes":{"read_only":true,"span_bottom":"<div class='yasr-small-block-bold'><span class='yasr-visitor-votes-must-sign-in'><\/span><\/div>"}},"_links":{"self":[{"href":"https:\/\/beautyresidence.com\/fi\/wp-json\/wp\/v2\/pages\/2153"}],"collection":[{"href":"https:\/\/beautyresidence.com\/fi\/wp-json\/wp\/v2\/pages"}],"about":[{"href":"https:\/\/beautyresidence.com\/fi\/wp-json\/wp\/v2\/types\/page"}],"author":[{"embeddable":true,"href":"https:\/\/beautyresidence.com\/fi\/wp-json\/wp\/v2\/users\/2"}],"replies":[{"embeddable":true,"href":"https:\/\/beautyresidence.com\/fi\/wp-json\/wp\/v2\/comments?post=2153"}],"version-history":[{"count":8,"href":"https:\/\/beautyresidence.com\/fi\/wp-json\/wp\/v2\/pages\/2153\/revisions"}],"predecessor-version":[{"id":4442,"href":"https:\/\/beautyresidence.com\/fi\/wp-json\/wp\/v2\/pages\/2153\/revisions\/4442"}],"wp:attachment":[{"href":"https:\/\/beautyresidence.com\/fi\/wp-json\/wp\/v2\/media?parent=2153"}],"curies":[{"name":"wp","href":"https:\/\/api.w.org\/{rel}","templated":true}]}}