{"id":1906,"date":"2019-09-16T15:25:24","date_gmt":"2019-09-16T12:25:24","guid":{"rendered":"https:\/\/beautyresidence.nma.ee\/?page_id=1906"},"modified":"2021-10-27T19:03:24","modified_gmt":"2021-10-27T16:03:24","slug":"tietosuojapolitiikka","status":"publish","type":"page","link":"https:\/\/beautyresidence.com\/fi\/tietosuojapolitiikka\/","title":{"rendered":"Tietosuojapolitiikka"},"content":{"rendered":"<h2>Tietosuojapolitiikka<\/h2>\n<p>\nBeautyresidence O\u00dc suojaa asiakkaittensa ja www.beautyresidence.com-sivuston k\u00e4ytt\u00e4jien henkil\u00f6tietoja ja varmistaa niiden turvallisuuden.\n<\/p>\n<p>\nT\u00e4ss\u00e4 tietosuojatiedotteessa kerromme siit\u00e4, mitka henkil\u00f6tiedot www.beautyresidence.com ker\u00e4\u00e4 ja mill\u00e4 tavalla www.beautyresidence.com k\u00e4ytt\u00e4\u00e4 henkil\u00f6tietoja.\n<\/p>\n<p>\nBeautyresidence.com voi p\u00e4ivitt\u00e4\u00e4 tietosuojapolitiikkansa, jolloin uusi tiedote julkaistaan sivustolle. K\u00e4y joskus t\u00e4ll\u00e4 sivulla ja olet tietoinen kaikista muutoksesta.\n<\/p>\n<p>\nwww.beautyresidence.com-sivusto k\u00e4sittelee, julkaisee, s\u00e4ilytt\u00e4\u00e4 ja k\u00e4ytt\u00e4\u00e4 henkil\u00f6tietoja turvallisesti, rehellisesti ja laillisesti EU:n ja kansainv\u00e4lisen lains\u00e4\u00e4d\u00e4nn\u00f6n mukaan.\n<\/p>\n<h3>Henkil\u00f6tietojen ker\u00e4\u00e4minen<\/h3>\n<p>\nBeautyresidence.com voi ker\u00e4t\u00e4 ja k\u00e4ytt\u00e4\u00e4 seuraavia henkil\u00f6tietoja:\n<\/p>\n<ul>\n<li>tiedot t\u00e4m\u00e4n sivuston k\u00e4yt\u00f6st\u00e4 (IP-osoite, sijainti, selaimen nimi ja versio, k\u00e4ytt\u00f6j\u00e4rjestelm\u00e4, mist\u00e4 k\u00e4ytt\u00e4j\u00e4 on p\u00e4\u00e4ssyt sivustolle, kuinka kauan on viipynyt, miss\u00e4 sivuissa on vieraillut, sivuston navigointi, k\u00e4ynnin p\u00e4iv\u00e4 ja aika ja muita tilastollisia tietoja. Me voimme k\u00e4ytt\u00e4\u00e4 my\u00f6s kolmansien tahojen palveluja, esim. verkkopankkien palveluja, kuljetusyhti\u00f6iden palveluja, MailChimpi\u00e4, Google Analyticsia, Yandex. Metrikaa, Facebookia, yms. tietojen ker\u00e4\u00e4miseen, seuraamiseen ja analysointiin, sek\u00e4 toimitusten j\u00e4rjest\u00e4miseen ja maksujen vastaanottoon);<\/li>\n<li>tiedot kaupoista yhti\u00f6mme ja asiakkaamme v\u00e4liss\u00e4, sis. tiedot kaikista tavaroiden ja palvelujen ostoista, jotka asiakas tekee sivustolla;<\/li>\n<li>tiedot, jotka k\u00e4ytt\u00e4j\u00e4 antaa sivustolle rekister\u00f6innin yhteydess\u00e4 (s\u00e4hk\u00f6posti, nimi, laskutusosoite ja toimitusosoite);<\/li>\n<li>tiedot, jotka k\u00e4ytt\u00e4j\u00e4 antaa s\u00e4hk\u00f6isen uutiskirjeemme tilauksen yhteydess\u00e4;<\/li>\n<li>muut tiedot, jotka k\u00e4ytt\u00e4j\u00e4 antaa k\u00e4ytt\u00e4m\u00e4ll\u00e4 www.beautyresidence.com.<\/li>\n<\/ul>\n<h3>Muiden tietojen ker\u00e4\u00e4minen<\/h3>\n<p>Me ker\u00e4\u00e4mme nimett\u00f6mi\u00e4 tietoja eli tietoja, joita ei voi kohdistaa konkreettiseen henkil\u00f6\u00f6n (sukupuoli, kieli, sijainti).<\/p>\n<p>\nT\u00e4m\u00e4n lis\u00e4ksi me voimme ker\u00e4t\u00e4 yleistietoja k\u00e4ytt\u00e4jien toiminnasta verkkokaupassamme. Ker\u00e4\u00e4mme n\u00e4it\u00e4 tietoja voidaksemme tarjoamaan asiakkaillemme parhaiten jokaiselle sopivan sis\u00e4ll\u00f6n ja sevitt\u00e4\u00e4ksemme, mitk\u00e4 tavarat ja palvelut her\u00e4tt\u00e4v\u00e4t eniten kiinnostusta. T\u00e4ss\u00e4 tietosuojapolitiikkatiedotteessa yleistietoja pidet\u00e4\u00e4n nimett\u00f6min\u00e4 tietoina.\n<\/p>\n<h3>Henkil\u00f6tietojen k\u00e4ytt\u00f6<\/h3>\n<p>\nBeautyresidence.com voi k\u00e4ytt\u00e4\u00e4 henkil\u00f6tietojasi:\n<\/p>\n<ul>\n<li>t\u00e4m\u00e4n sivuston hallintaan;<\/li>\n<li>t\u00e4m\u00e4n sivuston personointiin;<\/li>\n<li>p\u00e4\u00e4syluvan my\u00f6nt\u00e4miseen ja sivuston tarjoamien palvelujen k\u00e4yt\u00f6n mahdollistamiseen;<\/li>\n<li>ostamasi tavaroiden toimittamiseen (toimituksiin liittyv\u00e4t tietosi luovutetaan logistiikka-alan yhteisty\u00f6kumppaneille);<\/li>\n<li>ostamasi palvelun tuottamiseen sinulle;<\/li>\n<li>laskujen ja ilmoitusten l\u00e4hett\u00e4miseen sinulle ja maksusi vastaanottamiseen;<\/li>\n<li>ilmoitusten ja uutiskirjeiden toimittamiseen sinulle, jos olet niit\u00e4 tilannut;<\/li>\n<li>saamiemme kyselyjen, palautteiden ja reklamaatioiden k\u00e4sittelyyn;<\/li>\n<\/ul>\n<p>\nJos olet j\u00e4tt\u00e4nyt s\u00e4hk\u00f6postisi, niin me voimme toimittaa sinulle uutiskirjeit\u00e4, uusien tavaroiden mainoksia, tietoja kampanjoista tai muita tietoja, joista mielest\u00e4mme voit olla kiinnostunut;<br \/>\nme voimme my\u00f6s k\u00e4ytt\u00e4\u00e4 henkil\u00f6tietojasi ottaaksemme sinuun yhteys ja pyyt\u00e4\u00e4ksemme luvan k\u00e4ytt\u00e4\u00e4 ostoshistoriaasi markkinointi- tai mainosmateriaaleissamme.\n<\/p>\n<h3>Mik\u00e4 on ev\u00e4ste?<\/h3>\n<p>\nEv\u00e4steet ovat verkkosivujen tietokoneellesi tai mobiililaitteellesi tallentamia pieni\u00e4 tiedostoja, jotka sis\u00e4lt\u00e4v\u00e4t sivustojen asetuksia ja kirjautumistiloja. Ev\u00e4steet ik\u00e4\u00e4n kuin muistavat konkreettisen kotisivun, tunnistavat sinut, kun vierailet sivustolla uudestaan ja auttavat palauttamaan asetuksesi, mink\u00e4 vuoksi sivusto tulee k\u00e4ytt\u00e4j\u00e4yst\u00e4v\u00e4llisemm\u00e4ksi. Lis\u00e4tietoja ev\u00e4steist\u00e4, niiden hallinnasta ja poistamisesta l\u00f6yd\u00e4t t\u00e4\u00e4lt\u00e4: http:\/\/www.aboutcookies.org.uk\/managing-cookies.\n<\/p>\n<p>\n    <u>Olennaiset Cookies<\/u> &#8211; N\u00e4m\u00e4 ev\u00e4steet ovat v\u00e4ltt\u00e4m\u00e4tt\u00f6mi\u00e4, jotta https:\/\/beautyresidence.com voi suorittaa perustoimintoja. N\u00e4it\u00e4 ovat esimerkiksi ev\u00e4steet, joita tarvitaan verkkosivuston sis\u00e4ll\u00f6n k\u00e4\u00e4nt\u00e4miseen k\u00e4ytt\u00e4j\u00e4n haluamalle kielelle ja ev\u00e4steasetusten tallentamiseen.\n<\/p>\n<p>\n    <u>Analytiikan Cookies<\/u> &#8211; N\u00e4m\u00e4 ovat luotettavien kolmansien osapuolten verkostojen (esim. Google Analytics, Yandex.Metrika jne.) asettamia ev\u00e4steit\u00e4, joiden avulla seurataan yksityiskohtia, kuten yksitt\u00e4isten k\u00e4vij\u00f6iden ja sivulatausten m\u00e4\u00e4r\u00e4\u00e4, jotta k\u00e4ytt\u00e4j\u00e4kokemusta voidaan parantaa.\n<\/p>\n<h3>Mill\u00e4 tavalla me k\u00e4yt\u00e4mme ev\u00e4steit\u00e4?<\/h3>\n<p>\nSivusto k\u00e4ytt\u00e4\u00e4 ev\u00e4steit\u00e4 muistaakseen:\n<\/p>\n<ul>\n<li>onko k\u00e4ytt\u00e4j\u00e4lle ilmoitettu ev\u00e4steiden k\u00e4yt\u00f6st\u00e4;<\/li>\n<li>milloin viimeksi sivustolla on ollut tapahtuma;<\/li>\n<li>haetut tiedot.<\/li>\n<\/ul>\n<h3>Olennaiset Cookies<\/h3>\n<p>\n    <u>_icl_current_language<\/u> \u2013 K\u00e4ytet\u00e4\u00e4n k\u00e4ytt\u00e4j\u00e4n kielen m\u00e4\u00e4ritt\u00e4miseen AJAX-pyynt\u00f6jen aikana (esim. tarjousten l\u00e4hett\u00e4minen jne.).\n<\/p>\n<p>\n    <u>wp-wpml_current_language<\/u> \u2013 K\u00e4ytet\u00e4\u00e4n nykyisen sivun kielen m\u00e4\u00e4ritt\u00e4miseen.\n<\/p>\n<p>\n    <u>wpml_browser_redirect_test<\/u> \u2013 K\u00e4ytet\u00e4\u00e4n sen m\u00e4\u00e4ritt\u00e4miseen, onko ev\u00e4steet k\u00e4yt\u00f6ss\u00e4.\n<\/p>\n<p>\n    <u>wpml_referer_url<\/u> \u2013 K\u00e4ytet\u00e4\u00e4n aiemmin k\u00e4ytetyn sivun url-osoitteen m\u00e4\u00e4ritt\u00e4miseen.\n<\/p>\n<p>\n    <u>_icl_visitor_lang_js<\/u> \u2013 Tallentaa uudelleenohjatun kielen.\n<\/p>\n<p>\n    <u>cck_cookie_settings<\/u> \u2013 K\u00e4ytet\u00e4\u00e4n k\u00e4ytt\u00e4j\u00e4n ev\u00e4steasetusten muistamiseen.\n<\/p>\n<h3>Analytiikan Cookies<\/h3>\n<h4>Yandex.Metrika<\/h4>\n<p>\n    <u>_ym_metrika_enabled<\/u> \u2013 Tarkistaa, onko muut Yandex.Metrica-ev\u00e4steet asennettu oikein.\n<\/p>\n<p>\n    <u>_ym_isad<\/u> \u2013 M\u00e4\u00e4ritt\u00e4\u00e4, onko k\u00e4ytt\u00e4j\u00e4ll\u00e4 mainosten esto.\n<\/p>\n<p>\n    <u>_ym_uid<\/u> \u2013 K\u00e4ytet\u00e4\u00e4n sivuston k\u00e4ytt\u00e4jien tunnistamiseen.\n<\/p>\n<p>\n    <u>_ym_d<\/u> \u2013 Tallentaa k\u00e4ytt\u00e4j\u00e4n ensimm\u00e4isen istunnon p\u00e4iv\u00e4m\u00e4\u00e4r\u00e4n.\n<\/p>\n<p>\n    <u>yabs-sid<\/u> \u2013 Istunnon ID.\n<\/p>\n<p>\n    <u>_ym_debug<\/u> \u2013 Osoittaa, ett\u00e4 debug-tila on aktiivinen.\n<\/p>\n<p>\n    <u>_ym_mp2_substs<\/u> \u2013 K\u00e4ytet\u00e4\u00e4n kohdesoittoa varten.\n<\/p>\n<p>\n    <u>_ym_visorc_*<\/u> \u2013 Mahdollistaa istunnon toiston toimimisen oikein.\n<\/p>\n<p>\n    <u>_ym_hostIndex<\/u> \u2013 Rajoittaa pyynt\u00f6jen m\u00e4\u00e4r\u00e4\u00e4.\n<\/p>\n<p>\n    <u>_ym_mp2_track<\/u> \u2013 K\u00e4ytet\u00e4\u00e4n kohdesoittoa varten.\n<\/p>\n<p>\n    <u>i, yandexuid, yuidss<\/u> \u2013 K\u00e4ytet\u00e4\u00e4n sivuston k\u00e4ytt\u00e4jien tunnistamiseen.\n<\/p>\n<p>\n    <u>ymex<\/u> \u2013 Tallentaa Yandex.Metrica-suorituskyky\u00e4 koskevia lis\u00e4tietoja: ID:n luomisen aika ja niiden vaihtoehtoiset arvot.\n<\/p>\n<p>\n    <u>usst<\/u> \u2013 Tallentaa aputietoja sivuston k\u00e4ytt\u00e4j\u00e4tunnusten synkronointia varten eri Yandex-verkkotunnusten v\u00e4lill\u00e4.\n<\/p>\n<p>\n    Lis\u00e4tietoja l\u00f6ytyy t\u00e4\u00e4lt\u00e4: https:\/\/yandex.com\/support\/metrica\/general\/cookie-usage.html\n<\/p>\n<h4>Google Analytics<\/h4>\n<p>\n    <u>_ga, _gid, _gat_*<\/u> \u2013 Google (Universal) Analytics, Google Inc:n tarjoama web-analyysipalvelu. (www.google.com). Google (Universal) Analytics k\u00e4ytt\u00e4\u00e4 menetelmi\u00e4, joiden avulla voimme analysoida verkkosivuston k\u00e4ytt\u00f6\u00e4 ja tunnistaa ja laskea verkkosivustomme k\u00e4vij\u00f6iden m\u00e4\u00e4r\u00e4n sek\u00e4 n\u00e4hd\u00e4, miten k\u00e4vij\u00e4t liikkuvat verkkosivustollamme, kun he k\u00e4ytt\u00e4v\u00e4t sit\u00e4.\n<\/p>\n<h4>Facebook Pixel<\/h4>\n<p>\n    K\u00e4yt\u00e4mme Facebook-pikseli\u00e4 k\u00e4ytt\u00e4j\u00e4n k\u00e4ytt\u00e4ytymisen seuraamiseen, mink\u00e4 ansiosta voimme l\u00e4hett\u00e4\u00e4 sinulle asiaankuuluvaa, kohdennettua mainontaa Facebookissa. Se on seurantapikseli, joka ker\u00e4\u00e4 sinusta tietoja, joita k\u00e4ytet\u00e4\u00e4n Facebook-mainosten kohderyhmien rakentamiseen ja optimointiin. Se ker\u00e4\u00e4 ja l\u00e4hett\u00e4\u00e4 esimerkiksi Facebookille tietoja, jotka on yhdistetty tunnisteeseen, kuten nimeesi tai IP-osoitteeseesi, koskien sit\u00e4, ett\u00e4 olet vieraillut sivustollamme ja mit\u00e4 napsautit.\n<\/p>\n<p>\n    Lis\u00e4tietoja Facebookin ev\u00e4steist\u00e4 l\u00f6yd\u00e4t t\u00e4\u00e4lt\u00e4: https:\/\/www.facebook.com\/policies\/cookies\/.\n<\/p>\n<h3>Kuinka ev\u00e4steet voi poistaa k\u00e4yt\u00f6st\u00e4?<\/h3>\n<p>\nHalutessasi voit poistaa ev\u00e4steet k\u00e4yt\u00f6st\u00e4. Lis\u00e4tietoja l\u00f6yd\u00e4t t\u00e4\u00e4lt\u00e4: www.aboutcookies.org. Voit poistaa tietokoneestasi kaikki ev\u00e4steet, sek\u00e4 suurimmassa osassa selaimista voit asetuksissa m\u00e4\u00e4r\u00e4t\u00e4 ev\u00e4steiden tallennuseston. Mutta t\u00e4ss\u00e4 tapauksessa sinun tulee joka kerta m\u00e4\u00e4r\u00e4t\u00e4 kaikki sivuston asetuksesi uudestaan k\u00e4sin, jolloin jotkut toiminnot ja palvelut mahdollisesti eiv\u00e4t toimi.\n<\/p>\n<p>\n    Yandex.Metrika-ev\u00e4steet voidaan my\u00f6s poistaa k\u00e4yt\u00f6st\u00e4 opt-out-lis\u00e4osan avulla: https:\/\/yandex.com\/support\/metrica\/general\/opt-out.html\n<\/p>\n<p>\n    Google Analyticsin ev\u00e4steet voidaan poistaa k\u00e4yt\u00f6st\u00e4 opt-out-lis\u00e4osan avulla: https:\/\/support.google.com\/analytics\/answer\/181881\n<\/p>\n<h3>Tietojen luovuttaminen<\/h3>\n<p>\nVoimme luovuttaa henkil\u00f6tiedot tietosuojapolitiikan mukaisiin tarkoituksiin. Voimme my\u00f6s luovuttaa henkil\u00f6tiedot:\n<\/p>\n<ul>\n<li>lain vaatimissa tapauksissa;<\/li>\n<li>kuluvan tai tulevan oikeudenk\u00e4ynnin yhteydess\u00e4;<\/li>\n<li>yhti\u00f6n lainmukaisten oikeuksien selvitt\u00e4misen, toteuttamisen tai suojaamisen yhteydess\u00e4 (sis. tietojen luovuttamisen huijauksen est\u00e4miseksi ja maksuihin liittyvien riskien pienent\u00e4miseksi)<\/li>\n<\/ul>\n<h3>Yhteystiedot<\/h3>\n<p>\nLiiketoiminnan harjoittaja: Beautyresidence O\u00dc, rek. numero 11741248<br \/>\nRekister\u00f6ity osoite: Harjumaa, Tallinn linn, J.Poska 45\/ L.Koidula 17, 10125<br \/>\nPerustelu: Beautyresidence O\u00dc:n lainmukaiset intressit\n<\/p>\n<p>\nHyv\u00e4ksym\u00e4ll\u00e4 Tietosuojapolitiikan asiakas hyv\u00e4ksyy my\u00f6s Beautyresidence O\u00dc:n oikeuden k\u00e4sitell\u00e4 asiakkaan henkil\u00f6tietoja. Asiakas voi milloin tahansa perua suostumuksensa joko sivustollamme tai l\u00e4hett\u00e4m\u00e4ll\u00e4 meille kirjallisen ilmoituksen asiasta. Suostumuksen antaminen ja peruminen eiv\u00e4t ole taannehtivia.\n<\/p>\n<p>\nJos sinulla on kysytt\u00e4v\u00e4\u00e4 tietosuojapolitiikastamme tai siit\u00e4, kuinka www.beautyresidence.com k\u00e4sittelee henkil\u00f6tietojasi, niin kysy meilt\u00e4 rohkeasti s\u00e4hk\u00f6postilla info@beautyresidence.com.<\/p>\n","protected":false},"excerpt":{"rendered":"<p>Tietosuojapolitiikka Beautyresidence O\u00dc suojaa asiakkaittensa ja www.beautyresidence.com-sivuston k\u00e4ytt\u00e4jien henkil\u00f6tietoja ja varmistaa niiden turvallisuuden. T\u00e4ss\u00e4 tietosuojatiedotteessa kerromme siit\u00e4, mitka henkil\u00f6tiedot www.beautyresidence.com ker\u00e4\u00e4 ja mill\u00e4 tavalla www.beautyresidence.com k\u00e4ytt\u00e4\u00e4 henkil\u00f6tietoja. Beautyresidence.com voi p\u00e4ivitt\u00e4\u00e4 tietosuojapolitiikkansa, jolloin uusi tiedote julkaistaan sivustolle. K\u00e4y joskus t\u00e4ll\u00e4 sivulla ja olet tietoinen kaikista muutoksesta. www.beautyresidence.com-sivusto k\u00e4sittelee, julkaisee, s\u00e4ilytt\u00e4\u00e4 ja k\u00e4ytt\u00e4\u00e4 henkil\u00f6tietoja turvallisesti, rehellisesti ja [&#8230;]\n","protected":false},"author":258,"featured_media":0,"parent":0,"menu_order":0,"comment_status":"closed","ping_status":"open","template":"","meta":{"yasr_overall_rating":0,"yasr_post_is_review":"","yasr_auto_insert_disabled":"","yasr_review_type":"","footnotes":""},"yasr_visitor_votes":{"number_of_votes":0,"sum_votes":0,"stars_attributes":{"read_only":true,"span_bottom":"<div class='yasr-small-block-bold'><span class='yasr-visitor-votes-must-sign-in'><\/span><\/div>"}},"_links":{"self":[{"href":"https:\/\/beautyresidence.com\/fi\/wp-json\/wp\/v2\/pages\/1906"}],"collection":[{"href":"https:\/\/beautyresidence.com\/fi\/wp-json\/wp\/v2\/pages"}],"about":[{"href":"https:\/\/beautyresidence.com\/fi\/wp-json\/wp\/v2\/types\/page"}],"author":[{"embeddable":true,"href":"https:\/\/beautyresidence.com\/fi\/wp-json\/wp\/v2\/users\/258"}],"replies":[{"embeddable":true,"href":"https:\/\/beautyresidence.com\/fi\/wp-json\/wp\/v2\/comments?post=1906"}],"version-history":[{"count":3,"href":"https:\/\/beautyresidence.com\/fi\/wp-json\/wp\/v2\/pages\/1906\/revisions"}],"predecessor-version":[{"id":5675,"href":"https:\/\/beautyresidence.com\/fi\/wp-json\/wp\/v2\/pages\/1906\/revisions\/5675"}],"wp:attachment":[{"href":"https:\/\/beautyresidence.com\/fi\/wp-json\/wp\/v2\/media?parent=1906"}],"curies":[{"name":"wp","href":"https:\/\/api.w.org\/{rel}","templated":true}]}}