{"id":1423,"date":"2018-08-15T13:50:51","date_gmt":"2018-08-15T10:50:51","guid":{"rendered":"https:\/\/beautyresidence.nma.ee\/faq\/"},"modified":"2021-09-07T16:08:00","modified_gmt":"2021-09-07T13:08:00","slug":"faq","status":"publish","type":"page","link":"https:\/\/beautyresidence.com\/fi\/faq\/","title":{"rendered":"FAQ"},"content":{"rendered":"\n\t<section class=\"section no-padding-section\" id=\"section_1581968344\">\n\t\t<div class=\"bg section-bg fill bg-fill  bg-loaded\" >\n\n\t\t\t\n\t\t\t\n\t\t\t\n\n\t\t<\/div>\n\n\t\t<div class=\"section-content relative\">\n\t\t\t\n\n<div class=\"row row-collapse\"  id=\"row-2085577129\">\n\n\n\t<div id=\"col-1754423673\" class=\"col medium-12 small-12 large-6\"  data-animate=\"fadeInLeft\">\n\t\t\t\t<div class=\"col-inner\"  >\n\t\t\t\n\t\t\t\n\n\n  <div class=\"banner has-hover\" id=\"banner-148521683\">\n          <div class=\"banner-inner fill\">\n        <div class=\"banner-bg fill\" >\n            <div class=\"bg fill bg-fill \"><\/div>\n                                    \n                    <\/div>\n        <div class=\"banner-layers container\">\n            <div class=\"fill banner-link\"><\/div>            \n\n   <div id=\"text-box-1083239611\" class=\"text-box banner-layer x50 md-x50 lg-x50 y50 md-y50 lg-y50 res-text\">\n                                <div class=\"text-box-content text dark\">\n              \n              <div class=\"text-inner text-left\">\n                  \n\n<h1 class=\"uppercase\"><strong>FAQ<\/strong><\/h1>\n<h2><span style=\"font-size: 90%;\"> Usein kysytyt kysymykset <\/span><\/h2>\n<p><span style=\"font-size: 160%; color: #ffffff;\">T\u00e4m\u00e4 osio sis\u00e4lt\u00e4\u00e4 usein kysytyt kysymykset ja vastaukset myym\u00e4l\u00e4st\u00e4mme. Jos sinulla on kysytt\u00e4v\u00e4, niin voi olla, ett\u00e4 Ellet kuitenkaan ole l\u00f6yt\u00e4nyt vastausta kysymykseesi, niin soita tai kirjoita meille. joku on jo kysynyt samaa ja l\u00f6yd\u00e4t vastauksen nopeasti.<br \/><\/span><\/p>\n\t<div id=\"gap-1050411868\" class=\"gap-element clearfix\" style=\"display:block; height:auto;\">\n\t\t\n<style>\n#gap-1050411868 {\n  padding-top: 10px;\n}\n<\/style>\n\t<\/div>\n\t\n\n<a href=\"https:\/\/beautyresidence.com\/fi\/yhteystiedot\/\" target=\"_self\" class=\"button primary is-xlarge lowercase\"  >\n    <span>Kysy meilt\u00e4<\/span>\n  <\/a>\n\n\n<a href=\"tel:+3726444003\" target=\"_self\" class=\"button white is-outline is-xlarge lowercase\"  >\n    <span>Soita meille<\/span>\n  <\/a>\n\n\n\n              <\/div>\n           <\/div>\n                            \n<style>\n#text-box-1083239611 {\n  width: 73%;\n}\n#text-box-1083239611 .text-box-content {\n  font-size: 100%;\n}\n<\/style>\n    <\/div>\n \n\n        <\/div>\n      <\/div>\n\n            \n<style>\n#banner-148521683 {\n  padding-top: 600px;\n  background-color: #8db7c4;\n}\n@media (min-width:850px) {\n  #banner-148521683 {\n    padding-top: 400px;\n  }\n}\n<\/style>\n  <\/div>\n\n\n\n\t\t<\/div>\n\t\t\t\t\t<\/div>\n\n\t\n\n\t<div id=\"col-2126669942\" class=\"col hide-for-medium medium-6 small-12 large-6\"  >\n\t\t\t\t<div class=\"col-inner\"  >\n\t\t\t\n\t\t\t\n\n\t<div class=\"img has-hover x md-x lg-x y md-y lg-y\" id=\"image_191825745\">\n\t\t\t\t\t\t<div data-animate=\"fadeInRight\">\t\t<div class=\"img-inner image-cover dark\" style=\"padding-top:400px;\">\n\t\t\t<img decoding=\"async\" width=\"1504\" height=\"1000\" src=\"https:\/\/beautyresidence.com\/wp-content\/uploads\/2018\/08\/skin-care-therapist-diploma-2.jpg\" class=\"attachment-original size-original\" alt=\"\" srcset=\"https:\/\/beautyresidence.com\/wp-content\/uploads\/2018\/08\/skin-care-therapist-diploma-2.jpg 1504w, https:\/\/beautyresidence.com\/wp-content\/uploads\/2018\/08\/skin-care-therapist-diploma-2-300x199.jpg 300w, https:\/\/beautyresidence.com\/wp-content\/uploads\/2018\/08\/skin-care-therapist-diploma-2-768x511.jpg 768w, https:\/\/beautyresidence.com\/wp-content\/uploads\/2018\/08\/skin-care-therapist-diploma-2-1024x681.jpg 1024w, https:\/\/beautyresidence.com\/wp-content\/uploads\/2018\/08\/skin-care-therapist-diploma-2-600x399.jpg 600w\" sizes=\"(max-width: 1504px) 100vw, 1504px\" \/>\t\t\t\t\t\t\n\t\t\t\t\t<\/div>\n\t\t<\/div>\t\t\t\t\t\t\n<style>\n#image_191825745 {\n  width: 100%;\n}\n<\/style>\n\t<\/div>\n\t\n\n\n\t\t<\/div>\n\t\t\t\t\t<\/div>\n\n\t\n\n<\/div>\n\n\t\t<\/div>\n\n\t\t\n<style>\n#section_1581968344 {\n  padding-top: 80px;\n  padding-bottom: 80px;\n}\n<\/style>\n\t<\/section>\n\t\n\t<section class=\"section\" id=\"section_160802485\">\n\t\t<div class=\"bg section-bg fill bg-fill  bg-loaded\" >\n\n\t\t\t\n\t\t\t\n\t\t\t\n\n\t\t<\/div>\n\n\t\t<div class=\"section-content relative\">\n\t\t\t\n\n<div class=\"row row-collapse\"  id=\"row-417272013\">\n\n\n\t<div id=\"col-1897307205\" class=\"col small-12 large-12\"  >\n\t\t\t\t<div class=\"col-inner\"  >\n\t\t\t\n\t\t\t\n\n<div class=\"accordion\" rel=\"\">\n\n<div class=\"accordion-item\"><a href=\"#\" class=\"accordion-title plain\"><button class=\"toggle\"><i class=\"icon-angle-down\"><\/i><\/button><span>Mihin te toimitatte tuotteita?<\/span><\/a><div class=\"accordion-inner\">\n\n<p>Toimitamme tuotteita Viroon ja ulkomaille.<\/p>\n\n<\/div><\/div>\n<div class=\"accordion-item\"><a href=\"#\" class=\"accordion-title plain\"><button class=\"toggle\"><i class=\"icon-angle-down\"><\/i><\/button><span>Onko teill\u00e4 tuotesertifikaatteja?<\/span><\/a><div class=\"accordion-inner\">\n\n<p>Valikoimamme sis\u00e4lt\u00e4\u00e4 vain alkuper\u00e4iset sertifioidut tuotteet.<\/p>\n\n<\/div><\/div>\n<div class=\"accordion-item\"><a href=\"#\" class=\"accordion-title plain\"><button class=\"toggle\"><i class=\"icon-angle-down\"><\/i><\/button><span>Voiko yksityinen henkil\u00f6 ostaa ammattikosmetiikkaa tai -hoitolaitteita?<\/span><\/a><div class=\"accordion-inner\">\n\n<p>Kyll\u00e4 my\u00f6s yksityinen henkil\u00f6 voi ostaa ammattikosmetiikkaa tai -hoitolaitteita.<\/p>\n\n<\/div><\/div>\n<div class=\"accordion-item\"><a href=\"#\" class=\"accordion-title plain\"><button class=\"toggle\"><i class=\"icon-angle-down\"><\/i><\/button><span>Annatteko takuun hoitolaitteisiin? Mik\u00e4 on takuuaika?<\/span><\/a><div class=\"accordion-inner\">\n\n<p>Takuuaika hoitolaitteisiin on vuodesta kahteen riippuen hoitolaitteen lajista.<\/p>\n\n<\/div><\/div>\n<div class=\"accordion-item\"><a href=\"#\" class=\"accordion-title plain\"><button class=\"toggle\"><i class=\"icon-angle-down\"><\/i><\/button><span>Mik\u00e4li kotisivuillanne esitetyist\u00e4 tietyn br\u00e4ndin tuotteista puuttuu tuote jostakin sarjasta, voiko tilata sen erikseen?<\/span><\/a><div class=\"accordion-inner\">\n\n<p>Ellet ole l\u00f6yt\u00e4nyt myym\u00e4l\u00e4mme valikoimasta haluamaasi tuotetta, niin soita meille tai l\u00e4het\u00e4 s\u00e4hk\u00f6posti.<\/p>\n\n<\/div><\/div>\n<div class=\"accordion-item\"><a href=\"#\" class=\"accordion-title plain\"><button class=\"toggle\"><i class=\"icon-angle-down\"><\/i><\/button><span>Milloin voi ostaa uudistetun Princess-br\u00e4ndin tuotteita (uusi nimi Saypha)?<\/span><\/a><div class=\"accordion-inner\">\n\n<p>Beautyresidence O\u00dc on Chroma Pharma -tuotteiden virallinen maahantuoja Baltian maissa. Saypha\u00ae -tuotteet toimitetaan kaikille virallisille maahantuojille Euroopassa tammikuusta 2019 alkaen.<\/p>\n\n<\/div><\/div>\n<div class=\"accordion-item\"><a href=\"#\" class=\"accordion-title plain\"><button class=\"toggle\"><i class=\"icon-angle-down\"><\/i><\/button><span>Miksi alkuper\u00e4inen hinta verkkosivulla eroaa hinnasta tilauksen loppusummasta?<\/span><\/a><div class=\"accordion-inner\">\n\n<p>Koska hintaan lis\u00e4t\u00e4\u00e4n arvonlis\u00e4vero.<\/p>\n\n<\/div><\/div>\n<div class=\"accordion-item\"><a href=\"#\" class=\"accordion-title plain\"><button class=\"toggle\"><i class=\"icon-angle-down\"><\/i><\/button><span>Onko mahdollista omistaa yritys- sek\u00e4 henkil\u00f6kohtainen tili samanaikaisesti?<\/span><\/a><div class=\"accordion-inner\">\n\n<p>Ei, sinulla voi olla vain yksi tili kerrallaan: joko yritystili tai\nhenkil\u00f6kohtainen.<\/p>\n\n<\/div><\/div>\n\n<\/div>\n\t<div id=\"gap-1482043781\" class=\"gap-element clearfix\" style=\"display:block; height:auto;\">\n\t\t\n<style>\n#gap-1482043781 {\n  padding-top: 70px;\n}\n<\/style>\n\t<\/div>\n\t\n\n\n\t\t<\/div>\n\t\t\t\t\t<\/div>\n\n\t\n\n<\/div>\n\n\t\t<\/div>\n\n\t\t\n<style>\n#section_160802485 {\n  padding-top: 0px;\n  padding-bottom: 0px;\n}\n<\/style>\n\t<\/section>\n\t\n\n","protected":false},"excerpt":{"rendered":"","protected":false},"author":2,"featured_media":0,"parent":0,"menu_order":0,"comment_status":"closed","ping_status":"closed","template":"page-blank.php","meta":{"yasr_overall_rating":0,"yasr_post_is_review":"","yasr_auto_insert_disabled":"","yasr_review_type":"","footnotes":""},"yasr_visitor_votes":{"number_of_votes":0,"sum_votes":0,"stars_attributes":{"read_only":true,"span_bottom":"<div class='yasr-small-block-bold'><span class='yasr-visitor-votes-must-sign-in'><\/span><\/div>"}},"_links":{"self":[{"href":"https:\/\/beautyresidence.com\/fi\/wp-json\/wp\/v2\/pages\/1423"}],"collection":[{"href":"https:\/\/beautyresidence.com\/fi\/wp-json\/wp\/v2\/pages"}],"about":[{"href":"https:\/\/beautyresidence.com\/fi\/wp-json\/wp\/v2\/types\/page"}],"author":[{"embeddable":true,"href":"https:\/\/beautyresidence.com\/fi\/wp-json\/wp\/v2\/users\/2"}],"replies":[{"embeddable":true,"href":"https:\/\/beautyresidence.com\/fi\/wp-json\/wp\/v2\/comments?post=1423"}],"version-history":[{"count":10,"href":"https:\/\/beautyresidence.com\/fi\/wp-json\/wp\/v2\/pages\/1423\/revisions"}],"predecessor-version":[{"id":5555,"href":"https:\/\/beautyresidence.com\/fi\/wp-json\/wp\/v2\/pages\/1423\/revisions\/5555"}],"wp:attachment":[{"href":"https:\/\/beautyresidence.com\/fi\/wp-json\/wp\/v2\/media?parent=1423"}],"curies":[{"name":"wp","href":"https:\/\/api.w.org\/{rel}","templated":true}]}}