{"id":1414,"date":"2018-08-14T22:48:49","date_gmt":"2018-08-14T19:48:49","guid":{"rendered":"https:\/\/beautyresidence.nma.ee\/about-us\/"},"modified":"2026-03-11T19:47:23","modified_gmt":"2026-03-11T17:47:23","slug":"meista","status":"publish","type":"page","link":"https:\/\/beautyresidence.com\/fi\/meista\/","title":{"rendered":"Meist\u00e4"},"content":{"rendered":"\t<section class=\"section no-padding-section bg-h-full\" id=\"section_1925428983\">\n\t\t<div class=\"bg section-bg fill bg-fill  \" >\n\n\t\t\t\n\t\t\t\n\t\t\t\n\n\t\t<\/div>\n\n\t\t<div class=\"section-content relative\">\n\t\t\t\n<div class=\"row row-collapse\"  id=\"row-1303567182\">\n\n\t<div id=\"col-1608828574\" class=\"col medium-12 small-12 large-6\"  data-animate=\"fadeInLeft\">\n\t\t\t\t<div class=\"col-inner box-shadow-5\"  >\n\t\t\t\n\t\t\t\n\n  <div class=\"banner has-hover\" id=\"banner-512579059\">\n          <div class=\"banner-inner fill\">\n        <div class=\"banner-bg fill\" >\n            <div class=\"bg fill bg-fill \"><\/div>\n                                    \n                    <\/div>\n        <div class=\"banner-layers container\">\n            <div class=\"fill banner-link\"><\/div>            \n   <div id=\"text-box-749408561\" class=\"text-box banner-layer x50 md-x50 lg-x50 y50 md-y50 lg-y50 res-text\">\n                                <div class=\"text-box-content text \">\n              \n\t<div class=\"is-border\"\n\t\tstyle=\"border-color:rgb(229, 178, 158);border-width:2px 2px 2px 2px;margin:-34px -40px -43px -40px;\">\n\t<\/div>\n              <div class=\"text-inner text-center\">\n                  \n\t<div id=\"gap-1306423960\" class=\"gap-element clearfix\" style=\"display:block; height:auto;\">\n\t\t\n<style>\n#gap-1306423960 {\n  padding-top: 16px;\n}\n<\/style>\n\t<\/div>\n\t\n\t<div class=\"img has-hover x md-x lg-x y md-y lg-y\" id=\"image_1053585387\">\n\t\t\t\t\t\t\t\t<div class=\"img-inner dark\" >\n\t\t\t<img decoding=\"async\" width=\"800\" height=\"800\" src=\"https:\/\/beautyresidence.com\/wp-content\/uploads\/2019\/04\/N.png\" class=\"attachment-original size-original\" alt=\"\" srcset=\"https:\/\/beautyresidence.com\/wp-content\/uploads\/2019\/04\/N.png 800w, https:\/\/beautyresidence.com\/wp-content\/uploads\/2019\/04\/N-150x150.png 150w, https:\/\/beautyresidence.com\/wp-content\/uploads\/2019\/04\/N-300x300.png 300w, https:\/\/beautyresidence.com\/wp-content\/uploads\/2019\/04\/N-768x768.png 768w, https:\/\/beautyresidence.com\/wp-content\/uploads\/2019\/04\/N-600x600.png 600w, https:\/\/beautyresidence.com\/wp-content\/uploads\/2019\/04\/N-100x100.png 100w\" sizes=\"(max-width: 800px) 100vw, 800px\" \/>\t\t\t\t\t\t\n\t\t\t\t\t<\/div>\n\t\t\t\t\t\t\t\t\n<style>\n#image_1053585387 {\n  width: 42%;\n}\n<\/style>\n\t<\/div>\n\t\n\t<div id=\"gap-2142129040\" class=\"gap-element clearfix\" style=\"display:block; height:auto;\">\n\t\t\n<style>\n#gap-2142129040 {\n  padding-top: 30px;\n}\n<\/style>\n\t<\/div>\n\t\n<h3><strong><span style=\"font-size: 110%;\"> \u201cMit\u00e4 enemm\u00e4n vanhenemme, sit\u00e4 enemm\u00e4n n\u00e4kyy ajan j\u00e4tt\u00e4m\u00e4 j\u00e4lki. Taistelumme ik\u00e4\u00e4ntymist\u00e4 vastaan vaatii yh\u00e4 tehokkaampia keinoja\u201d <\/span><\/strong><\/h3>\n<h4 class=\"thin-font\"><span style=\"font-size: 115%;\"> Natalia Lans, Beautyresidence, johtaja <\/span><\/h4>\n              <\/div>\n           <\/div>\n                            \n<style>\n#text-box-749408561 {\n  width: 84%;\n}\n#text-box-749408561 .text-box-content {\n  font-size: 100%;\n}\n<\/style>\n    <\/div>\n \n        <\/div>\n      <\/div>\n\n            \n<style>\n#banner-512579059 {\n  padding-top: 700px;\n  background-color: rgb(249, 249, 251);\n}\n@media (min-width:550px) {\n  #banner-512579059 {\n    padding-top: 810px;\n  }\n}\n@media (min-width:850px) {\n  #banner-512579059 {\n    padding-top: 572px;\n  }\n}\n<\/style>\n  <\/div>\n\n\n\t\t<\/div>\n\t\t\t\t\t<\/div>\n\n\t\n\n\t<div id=\"col-1857838750\" class=\"col medium-6 small-12 large-6\"  >\n\t\t\t\t<div class=\"col-inner\"  >\n\t\t\t\n\t\t\t\n\t\t<\/div>\n\t\t\t\t\t<\/div>\n\n\t\n<\/div>\n\t\t<\/div>\n\n\t\t\n<style>\n#section_1925428983 {\n  padding-top: 80px;\n  padding-bottom: 80px;\n  background-color: rgb(255, 255, 255);\n}\n#section_1925428983 .section-bg.bg-loaded {\n  background-image: url(https:\/\/beautyresidence.com\/wp-content\/uploads\/2026\/03\/2.jpg);\n}\n#section_1925428983 .section-bg {\n  background-position: 100% 0%;\n}\n<\/style>\n\t<\/section>\n\t\n\t<section class=\"section\" id=\"section_1904949755\">\n\t\t<div class=\"bg section-bg fill bg-fill  bg-loaded\" >\n\n\t\t\t\n\t\t\t\n\t\t\t\n\n\t\t<\/div>\n\n\t\t<div class=\"section-content relative\">\n\t\t\t\n\t<div id=\"gap-950233322\" class=\"gap-element clearfix\" style=\"display:block; height:auto;\">\n\t\t\n<style>\n#gap-950233322 {\n  padding-top: 80px;\n}\n<\/style>\n\t<\/div>\n\t\n<div class=\"row row-large\"  id=\"row-320322717\">\n\n\t<div id=\"col-667856735\" class=\"col medium-12 small-12 large-12\"  >\n\t\t\t\t<div class=\"col-inner\"  >\n\t\t\t\n\t\t\t\n<h2>Yhti\u00f6st\u00e4<\/h2>\n<p class=\"p1\"><span class=\"s1\" style=\"font-size: 95%;\">Beautyresidence on kansainv\u00e4linen nykytekniikkoja edustavien ammattilaiseen k\u00e4ytt\u00f6\u00f6n tarkoitettujen hoitolaitteiden ja innovatiivisten valmisteiden ja kasvoja ja vartaloa hoitavan ammattikosmetiikan toimittaja.<\/span><\/p>\n<p class=\"p1\"><span class=\"s1\" style=\"font-size: 95%;\">Hoitolaitteet ja tuotteet on tarkoitettu ammattilaisten k\u00e4ytt\u00f6\u00f6n, mink\u00e4 vuoksi me tarjoamme my\u00f6s laajennetun koulutuksen kosmetologille ja kosmeetikoille.<\/span><\/p>\n<p class=\"p1\"><span class=\"s1\" style=\"font-size: 95%;\">Esteettisen alan ammattilaiset voivat saada keskuksessamme t\u00e4ydent\u00e4v\u00e4n tai lis\u00e4koulutuksen.<\/span><\/p>\n<p class=\"p1\"><span class=\"s1\" style=\"font-size: 95%;\">Tarjoamme yhteisty\u00f6kumppaneillemme toimivan ja jatkuvasti kehittyv\u00e4n konseption, laadukaan ja laajan koulutuksen, harkitun palvelu- ja tuotevalikoiman, jatkuvaa tukea ja markkinointistrategian.<\/span><\/p>\n\t\t<\/div>\n\t\t\t\t\t<\/div>\n\n\t\n\n\t<div id=\"col-475355142\" class=\"col medium-12 small-12 large-12\"  >\n\t\t\t\t<div class=\"col-inner\"  >\n\t\t\t\n\t\t\t\n<h2>Tiimist\u00e4mme<\/h2>\n<p class=\"p1\"><span class=\"s1\" style=\"font-size: 95%;\">Tiimimme filosofia on osaamistamme k\u00e4ytt\u00e4en tarjota parhaat tekniikat ja tuotteet.<\/span><\/p>\n<p class=\"p1\"><span class=\"s1\" style=\"font-size: 95%;\">Me kannatamme ammattilaisten tekemi\u00e4 parhaita nykyaikaa edustavia hoitoja, joiden tehokkaiden eikirurgisten menetelmien kehitt\u00e4miseen osallistuvat alansa ammattilaiset dermatologit ja -kosmetologit. <\/span><\/p>\n<p class=\"p1\"><span class=\"s1\" style=\"font-size: 95%;\">Tervetuloa asiakkaana, yhteysty\u00f6kumppanina tai ammattilaisena.<\/span><\/p>\n<p class=\"p1\"><span class=\"s1\" style=\"font-size: 95%;\">Sinun Beautyresidencesi.<\/span><\/p>\n\t\t<\/div>\n\t\t\t\t\t<\/div>\n\n\t\n<\/div>\n\t<div id=\"gap-1370906557\" class=\"gap-element clearfix\" style=\"display:block; height:auto;\">\n\t\t\n<style>\n#gap-1370906557 {\n  padding-top: 30px;\n}\n<\/style>\n\t<\/div>\n\t\n\t\t<\/div>\n\n\t\t\n<style>\n#section_1904949755 {\n  padding-top: 0px;\n  padding-bottom: 0px;\n}\n<\/style>\n\t<\/section>\n\t\n\t<section class=\"section\" id=\"section_1448018247\">\n\t\t<div class=\"bg section-bg fill bg-fill  bg-loaded\" >\n\n\t\t\t\n\t\t\t\n\t\t\t\n\n\t\t<\/div>\n\n\t\t<div class=\"section-content relative\">\n\t\t\t\n<div class=\"slider-wrapper relative\" id=\"slider-652295097\" >\n    <div class=\"slider slider-nav-simple slider-nav-normal slider-nav-dark slider-style-normal slider-show-nav\"\n        data-flickity-options='{\n            \"cellAlign\": \"center\",\n            \"imagesLoaded\": true,\n            \"lazyLoad\": 1,\n            \"freeScroll\": false,\n            \"wrapAround\": true,\n            \"autoPlay\": 6000,\n            \"pauseAutoPlayOnHover\" : true,\n            \"prevNextButtons\": true,\n            \"contain\" : true,\n            \"adaptiveHeight\" : true,\n            \"dragThreshold\" : 10,\n            \"percentPosition\": true,\n            \"pageDots\": false,\n            \"rightToLeft\": false,\n            \"draggable\": true,\n            \"selectedAttraction\": 0.1,\n            \"parallax\" : 0,\n            \"friction\": 0.6        }'\n        >\n        \n\t<div class=\"img has-hover x md-x lg-x y md-y lg-y\" id=\"image_239222847\">\n\t\t\t\t\t\t\t\t<div class=\"img-inner dark\" >\n\t\t\t<img decoding=\"async\" width=\"1500\" height=\"450\" src=\"https:\/\/beautyresidence.com\/wp-content\/uploads\/2026\/03\/about-us.png\" class=\"attachment-original size-original\" alt=\"\" srcset=\"https:\/\/beautyresidence.com\/wp-content\/uploads\/2026\/03\/about-us.png 1500w, https:\/\/beautyresidence.com\/wp-content\/uploads\/2026\/03\/about-us-300x90.png 300w, https:\/\/beautyresidence.com\/wp-content\/uploads\/2026\/03\/about-us-1024x307.png 1024w, https:\/\/beautyresidence.com\/wp-content\/uploads\/2026\/03\/about-us-768x230.png 768w, https:\/\/beautyresidence.com\/wp-content\/uploads\/2026\/03\/about-us-600x180.png 600w\" sizes=\"(max-width: 1500px) 100vw, 1500px\" \/>\t\t\t\t\t\t\n\t\t\t\t\t<\/div>\n\t\t\t\t\t\t\t\t\n<style>\n#image_239222847 {\n  width: 100%;\n}\n<\/style>\n\t<\/div>\n\t\n     <\/div>\n\n     <div class=\"loading-spin dark large centered\"><\/div>\n\n     \t<\/div>\n\n\n\t\t<\/div>\n\n\t\t\n<style>\n#section_1448018247 {\n  padding-top: 0px;\n  padding-bottom: 0px;\n}\n<\/style>\n\t<\/section>\n\t\n\t<section class=\"section\" id=\"section_947032014\">\n\t\t<div class=\"bg section-bg fill bg-fill  bg-loaded\" >\n\n\t\t\t\n\t\t\t\n\t\t\t\n\n\t\t<\/div>\n\n\t\t<div class=\"section-content relative\">\n\t\t\t\n\t<div id=\"gap-268401869\" class=\"gap-element clearfix\" style=\"display:block; height:auto;\">\n\t\t\n<style>\n#gap-268401869 {\n  padding-top: 80px;\n}\n<\/style>\n\t<\/div>\n\t\n<div class=\"row\"  id=\"row-612897264\">\n\n\t<div id=\"col-34389257\" class=\"col small-12 large-12\"  >\n\t\t\t\t<div class=\"col-inner\"  >\n\t\t\t\n\t\t\t\n<div class=\"container section-title-container\" ><h3 class=\"section-title section-title-center\"><b><\/b><span class=\"section-title-main\" >Tuotteemme<\/span><b><\/b><\/h3><\/div>\n\t<div id=\"gap-702321594\" class=\"gap-element clearfix\" style=\"display:block; height:auto;\">\n\t\t\n<style>\n#gap-702321594 {\n  padding-top: 30px;\n}\n<\/style>\n\t<\/div>\n\t\n<div class=\"row row-large\"  id=\"row-27140911\">\n\n\t<div id=\"col-185707220\" class=\"col medium-12 small-12 large-6\"  >\n\t\t\t\t<div class=\"col-inner\"  >\n\t\t\t\n\t\t\t\n\n\t\t<div class=\"icon-box featured-box icon-box-left text-left\"  >\n\t\t\t\t\t<div class=\"icon-box-img\" style=\"width: 60px\">\n\t\t\t\t<div class=\"icon\">\n\t\t\t\t\t<div class=\"icon-inner\" style=\"color:rgb(229, 178, 158);\">\n\t\t\t\t\t\t<?xml version=\"1.0\" encoding=\"utf-8\"?>\r\n<!-- Generator: Adobe Illustrator 21.0.0, SVG Export Plug-In . SVG Version: 6.00 Build 0)  -->\r\n<svg version=\"1.1\" id=\"Layer_1\" xmlns=\"http:\/\/www.w3.org\/2000\/svg\" xmlns:xlink=\"http:\/\/www.w3.org\/1999\/xlink\" x=\"0px\" y=\"0px\"\r\n\t viewBox=\"0 0 496 496\" style=\"enable-background:new 0 0 496 496;\" xml:space=\"preserve\">\r\n<g>\r\n\t<g>\r\n\t\t<g>\r\n\t\t\t<path d=\"M248,304c-22.1,0-40,17.9-40,40s17.9,40,40,40s40-17.9,40-40S270.1,304,248,304z M248,368c-13.2,0-24-10.8-24-24\r\n\t\t\t\ts10.8-24,24-24s24,10.8,24,24S261.2,368,248,368z\"\/>\r\n\t\t\t<path d=\"M400.3,379.9l10.4,12.1c7.4-6.3,11.2-10.6,11.3-10.8l-12-10.5C410,370.8,406.7,374.5,400.3,379.9z\"\/>\r\n\t\t\t<path d=\"M310.1,424.7l3.8,15.5c39.6-9.6,68.2-26.5,85.2-39l-9.5-12.9C373.8,400,347.1,415.7,310.1,424.7z\"\/>\r\n\t\t\t<rect x=\"336\" y=\"80\" width=\"16\" height=\"16\"\/>\r\n\t\t\t<rect x=\"144\" y=\"80\" width=\"16\" height=\"16\"\/>\r\n\t\t\t<rect x=\"240\" y=\"24\" width=\"16\" height=\"16\"\/>\r\n\t\t\t<path d=\"M456.4,282.5c4.9-11.1,7.6-23.1,7.6-35.6v-59.5l21.4-21.4c6.8-6.9,10.6-16,10.6-25.7c0-20-16.3-36.3-36.3-36.3\r\n\t\t\t\tc-9.7,0-18.8,3.8-25.7,10.6L408,140.7V104h-32V72c0-8.8-7.2-16-16-16h-32c-8.8,0-16,7.2-16,16v32h-16V48h-16V16\r\n\t\t\t\tc0-8.8-7.2-16-16-16h-32c-8.8,0-16,7.2-16,16v32h-16v56h-16V72c0-8.8-7.2-16-16-16h-32c-8.8,0-16,7.2-16,16v32H88v36.7\r\n\t\t\t\tl-26.1-26.1c-6.8-6.8-16-10.6-25.7-10.6C16.3,104,0,120.3,0,140.3c0,9.7,3.8,18.8,10.6,25.7L32,187.3v59.5\r\n\t\t\t\tc0,12.5,2.7,24.5,7.6,35.6C16.7,289.5,0,310.8,0,336v72c0,48.5,39.5,88,88,88h320c48.5,0,88-39.5,88-88v-72\r\n\t\t\t\tC496,310.8,479.3,289.5,456.4,282.5z M445.4,125.9c3.8-3.8,8.9-5.9,14.3-5.9c11.2,0,20.3,9.1,20.3,20.3c0,5.4-2.1,10.5-5.9,14.3\r\n\t\t\t\tL313.8,314.9c-5.6-12.7-14.8-23.5-26.3-31L445.4,125.9z M304,344c0,30.9-25.1,56-56,56s-56-25.1-56-56s25.1-56,56-56\r\n\t\t\t\tS304,313.1,304,344z M328,72h32v32h-32V72z M296,136v-16h16h24v48h16v-48h24h16v36.7l-40,40V184h-16v28.7l-16,16v-24.4\r\n\t\t\t\tc0-15.7-10-28.9-24-34V136z M280,64v40v32v32.4c-8.3,0.8-16,4.3-21.9,10.3l-2.1,2.1V64H280z M232,16h32v32h-32V16z M216,104V64\r\n\t\t\t\th24v116.7l-2.1-2.1c-6-6-13.7-9.4-21.9-10.3V104z M212.3,184c5.4,0,10.5,2.1,14.3,5.9l21.4,21.4l21.4-21.4\r\n\t\t\t\tc3.8-3.8,8.9-5.9,14.3-5.9c11.2,0,20.3,9.1,20.3,20.3v40.4l-31.6,31.6c-5.2-1.9-10.7-3.2-16.4-3.9V232h-16v40.5\r\n\t\t\t\tc-5.7,0.6-11.1,2-16.4,3.9L192,244.7v-40.4C192,193.1,201.1,184,212.3,184z M184,120h16v50.3c-14,5.1-24,18.3-24,34v24.4l-16-16\r\n\t\t\t\tV120H184z M136,72h32v32h-32V72z M104,120h16h24v76.7l-40-40V120z M21.9,154.6c-3.8-3.8-5.9-8.9-5.9-14.3\r\n\t\t\t\tc0-11.2,9.1-20.3,20.3-20.3c5.4,0,10.5,2.1,14.3,5.9l157.9,157.9c-11.5,7.6-20.7,18.3-26.3,31L21.9,154.6z M480,408\r\n\t\t\t\tc0,39.7-32.3,72-72,72H88c-39.7,0-72-32.3-72-72v-72c0-19.2,13.6-35.2,31.7-39.1c3,4.3,6.3,8.4,10.1,12.2l40.6,40.6l11.3-11.3\r\n\t\t\t\tl-40.6-40.6C55.5,284.2,48,266.1,48,246.9v-43.5l129,129c-0.6,3.8-1,7.7-1,11.6c0,39.7,32.3,72,72,72s72-32.3,72-72\r\n\t\t\t\tc0-4-0.4-7.9-1-11.7l129-129v43.5c0,19.2-7.5,37.3-21.1,50.9l-40.6,40.6l11.3,11.3l40.6-40.6c3.8-3.8,7.1-7.9,10.1-12.2\r\n\t\t\t\tc18.1,3.9,31.7,19.9,31.7,39.1V408z\"\/>\r\n\t\t<\/g>\r\n\t<\/g>\r\n<\/g>\r\n<\/svg>\r\n\t\t\t\t\t<\/div>\n\t\t\t\t<\/div>\n\t\t\t<\/div>\n\t\t\t\t<div class=\"icon-box-text last-reset\">\n\t\t\t\t\t\t\t\t\t\n<h3>Ammattikosmetiikka<\/h3>\n<p><span style=\"font-size: 95%;\">Myym\u00e4l\u00e4mme tarjoaa laadukasta farmaseuttisissa ja tutkimuslaboratorioissa testattua ammattikosmetiikkaa. Kyseinen ammattikosmetiikka on tarkoitettu kosmetologin koulutuksen saaneille ammattilaisille.<\/span><\/p>\n\t\t<\/div>\n\t<\/div>\n\t\n\t\n\t\t<\/div>\n\t\t\t\t\t<\/div>\n\n\t\n\n\t<div id=\"col-1480084885\" class=\"col medium-12 small-12 large-6\"  >\n\t\t\t\t<div class=\"col-inner\"  >\n\t\t\t\n\t\t\t\n\n\t\t<div class=\"icon-box featured-box icon-box-left text-left\"  >\n\t\t\t\t\t<div class=\"icon-box-img\" style=\"width: 60px\">\n\t\t\t\t<div class=\"icon\">\n\t\t\t\t\t<div class=\"icon-inner\" style=\"color:rgb(229, 178, 158);\">\n\t\t\t\t\t\t<?xml version=\"1.0\" encoding=\"utf-8\"?>\r\n<!-- Generator: Adobe Illustrator 21.0.0, SVG Export Plug-In . SVG Version: 6.00 Build 0)  -->\r\n<svg version=\"1.1\" id=\"Layer_1\" xmlns=\"http:\/\/www.w3.org\/2000\/svg\" xmlns:xlink=\"http:\/\/www.w3.org\/1999\/xlink\" x=\"0px\" y=\"0px\"\r\n\t viewBox=\"0 0 496 496\" style=\"enable-background:new 0 0 496 496;\" xml:space=\"preserve\">\r\n<g>\r\n\t<g>\r\n\t\t<g>\r\n\t\t\t<path d=\"M472,448h-48V182.1l-37.3-74.5c-2.3-4.6-6.2-7.9-10.7-9.8V0h-16v97.8c-4.5,1.9-8.4,5.2-10.7,9.8L312,182.1V448h-48\r\n\t\t\t\tc-13.2,0-24,10.8-24,24s10.8,24,24,24h208c13.2,0,24-10.8,24-24S485.2,448,472,448z M472,480H264c-4.4,0-8-3.6-8-8s3.6-8,8-8h112\r\n\t\t\t\tv-16h-48v-24h40v-16h-40v-16h24v-16h-24v-16h40v-16h-40v-16h24v-16h-24v-16h40v-16h-40v-16h24v-16h-24v-16h40v-16h-40v-30.1\r\n\t\t\t\tl35.6-71.2c1.7-3.4,7.2-3.4,8.8,0l35.6,71.2V448h-16v16h80c4.4,0,8,3.6,8,8S476.4,480,472,480z\"\/>\r\n\t\t\t<path d=\"M184,136c0-17-4.3-33.9-12.3-48.9l-40.8-75.8C127.1,4.3,119.9,0,112,0S96.9,4.3,93.2,11.2L52.3,87.1\r\n\t\t\t\tC44.3,102.1,40,119,40,136c0,22.6,10.5,42.8,26.8,56H0v304h224V192h-66.8C173.5,178.8,184,158.6,184,136z M56,136\r\n\t\t\t\tc0-14.4,3.6-28.7,10.4-41.3l40.8-75.8c0.9-1.7,2.8-2.8,4.7-2.8s3.8,1.1,4.7,2.8l40.8,75.8c6.8,12.7,10.4,27,10.4,41.3\r\n\t\t\t\tc0,30.9-25.1,56-56,56S56,166.9,56,136z M208,208v272H16v-16h56v-16H16v-16h88v-16H16v-16h56v-16H16v-16h88v-16H16v-16h56v-16H16\r\n\t\t\t\tv-16h88v-16H16v-16h56v-16H16v-16h88v-16H16v-16H208z\"\/>\r\n\t\t\t<path d=\"M168,272c13.2,0,24-10.8,24-24s-10.8-24-24-24s-24,10.8-24,24S154.8,272,168,272z M168,240c4.4,0,8,3.6,8,8s-3.6,8-8,8\r\n\t\t\t\ts-8-3.6-8-8S163.6,240,168,240z\"\/>\r\n\t\t\t<path d=\"M168,336c13.2,0,24-10.8,24-24s-10.8-24-24-24s-24,10.8-24,24S154.8,336,168,336z M168,304c4.4,0,8,3.6,8,8s-3.6,8-8,8\r\n\t\t\t\ts-8-3.6-8-8S163.6,304,168,304z\"\/>\r\n\t\t<\/g>\r\n\t<\/g>\r\n<\/g>\r\n<\/svg>\r\n\t\t\t\t\t<\/div>\n\t\t\t\t<\/div>\n\t\t\t<\/div>\n\t\t\t\t<div class=\"icon-box-text last-reset\">\n\t\t\t\t\t\t\t\t\t\n<h3>Esteettiset hoidot<\/h3>\n<p><span style=\"font-size: 95%;\">Myym\u00e4l\u00e4mme tarjoaa tuotteita, joita k\u00e4ytet\u00e4\u00e4n esteettisiss\u00e4 hoidoissa, kuten mesoterapia, biorevitalisaatio, kauneus- ja filleri-injektiot, mesolangat, Natinuel -happopeeling (couperosa, akne, pigmenttil\u00e4isk\u00e4t, ihon ik\u00e4\u00e4ntyminen valon ja i\u00e4n vaikutuksesta).<\/span><\/p>\n\t\t<\/div>\n\t<\/div>\n\t\n\t\n\t\t<\/div>\n\t\t\t\t\t<\/div>\n\n\t\n<\/div>\n\t<div id=\"gap-1062284401\" class=\"gap-element clearfix\" style=\"display:block; height:auto;\">\n\t\t\n<style>\n#gap-1062284401 {\n  padding-top: 36px;\n}\n<\/style>\n\t<\/div>\n\t\n<div class=\"row row-large\"  id=\"row-1013045569\">\n\n\t<div id=\"col-97460623\" class=\"col medium-12 small-12 large-6\"  >\n\t\t\t\t<div class=\"col-inner\"  >\n\t\t\t\n\t\t\t\n\n\t\t<div class=\"icon-box featured-box icon-box-left text-left\"  >\n\t\t\t\t\t<div class=\"icon-box-img\" style=\"width: 60px\">\n\t\t\t\t<div class=\"icon\">\n\t\t\t\t\t<div class=\"icon-inner\" style=\"color:rgb(229, 178, 158);\">\n\t\t\t\t\t\t<?xml version=\"1.0\" encoding=\"utf-8\"?>\r\n<!-- Generator: Adobe Illustrator 21.0.0, SVG Export Plug-In . SVG Version: 6.00 Build 0)  -->\r\n<svg version=\"1.1\" id=\"Layer_1\" xmlns=\"http:\/\/www.w3.org\/2000\/svg\" xmlns:xlink=\"http:\/\/www.w3.org\/1999\/xlink\" x=\"0px\" y=\"0px\"\r\n\t viewBox=\"0 0 486 485.6\" style=\"enable-background:new 0 0 486 485.6;\" xml:space=\"preserve\">\r\n<g>\r\n\t<path d=\"M483.6,422.5l-24.1-24.1l19.3-19.3c3.2-3.2,3.2-7.8,0-11l-49.2-49.2l-24.3-72.5c-0.1-1-0.8-2.1-1.4-2.8L287.9,94.6\r\n\t\tl-0.1-0.1l-0.5-0.7h-0.1L195.9,2.5c-1.5-1.5-3.6-2.4-5.7-2.4c-2.1,0-4.1,0.9-5.4,2.5L2.5,184.9c-1.5,1.5-2.4,3.5-2.4,5.5\r\n\t\ts0.8,4,2.4,5.5l91.3,91.3v0.1l0.7,0.5h0l149.1,115.9c0.5,0.5,1.4,1.3,2.9,1.4l72.4,24.3l49.2,49.2c1.2,1.2,3.6,2.5,5.7,2.5\r\n\t\tc2.2,0,4.1-0.8,5.7-2.5l19.3-19.3l23.6,23.6c1.2,1.2,3.6,2.5,5.7,2.5c2.2,0,4.1-0.8,5.7-2.5l49.6-49.6c1.5-1.5,2.4-3.5,2.4-5.5\r\n\t\tC486,426,485.1,424.1,483.6,422.5z M462,373.4L373.4,462l-39-39l88.6-88.6L462,373.4z M52,157.4L157.4,52l46.7,46.7l-105,105.4\r\n\t\tL52,157.4z M93.4,220.9c1.2,1.2,3.6,2.5,5.7,2.5c2.2,0,4.1-0.8,5.7-2.5l115.9-115.9c3.2-3.2,3.2-7.8,0-11l-52.5-53l22.2-22.2\r\n\t\tl79.9,79.9l-85.7,86.1l-85.7,85.7l-80.4-79.9L41,168.4L93.4,220.9z M280.9,110.9l110,141.3l23.1,68.7l-93,93l-68.7-23.1l-141.3-110\r\n\t\tL280.9,110.9z M448,409.9l17.9,17.9l-38.5,38.5l-17.9-17.9L448,409.9z\"\/>\r\n\t<path d=\"M271.9,349.3c10.2,10.2,24.3,16,38.9,16c14.3,0,28.1-5.7,38.9-16c21.2-21.2,21-55.9-0.5-77.4\r\n\t\tc-10.4-10.4-24.1-16.1-38.7-16.1c-14.6,0-28.3,5.7-38.7,16.1C250.6,293.3,250.6,328,271.9,349.3z M310.4,271.5\r\n\t\tc10.8,0,20.5,4,27.5,11.4c15,15,15,39.9,0,55.4c-7.1,7.3-16.7,11.3-27.1,11.3c-10.4,0-20.3-4-27.8-11.3c-15-15-15-39.9,0-55.4\r\n\t\tC290.3,275.6,300.1,271.5,310.4,271.5z\"\/>\r\n\t<path d=\"M264.6,190.4c0-2-0.8-4-2.4-5.5c-1.5-1.5-3.5-2.4-5.5-2.4c-2,0-4,0.8-5.5,2.4l-66.4,66.4c-1.5,1.5-2.4,3.5-2.4,5.5\r\n\t\tc0,2,0.8,4,2.4,5.5c1.2,1.2,3.6,2.5,5.7,2.5c2.2,0,4.1-0.8,5.7-2.5l65.9-66.4C263.8,194.3,264.6,192.4,264.6,190.4z\"\/>\r\n\t<path d=\"M287.3,209.9c-1.5-1.5-3.5-2.4-5.5-2.4s-4,0.8-5.5,2.4l-66.4,66.4c-3.2,3.2-3.2,7.8,0,11c1.2,1.2,3.6,2.5,5.7,2.5\r\n\t\tc2.2,0,4.1-0.8,5.7-2.5l65.9-66.4C290.5,217.7,290.5,213.1,287.3,209.9z\"\/>\r\n\t<path d=\"M125.2,469.6c-60.4,0-109.6-49.2-109.6-109.6c0-4.5-3.3-7.8-7.8-7.8S0,355.4,0,359.9c0,69,56.1,125.2,125.2,125.2\r\n\t\tc4.5,0,7.8-3.3,7.8-7.8S129.7,469.6,125.2,469.6z\"\/>\r\n\t<path d=\"M130.9,428.2c-40.8,0-74-33.2-74-74c0-4.5-3.3-7.8-7.8-7.8s-7.8,3.3-7.8,7.8c0,49.7,40.4,90,90,90c4.5,0,7.8-3.3,7.8-7.8\r\n\t\tC139.2,432,135.4,428.2,130.9,428.2z\"\/>\r\n\t<path d=\"M136.7,387.3c-21.4,0-38.9-17.4-38.9-38.9c0-4.5-3.3-7.8-7.8-7.8c-4.5,0-7.8,3.3-7.8,7.8c0,30.3,24.6,54.9,54.9,54.9\r\n\t\tc4.5,0,7.8-3.3,7.8-7.8C145,390.8,141.4,387.3,136.7,387.3z\"\/>\r\n\t<path d=\"M359.9,15.5c60.4,0,109.6,49.2,109.6,109.6c0,4.5,3.3,7.8,7.8,7.8s7.8-3.3,7.8-7.8C485.1,56.1,429,0,359.9,0\r\n\t\tc-4.5,0-7.8,3.3-7.8,7.8S355.4,15.5,359.9,15.5z\"\/>\r\n\t<path d=\"M354.2,56.9c40.8,0,74,33.2,74,74c0,4.5,3.3,7.8,7.8,7.8s7.8-3.3,7.8-7.8c0-49.7-40.4-90-90-90c-4.5,0-7.8,3.3-7.8,7.8\r\n\t\tC345.9,53.1,349.7,56.9,354.2,56.9z\"\/>\r\n\t<path d=\"M348.4,97.8c21.4,0,38.9,17.4,38.9,38.9c0,4.5,3.3,7.8,7.8,7.8s7.8-3.3,7.8-7.8c0-30.3-24.6-54.9-54.9-54.9\r\n\t\tc-4.5,0-7.8,3.3-7.8,7.8C340.1,94,343.9,97.8,348.4,97.8z\"\/>\r\n<\/g>\r\n<\/svg>\r\n\t\t\t\t\t<\/div>\n\t\t\t\t<\/div>\n\t\t\t<\/div>\n\t\t\t\t<div class=\"icon-box-text last-reset\">\n\t\t\t\t\t\t\t\t\t\n<h3>Kosmetologiset hoitolaitteet<\/h3>\n<p><span style=\"font-size: 95%;\">Tarjoamme innovatiivisia hoitolaitteita kasvojen ja vartalon ihon nuorentamiseen, regenerointiin ja kohottamiseen, toimitamme hoitolaitteita kaudenudenhoitoyhti\u00f6ille ja koulutamme k\u00e4ytt\u00e4m\u00e4\u00e4n hoitolaitteita.<\/span><\/p>\n\t\t<\/div>\n\t<\/div>\n\t\n\t\n\t\t<\/div>\n\t\t\t\t\t<\/div>\n\n\t\n\n\t<div id=\"col-415558060\" class=\"col medium-12 small-12 large-6\"  >\n\t\t\t\t<div class=\"col-inner\"  >\n\t\t\t\n\t\t\t\n\n\t\t<div class=\"icon-box featured-box icon-box-left text-left\"  >\n\t\t\t\t\t<div class=\"icon-box-img\" style=\"width: 60px\">\n\t\t\t\t<div class=\"icon\">\n\t\t\t\t\t<div class=\"icon-inner\" style=\"color:rgb(229, 178, 158);\">\n\t\t\t\t\t\t<?xml version=\"1.0\" encoding=\"utf-8\"?>\r\n<!-- Generator: Adobe Illustrator 21.0.0, SVG Export Plug-In . SVG Version: 6.00 Build 0)  -->\r\n<svg version=\"1.1\" id=\"Layer_1\" xmlns=\"http:\/\/www.w3.org\/2000\/svg\" xmlns:xlink=\"http:\/\/www.w3.org\/1999\/xlink\" x=\"0px\" y=\"0px\"\r\n\t viewBox=\"0 0 488.5 496\" style=\"enable-background:new 0 0 488.5 496;\" xml:space=\"preserve\">\r\n<g>\r\n\t<g>\r\n\t\t<g>\r\n\t\t\t<rect x=\"112\" y=\"400\" width=\"80\" height=\"16\"\/>\r\n\t\t\t<path d=\"M488.5,72H311.5l3.1,48H280V88h16V48v-8V24c0-13.2-10.8-24-24-24h-48c-13.2,0-24,10.8-24,24v16H32v48h184v32h-56\r\n\t\t\t\tc-26.5,0-48,21.5-48,48v104H72c-17.6,0-32,14.4-32,32v16H24c-13.2,0-24,10.8-24,24v128c0,13.2,10.8,24,24,24h248h8h80h80\r\n\t\t\t\tc17.6,0,32-14.4,32-32c0-7.9-3-15-7.7-20.6L488.5,72z M466.8,160H333.2l-2.6-40h138.8L466.8,160z M471.5,88l-1,16H329.6l-1-16\r\n\t\t\t\tH471.5z M216,24c0-4.4,3.6-8,8-8h48c4.4,0,8,3.6,8,8v16h-64V24z M48,72V56h232v16H48z M264,88v32h-32V88H264z M128,168\r\n\t\t\t\tc0-17.6,14.4-32,32-32h155.6l3.6,56H128L128,168L128,168z M56,304c0-8.8,7.2-16,16-16h160c8.8,0,16,7.2,16,16v16H56\r\n\t\t\t\tC56,320,56,304,56,304z M288,472c0,4.4-3.6,8-8,8h-8H24c-4.4,0-8-3.6-8-8v-8h272V472z M288,448H16v-80h272V448z M288,352H16v-8\r\n\t\t\t\tc0-4.4,3.6-8,8-8h16h224h16c4.4,0,8,3.6,8,8V352z M280,320h-16v-16c0-17.6-14.4-32-32-32H128v-64h192.3l8.9,136H304\r\n\t\t\t\tC304,330.8,293.2,320,280,320z M332.4,480h-29.9c0.9-2.5,1.5-5.2,1.5-8V360h26.2l5.4,83.4C331,449,328,456.1,328,464\r\n\t\t\t\tC328,469.9,329.7,475.3,332.4,480z M440,480h-80c-8.8,0-16-7.2-16-16s7.2-16,16-16h80c8.8,0,16,7.2,16,16S448.8,480,440,480z\r\n\t\t\t\t M344.2,328h111.6l-6.9,105.4c-2.9-0.8-5.8-1.4-8.9-1.4h-80c-3.1,0-6.1,0.6-8.9,1.4L344.2,328z M456.8,312H343.2l-8.9-136h131.4\r\n\t\t\t\tL456.8,312z\"\/>\r\n\t\t\t<rect x=\"352\" y=\"224\" width=\"96\" height=\"16\"\/>\r\n\t\t\t<path d=\"M32,192c17.6,0,32-14.4,32-32c0-6.9-2.3-13.7-6.4-19.2L32,106.7L6.4,140.8C2.3,146.3,0,153.1,0,160\r\n\t\t\t\tC0,177.6,14.4,192,32,192z M19.2,150.4L32,133.3l12.8,17.1c2.1,2.7,3.2,6.2,3.2,9.6c0,8.8-7.2,16-16,16s-16-7.2-16-16\r\n\t\t\t\tC16,156.6,17.1,153.2,19.2,150.4z\"\/>\r\n\t\t\t<rect x=\"432\" y=\"256\" width=\"16\" height=\"16\"\/>\r\n\t\t\t<rect x=\"352\" y=\"256\" width=\"64\" height=\"16\"\/>\r\n\t\t<\/g>\r\n\t<\/g>\r\n<\/g>\r\n<\/svg>\r\n\t\t\t\t\t<\/div>\n\t\t\t\t<\/div>\n\t\t\t<\/div>\n\t\t\t\t<div class=\"icon-box-text last-reset\">\n\t\t\t\t\t\t\t\t\t\n<h3>P\u00e4ivitt\u00e4iskosmetiikka<\/h3>\n<p><span style=\"font-size: 95%;\">Oikea ihosi hoito kotonasi salongissa tehtyjen hoitojen j\u00e4lkeen vahvistaa ja yll\u00e4pit\u00e4\u00e4 tuloksen. Suosittelemme noudattamaan ammattilaisten neuvoja, ja ihosi pysyy terveen\u00e4 ja s\u00e4teilev\u00e4n\u00e4 mahdollisimman kauan.<\/span><\/p>\n\t\t<\/div>\n\t<\/div>\n\t\n\t\n\t\t<\/div>\n\t\t\t\t\t<\/div>\n\n\t\n<\/div>\n\t\t<\/div>\n\t\t\t\t\t<\/div>\n\n\t\n<\/div>\n\t<div id=\"gap-1443732776\" class=\"gap-element clearfix\" style=\"display:block; height:auto;\">\n\t\t\n<style>\n#gap-1443732776 {\n  padding-top: 20px;\n}\n<\/style>\n\t<\/div>\n\t\n\t\t<\/div>\n\n\t\t\n<style>\n#section_947032014 {\n  padding-top: 0px;\n  padding-bottom: 0px;\n}\n<\/style>\n\t<\/section>\n\t\n","protected":false},"excerpt":{"rendered":"","protected":false},"author":2,"featured_media":0,"parent":0,"menu_order":0,"comment_status":"closed","ping_status":"closed","template":"page-blank.php","meta":{"yasr_overall_rating":0,"yasr_post_is_review":"","yasr_auto_insert_disabled":"","yasr_review_type":"","footnotes":""},"yasr_visitor_votes":{"number_of_votes":0,"sum_votes":0,"stars_attributes":{"read_only":true,"span_bottom":"<div class='yasr-small-block-bold'><span class='yasr-visitor-votes-must-sign-in'><\/span><\/div>"}},"_links":{"self":[{"href":"https:\/\/beautyresidence.com\/fi\/wp-json\/wp\/v2\/pages\/1414"}],"collection":[{"href":"https:\/\/beautyresidence.com\/fi\/wp-json\/wp\/v2\/pages"}],"about":[{"href":"https:\/\/beautyresidence.com\/fi\/wp-json\/wp\/v2\/types\/page"}],"author":[{"embeddable":true,"href":"https:\/\/beautyresidence.com\/fi\/wp-json\/wp\/v2\/users\/2"}],"replies":[{"embeddable":true,"href":"https:\/\/beautyresidence.com\/fi\/wp-json\/wp\/v2\/comments?post=1414"}],"version-history":[{"count":10,"href":"https:\/\/beautyresidence.com\/fi\/wp-json\/wp\/v2\/pages\/1414\/revisions"}],"predecessor-version":[{"id":8342,"href":"https:\/\/beautyresidence.com\/fi\/wp-json\/wp\/v2\/pages\/1414\/revisions\/8342"}],"wp:attachment":[{"href":"https:\/\/beautyresidence.com\/fi\/wp-json\/wp\/v2\/media?parent=1414"}],"curies":[{"name":"wp","href":"https:\/\/api.w.org\/{rel}","templated":true}]}}