{"id":1411,"date":"2018-08-10T18:20:25","date_gmt":"2018-08-10T15:20:25","guid":{"rendered":"https:\/\/beautyresidence.nma.ee\/blog\/"},"modified":"2026-02-27T17:49:21","modified_gmt":"2026-02-27T15:49:21","slug":"uutiset","status":"publish","type":"page","link":"https:\/\/beautyresidence.com\/fi\/uutiset\/","title":{"rendered":"Uutiset"},"content":{"rendered":"\t<section class=\"section text-center-lte-md fix-section\" id=\"section_1262748139\">\n\t\t<div class=\"bg section-bg fill bg-fill  \" >\n\n\t\t\t\n\t\t\t\n\t\t\t\n\n\t\t<\/div>\n\n\t\t<div class=\"section-content relative\">\n\t\t\t\n<div class=\"row row-collapse\"  id=\"row-1649191273\">\n\n\t<div id=\"col-1289954545\" class=\"col hide-for-medium medium-6 small-12 large-6\"  >\n\t\t\t\t<div class=\"col-inner\"  >\n\t\t\t\n\t\t\t\n\t\t<\/div>\n\t\t\t\t\t<\/div>\n\n\t\n\n\t<div id=\"col-1567745093\" class=\"col medium-12 small-12 large-6\"  >\n\t\t\t\t<div class=\"col-inner dark\"  >\n\t\t\t\n\t\t\t\n\t<div id=\"gap-1992495276\" class=\"gap-element clearfix\" style=\"display:block; height:auto;\">\n\t\t\n<style>\n#gap-1992495276 {\n  padding-top: 20px;\n}\n<\/style>\n\t<\/div>\n\t\n<h1><span style=\"color: #ffffff; font-size: 180%;\"><strong>Uutiset <\/strong><\/span><\/h1>\n<div class=\"is-divider divider clearfix\" style=\"margin-top:0.0em;margin-bottom:0.0em;max-width:16%;height:2px;background-color:rgba(255, 255, 255, 0.45);\"><\/div>\n\t<div id=\"gap-357974442\" class=\"gap-element clearfix\" style=\"display:block; height:auto;\">\n\t\t\n<style>\n#gap-357974442 {\n  padding-top: 20px;\n}\n<\/style>\n\t<\/div>\n\t\n<p><span style=\"color: #ffffff; font-size: 95%;\">Seuraamme aina nykytrendej\u00e4 ja innovaatioita esteettisen kosmetologian kansainv\u00e4lisill\u00e4 markkinoilla ja haluaisimme jakaa kanssasi hy\u00f6dyllisi\u00e4 ja kiinnostavia tietoja tutkimuksista, muutoksista ja tendensseist\u00e4 kauneudenhoitoalalla, sek\u00e4 keskuksemme uutuuksista.<\/span><\/p>\n<a href=\"https:\/\/beautyresidence.com\/fi\/kauppa\/\" target=\"_self\" class=\"button primary lowercase\"  style=\"border-radius:3px;\">\n    <span>Tuotekatalogi<\/span>\n  <\/a>\n\n<a href=\"https:\/\/beautyresidence.com\/fi\/yhteystiedot\/\" target=\"_self\" class=\"button secondary lowercase\"  style=\"border-radius:3px;\">\n    <span>Yhteystiedot<\/span>\n  <\/a>\n\n\t\t<\/div>\n\t\t\t\t\t<\/div>\n\n\t\n<\/div>\n\t\t<\/div>\n\n\t\t\n<style>\n#section_1262748139 {\n  padding-top: 107px;\n  padding-bottom: 107px;\n}\n#section_1262748139 .section-bg.bg-loaded {\n  background-image: url(https:\/\/beautyresidence.com\/wp-content\/uploads\/2026\/02\/6.png);\n}\n#section_1262748139 .section-bg {\n  background-position: 27% 0%;\n}\n<\/style>\n\t<\/section>\n\t\n\t<section class=\"section\" id=\"section_1772039714\">\n\t\t<div class=\"bg section-bg fill bg-fill  bg-loaded\" >\n\n\t\t\t\n\t\t\t\n\t\t\t\n\n\t\t<\/div>\n\n\t\t<div class=\"section-content relative\">\n\t\t\t\n<div class=\"row\"  id=\"row-25971668\">\n\n\t<div id=\"col-1500376599\" class=\"col small-12 large-12\"  >\n\t\t\t\t<div class=\"col-inner\"  >\n\t\t\t\n\t\t\t\n\t<div id=\"gap-1470831937\" class=\"gap-element clearfix\" style=\"display:block; height:auto;\">\n\t\t\n<style>\n#gap-1470831937 {\n  padding-top: 80px;\n}\n<\/style>\n\t<\/div>\n\t\n\n  \n    <div class=\"row large-columns-2 medium-columns-1 small-columns-1\">\n  \t\t<div class=\"col post-item\" data-animate=\"fadeInUp\">\n\t\t\t<div class=\"col-inner\">\n\t\t\t<a href=\"https:\/\/beautyresidence.com\/fi\/kampanjat\/alennus-kaikista-natinuel-tuotteista\/\" class=\"plain\">\n\t\t\t\t<div class=\"box box-normal box-text-bottom box-blog-post has-hover\">\n            \t\t\t\t\t<div class=\"box-image\" >\n  \t\t\t\t\t\t<div class=\"image-overlay-add image-cover\" style=\"padding-top:56%;\">\n  \t\t\t\t\t\t\t<img decoding=\"async\" width=\"675\" height=\"378\" src=\"https:\/\/beautyresidence.com\/wp-content\/uploads\/2020\/05\/natinuel.jpg\" class=\"attachment-original size-original wp-post-image\" alt=\"\" srcset=\"https:\/\/beautyresidence.com\/wp-content\/uploads\/2020\/05\/natinuel.jpg 675w, https:\/\/beautyresidence.com\/wp-content\/uploads\/2020\/05\/natinuel-300x168.jpg 300w, https:\/\/beautyresidence.com\/wp-content\/uploads\/2020\/05\/natinuel-600x336.jpg 600w\" sizes=\"(max-width: 675px) 100vw, 675px\" \/>  \t\t\t\t\t\t\t<div class=\"overlay\" style=\"background-color: rgba(229, 178, 158, 0.59)\"><\/div>  \t\t\t\t\t\t\t  \t\t\t\t\t\t<\/div>\n  \t\t\t\t\t\t  \t\t\t\t\t<\/div>\n          \t\t\t\t\t<div class=\"box-text text-left\" >\n\t\t\t\t\t<div class=\"box-text-inner blog-post-inner\">\n\n\t\t\t\t\t\n\t\t\t\t\t\t\t\t\t\t<h5 class=\"post-title is-large \">5% alennus kaikista Natinuel-tuotteista!<\/h5>\n\t\t\t\t\t\t\t\t\t\t<div class=\"is-divider\"><\/div>\n\t\t\t\t\t\t\t\t\t\t<p class=\"from_the_blog_excerpt \">Luiomme kev\u00e4ist\u00e4 tunnelmaa Natinuelin kanssa! 5% alennus kaikista Natinuel-tuotteista! Kampanja on voimassa, kunnes tavaroita on riitt\u00e4v\u00e4sti. Tuotteen ostaminen edellytt\u00e4\u00e4 [...]\t\t\t\t\t<\/p>\n\t\t\t\t\t                    \n\t\t\t\t\t\n\t\t\t\t\t\n\t\t\t\t\t<\/div>\n\t\t\t\t\t<\/div>\n\t\t\t\t\t\t\t\t\t\t\t\t\t\t\t\t<div class=\"badge absolute top post-date badge-outline\">\n\t\t\t\t\t\t\t<div class=\"badge-inner\">\n\t\t\t\t\t\t\t\t<span class=\"post-date-day\">25<\/span><br>\n\t\t\t\t\t\t\t\t<span class=\"post-date-month is-xsmall\">touko<\/span>\n\t\t\t\t\t\t\t<\/div>\n\t\t\t\t\t\t<\/div>\n\t\t\t\t\t\t\t\t\t<\/div>\n\t\t\t\t<\/a>\n\t\t\t<\/div>\n\t\t<\/div>\n<\/div>\n\t<div id=\"gap-391861070\" class=\"gap-element clearfix\" style=\"display:block; height:auto;\">\n\t\t\n<style>\n#gap-391861070 {\n  padding-top: 30px;\n}\n<\/style>\n\t<\/div>\n\t\n\n  \n    <div class=\"row large-columns-3 medium-columns-1 small-columns-1 slider row-slider slider-nav-simple slider-nav-outside slider-nav-push\"  data-flickity-options='{\"imagesLoaded\": true, \"groupCells\": \"100%\", \"dragThreshold\" : 5, \"cellAlign\": \"left\",\"wrapAround\": true,\"prevNextButtons\": true,\"percentPosition\": true,\"pageDots\": false, \"rightToLeft\": false, \"autoPlay\" : false}'>\n\n  <\/div>\n\t\t<\/div>\n\t\t\t\t\t<\/div>\n\n\t\n<\/div>\n\t\t<\/div>\n\n\t\t\n<style>\n#section_1772039714 {\n  padding-top: 0px;\n  padding-bottom: 0px;\n}\n<\/style>\n\t<\/section>\n\t\n\t<section class=\"section\" id=\"section_2060247886\">\n\t\t<div class=\"bg section-bg fill bg-fill  bg-loaded\" >\n\n\t\t\t\n\t\t\t\n\t\t\t\n\n\t\t<\/div>\n\n\t\t<div class=\"section-content relative\">\n\t\t\t\nInstagram has returned invalid data.\n\t\t<\/div>\n\n\t\t\n<style>\n#section_2060247886 {\n  padding-top: 0px;\n  padding-bottom: 0px;\n}\n<\/style>\n\t<\/section>\n\t\n","protected":false},"excerpt":{"rendered":"","protected":false},"author":2,"featured_media":0,"parent":0,"menu_order":0,"comment_status":"closed","ping_status":"closed","template":"page-blank.php","meta":{"yasr_overall_rating":0,"yasr_post_is_review":"","yasr_auto_insert_disabled":"","yasr_review_type":"","footnotes":""},"yasr_visitor_votes":{"number_of_votes":0,"sum_votes":0,"stars_attributes":{"read_only":true,"span_bottom":"<div class='yasr-small-block-bold'><span class='yasr-visitor-votes-must-sign-in'><\/span><\/div>"}},"_links":{"self":[{"href":"https:\/\/beautyresidence.com\/fi\/wp-json\/wp\/v2\/pages\/1411"}],"collection":[{"href":"https:\/\/beautyresidence.com\/fi\/wp-json\/wp\/v2\/pages"}],"about":[{"href":"https:\/\/beautyresidence.com\/fi\/wp-json\/wp\/v2\/types\/page"}],"author":[{"embeddable":true,"href":"https:\/\/beautyresidence.com\/fi\/wp-json\/wp\/v2\/users\/2"}],"replies":[{"embeddable":true,"href":"https:\/\/beautyresidence.com\/fi\/wp-json\/wp\/v2\/comments?post=1411"}],"version-history":[{"count":9,"href":"https:\/\/beautyresidence.com\/fi\/wp-json\/wp\/v2\/pages\/1411\/revisions"}],"predecessor-version":[{"id":8165,"href":"https:\/\/beautyresidence.com\/fi\/wp-json\/wp\/v2\/pages\/1411\/revisions\/8165"}],"wp:attachment":[{"href":"https:\/\/beautyresidence.com\/fi\/wp-json\/wp\/v2\/media?parent=1411"}],"curies":[{"name":"wp","href":"https:\/\/api.w.org\/{rel}","templated":true}]}}