{"id":1408,"date":"2018-08-10T17:18:38","date_gmt":"2018-08-10T14:18:38","guid":{"rendered":"https:\/\/beautyresidence.nma.ee\/brands\/"},"modified":"2026-03-17T18:23:43","modified_gmt":"2026-03-17T16:23:43","slug":"tavaramerkkeja","status":"publish","type":"page","link":"https:\/\/beautyresidence.com\/fi\/tavaramerkkeja\/","title":{"rendered":"Tavaramerkkej\u00e4"},"content":{"rendered":"\t<section class=\"section\" id=\"section_1615368039\">\n\t\t<div class=\"bg section-bg fill bg-fill  bg-loaded\" >\n\n\t\t\t\n\t\t\t\n\t\t\t\n\n\t\t<\/div>\n\n\t\t<div class=\"section-content relative\">\n\t\t\t\n<div class=\"row align-middle\"  id=\"row-1167709479\">\n\n\t<div id=\"col-286750343\" class=\"col medium-6 small-12 large-6\"  >\n\t\t\t\t<div class=\"col-inner\"  >\n\t\t\t\n\t\t\t\n\t<div class=\"img has-hover x md-x lg-x y md-y lg-y\" id=\"image_1365997609\">\n\t\t\t\t\t\t<div data-animate=\"fadeInLeft\">\t\t<div class=\"img-inner dark\" >\n\t\t\t<img decoding=\"async\" width=\"700\" height=\"700\" src=\"https:\/\/beautyresidence.com\/wp-content\/uploads\/2023\/12\/photo.webp\" class=\"attachment-original size-original\" alt=\"\" srcset=\"https:\/\/beautyresidence.com\/wp-content\/uploads\/2023\/12\/photo.webp 700w, https:\/\/beautyresidence.com\/wp-content\/uploads\/2023\/12\/photo-300x300.webp 300w, https:\/\/beautyresidence.com\/wp-content\/uploads\/2023\/12\/photo-150x150.webp 150w, https:\/\/beautyresidence.com\/wp-content\/uploads\/2023\/12\/photo-600x600.webp 600w, https:\/\/beautyresidence.com\/wp-content\/uploads\/2023\/12\/photo-100x100.webp 100w\" sizes=\"(max-width: 700px) 100vw, 700px\" \/>\t\t\t\t\t\t\n\t\t\t\t\t<\/div>\n\t\t<\/div>\t\t\t\t\t\t\n<style>\n#image_1365997609 {\n  width: 100%;\n}\n<\/style>\n\t<\/div>\n\t\n\t\t<\/div>\n\t\t\t\t\t<\/div>\n\n\t\n\n\t<div id=\"col-2129418117\" class=\"col medium-6 small-12 large-6\"  >\n\t\t\t\t<div class=\"col-inner\"  >\n\t\t\t\n\t\t\t\n<h2>ELDERMAFILL<\/h2>\n<div class=\"is-divider divider clearfix\" style=\"margin-top:0px;margin-bottom:0px;max-width:40%;height:2px;\"><\/div>\n\t<div id=\"gap-1678580779\" class=\"gap-element clearfix\" style=\"display:block; height:auto;\">\n\t\t\n<style>\n#gap-1678580779 {\n  padding-top: 12px;\n}\n<\/style>\n\t<\/div>\n\t\n<h2 class=\"thin-font\">AMMATILLISTEN HOITOJEN JA KOTIHOIDON YHDISTELM\u00c4<\/h2>\n<p><b>ELDERMAFILL<\/b><span style=\"font-weight: 400;\">\u00a0on innovatiivinen br\u00e4ndi, joka tarjoaa nykyaikaisia ja potilaiden luottamuksen saavuttaneita tuotteita. Valikoimaamme kuuluu injektoitavia tuotteita, trendikk\u00e4it\u00e4 ymp\u00e4rivuotisia kuorintoja ilman toipumisaikaa sek\u00e4 ammattitasoisia kotihoitotuotteita ja ravintolisi\u00e4.<\/span><\/p>\n<p><span style=\"font-weight: 400;\">ELDERMAFILL perustettiin vuonna 2017 maailmanlaajuisesti tunnetun etel\u00e4korealaisen biol\u00e4\u00e4ketieteellisen laboratorion,\u00a0<\/span><b>EYESEL<\/b><span style=\"font-weight: 400;\">:in, tutkimus- ja kehityskumppaniksi<\/span><span style=\"font-weight: 400;\">.<\/span><\/p>\n<p><span style=\"font-weight: 400;\">Yritys on aina eturintamassa kehitt\u00e4m\u00e4ss\u00e4 uusia innovatiivisia tuotteita ja teknologioita. Tavoitteenamme on luoda tuotteita, joissa yhdistyv\u00e4t korkea tehokkuus, turvallisuus ja k\u00e4ytt\u00f6mukavuus.<\/span><\/p>\n<p><span style=\"font-weight: 400;\">Missiomme on auttaa jokaista saavuttamaan terve ja kaunis iho sek\u00e4 s\u00e4ilytt\u00e4m\u00e4\u00e4n nuorekkuus monien vuosien ajan. Kiinnit\u00e4mme erityist\u00e4 huomiota jokaisen potilaan yksil\u00f6llisiin tarpeisiin ja kehit\u00e4mme personoituja hoito-ohjelmia, joissa huomioidaan ihotyyppi, ik\u00e4, el\u00e4m\u00e4ntapa sek\u00e4 muut tekij\u00e4t.<\/span><\/p>\n<p><span style=\"font-weight: 400;\">ELDERMAFILL on ylpe\u00e4 ammattimaisesta otteestaan sellaisten tuotteiden luomisessa, jotka auttavat ihmisi\u00e4 tuntemaan olonsa kauniiksi ja itsevarmaksi. Olemme sitoutuneet jatkuvaan parantamiseen ja tarjoamme vain innovatiivisimpia ja tehokkaimpia ratkaisuja ihon terveyden ja kauneuden hoidossa<\/span><span style=\"font-weight: 400;\">.<\/span><\/p>\n<a href=\"https:\/\/beautyresidence.com\/fi\/shop\/?fwp_product_brands=croma\" target=\"_self\" class=\"button primary lowercase\"  style=\"border-radius:3px;\">\n    <span>Tuotekatalogi<\/span>\n  <\/a>\n\n\t\t<\/div>\n\t\t\t\t\t<\/div>\n\n\t\n<\/div>\n\t\t<\/div>\n\n\t\t\n<style>\n#section_1615368039 {\n  padding-top: 50px;\n  padding-bottom: 50px;\n}\n<\/style>\n\t<\/section>\n\t\n\t<section class=\"section\" id=\"section_883698781\">\n\t\t<div class=\"bg section-bg fill bg-fill  bg-loaded\" >\n\n\t\t\t\n\t\t\t\n\t\t\t\n\n\t\t<\/div>\n\n\t\t<div class=\"section-content relative\">\n\t\t\t\n<div class=\"row align-middle\"  id=\"row-1061656418\">\n\n\t<div id=\"col-649886573\" class=\"col medium-6 small-12 large-6\"  >\n\t\t\t\t<div class=\"col-inner\"  >\n\t\t\t\n\t\t\t\n<h2>IQ Lift<\/h2>\n<div class=\"is-divider divider clearfix\" style=\"margin-top:0px;margin-bottom:0px;max-width:40%;height:2px;\"><\/div>\n\t<div id=\"gap-1107140146\" class=\"gap-element clearfix\" style=\"display:block; height:auto;\">\n\t\t\n<style>\n#gap-1107140146 {\n  padding-top: 12px;\n}\n<\/style>\n\t<\/div>\n\t\n<h2 class=\"thin-font\"><span style=\"font-size: 90%;\">PDO (POLYDIOKSANOLI) MESOLANGAT ON TURVALLINEN JA K\u00c4TEV\u00c4 KASVOJEN PLASTIIKKAKIRURGIAN VAIHTOEHTO <\/span><\/h2>\n<p><span style=\"font-size: 95%;\">T\u00e4m\u00e4 menetelm\u00e4, joka elvytt\u00e4\u00e4 kasvojen ihoa ja parantaa laskeutuneet piirteet, on taistellut ihokudosten kimmoisuuden ja vireyden menett\u00e4mist\u00e4 vastaan jo yli 20 vuotta.&nbsp;<\/span><\/p>\n<p><span style=\"font-size: 95%;\">T\u00e4h\u00e4n tarkoitukseen k\u00e4ytet\u00e4\u00e4n hajoavia, mutta kuitenkin riitt\u00e4v\u00e4n kovia ja vahvoja lankoja. Biologisesti hajoavat langat kiinteytt\u00e4v\u00e4t ja kohottavat kasvojen ihoa ja tulos pysyy pitk\u00e4\u00e4n.<\/span><\/p>\n<p><span style=\"font-size: 95%;\">Useamman langan asetus samalle kasvojen alueelle lankojen korkean elastisuuden ansiosta luo \u201djousen vaikutuksen\u201d.<\/span><\/p>\n<p><span style=\"font-size: 95%;\">Langat hajoavat hiilidioksidiin ja veteen ja 60 &#8211; 80 p\u00e4iv\u00e4ss\u00e4 ne menett\u00e4v\u00e4t puolet alkuper\u00e4isest\u00e4 vahvuudestaan. 180 &#8211; 240 p\u00e4iv\u00e4n kuluttua langat hajoavat kokonaan. Mesolankoja k\u00e4ytet\u00e4\u00e4n ik\u00e4\u00e4ntymisen oireiden hoitoon, niit\u00e4 voidaan k\u00e4ytt\u00e4\u00e4 my\u00f6s yhdess\u00e4 kosmeettisten injektoiden kanssa. Mesolangoilla on lipolyyttinen, selluliittia hoitava ja elvytt\u00e4v\u00e4 vaikutus, ne luovat \u201drungon\u201d ongelmaalueille.&nbsp;<\/span><\/p>\n<a href=\"https:\/\/beautyresidence.com\/fi\/shop\/?fwp_product_brands=iq-lift\" target=\"_self\" class=\"button primary lowercase\"  style=\"border-radius:3px;\">\n    <span>Tuotekatalogi<\/span>\n  <\/a>\n\n\t\t<\/div>\n\t\t\t\t\t<\/div>\n\n\t\n\n\t<div id=\"col-796331798\" class=\"col medium-6 small-12 large-6 small-col-first\"  >\n\t\t\t\t<div class=\"col-inner\"  >\n\t\t\t\n\t\t\t\n\t<div class=\"img has-hover x md-x lg-x y md-y lg-y\" id=\"image_1468190834\">\n\t\t\t\t\t\t<div data-animate=\"fadeInRight\">\t\t<div class=\"img-inner dark\" >\n\t\t\t<img decoding=\"async\" width=\"675\" height=\"450\" src=\"https:\/\/beautyresidence.com\/wp-content\/uploads\/2019\/04\/iq.jpg\" class=\"attachment-original size-original\" alt=\"\" srcset=\"https:\/\/beautyresidence.com\/wp-content\/uploads\/2019\/04\/iq.jpg 675w, https:\/\/beautyresidence.com\/wp-content\/uploads\/2019\/04\/iq-300x200.jpg 300w, https:\/\/beautyresidence.com\/wp-content\/uploads\/2019\/04\/iq-600x400.jpg 600w\" sizes=\"(max-width: 675px) 100vw, 675px\" \/>\t\t\t\t\t\t\n\t\t\t\t\t<\/div>\n\t\t<\/div>\t\t\t\t\t\t\n<style>\n#image_1468190834 {\n  width: 100%;\n}\n<\/style>\n\t<\/div>\n\t\n\t\t<\/div>\n\t\t\t\t\t<\/div>\n\n\t\n<\/div>\n\t\t<\/div>\n\n\t\t\n<style>\n#section_883698781 {\n  padding-top: 0px;\n  padding-bottom: 0px;\n}\n<\/style>\n\t<\/section>\n\t\n\t<section class=\"section\" id=\"section_488294333\">\n\t\t<div class=\"bg section-bg fill bg-fill  bg-loaded\" >\n\n\t\t\t\n\t\t\t\n\t\t\t\n\n\t\t<\/div>\n\n\t\t<div class=\"section-content relative\">\n\t\t\t\n<div class=\"row align-middle\"  id=\"row-1959002283\">\n\n\t<div id=\"col-325718800\" class=\"col medium-6 small-12 large-6\"  >\n\t\t\t\t<div class=\"col-inner\"  >\n\t\t\t\n\t\t\t\n\t<div class=\"img has-hover x md-x lg-x y md-y lg-y\" id=\"image_1088252077\">\n\t\t\t\t\t\t<div data-animate=\"fadeInLeft\">\t\t<div class=\"img-inner dark\" >\n\t\t\t<img decoding=\"async\" width=\"675\" height=\"450\" src=\"https:\/\/beautyresidence.com\/wp-content\/uploads\/2019\/04\/NAtinuel.jpg\" class=\"attachment-original size-original\" alt=\"\" srcset=\"https:\/\/beautyresidence.com\/wp-content\/uploads\/2019\/04\/NAtinuel.jpg 675w, https:\/\/beautyresidence.com\/wp-content\/uploads\/2019\/04\/NAtinuel-300x200.jpg 300w, https:\/\/beautyresidence.com\/wp-content\/uploads\/2019\/04\/NAtinuel-600x400.jpg 600w\" sizes=\"(max-width: 675px) 100vw, 675px\" \/>\t\t\t\t\t\t\n\t\t\t\t\t<\/div>\n\t\t<\/div>\t\t\t\t\t\t\n<style>\n#image_1088252077 {\n  width: 100%;\n}\n<\/style>\n\t<\/div>\n\t\n\t\t<\/div>\n\t\t\t\t\t<\/div>\n\n\t\n\n\t<div id=\"col-1700022630\" class=\"col medium-6 small-12 large-6\"  >\n\t\t\t\t<div class=\"col-inner\"  >\n\t\t\t\n\t\t\t\n<h2>Natinuel<\/h2>\n<div class=\"is-divider divider clearfix\" style=\"margin-top:0px;margin-bottom:0px;max-width:40%;height:2px;\"><\/div>\n\t<div id=\"gap-677642868\" class=\"gap-element clearfix\" style=\"display:block; height:auto;\">\n\t\t\n<style>\n#gap-677642868 {\n  padding-top: 12px;\n}\n<\/style>\n\t<\/div>\n\t\n<h2 class=\"thin-font\"><span style=\"font-size: 90%;\"> BIOSEUTTINEN AMMATTISARJA <\/span><\/h2>\n<p><span style=\"font-size: 95%;\">Bioseuttinen Natinuel on Italian ik\u00e4\u00e4ntymist\u00e4 hidastavan kauneushoitoalan l\u00e4\u00e4k\u00e4reiden liiton toimesta testattu ja hyv\u00e4ksytty kauneushoitosarja. Yhti\u00f6mme on t\u00e4m\u00e4n br\u00e4ndin virallinen j\u00e4lleenmyyj\u00e4 Virossa.&nbsp; Natinuel on kehitetty ihon ik\u00e4\u00e4ntymisen hidastamiseen. Natinuel -sarjan ihonhoitotuotteet ovat uuden sukupolven valmiste, joka korjaa esteettisi\u00e4 puutteita interaktiivisuuden periaatteella. Interaktiivisuuden periaate kuuluu uusiin vaikutusmenetelmiin, jotka parantavat ihoa vaikuttamalla sen syviin kerroksiin ja hidastavat ihon biologista ik\u00e4\u00e4ntymist\u00e4 ja ik\u00e4\u00e4ntymist\u00e4 valon vaikutuksesta.&nbsp;<\/span><\/p>\n<p><span style=\"font-size: 95%;\">Natinuel -tuotteista l\u00f6ytyy eri ihon ongelmia hoitavat sarjat, kuten ihonkohotussarja, rasvoittuvaa ja ongelmaihoa hoitava sarja, hyperpinmentaatiota hoitava sarja ja couperosaa hoitava sarja. Natinueltuotteiden uutuus on mesovalmistesarja.<\/span><\/p>\n<p><span style=\"font-size: 95%;\">Kotisivuillamme voit tutustua erilaisiin Natinuel-sarjoihin.<\/span><\/p>\n<a href=\"https:\/\/beautyresidence.com\/fi\/shop\/?fwp_product_brands=natinuel\" target=\"_self\" class=\"button primary lowercase\"  style=\"border-radius:3px;\">\n    <span>Tuotekatalogi<\/span>\n  <\/a>\n\n\t\t<\/div>\n\t\t\t\t\t<\/div>\n\n\t\n<\/div>\n\t\t<\/div>\n\n\t\t\n<style>\n#section_488294333 {\n  padding-top: 50px;\n  padding-bottom: 50px;\n}\n<\/style>\n\t<\/section>\n\t\n","protected":false},"excerpt":{"rendered":"","protected":false},"author":2,"featured_media":0,"parent":0,"menu_order":0,"comment_status":"closed","ping_status":"closed","template":"page-blank.php","meta":{"yasr_overall_rating":0,"yasr_post_is_review":"","yasr_auto_insert_disabled":"","yasr_review_type":"","footnotes":""},"yasr_visitor_votes":{"number_of_votes":0,"sum_votes":0,"stars_attributes":{"read_only":true,"span_bottom":"<div class='yasr-small-block-bold'><span class='yasr-visitor-votes-must-sign-in'><\/span><\/div>"}},"_links":{"self":[{"href":"https:\/\/beautyresidence.com\/fi\/wp-json\/wp\/v2\/pages\/1408"}],"collection":[{"href":"https:\/\/beautyresidence.com\/fi\/wp-json\/wp\/v2\/pages"}],"about":[{"href":"https:\/\/beautyresidence.com\/fi\/wp-json\/wp\/v2\/types\/page"}],"author":[{"embeddable":true,"href":"https:\/\/beautyresidence.com\/fi\/wp-json\/wp\/v2\/users\/2"}],"replies":[{"embeddable":true,"href":"https:\/\/beautyresidence.com\/fi\/wp-json\/wp\/v2\/comments?post=1408"}],"version-history":[{"count":10,"href":"https:\/\/beautyresidence.com\/fi\/wp-json\/wp\/v2\/pages\/1408\/revisions"}],"predecessor-version":[{"id":8358,"href":"https:\/\/beautyresidence.com\/fi\/wp-json\/wp\/v2\/pages\/1408\/revisions\/8358"}],"wp:attachment":[{"href":"https:\/\/beautyresidence.com\/fi\/wp-json\/wp\/v2\/media?parent=1408"}],"curies":[{"name":"wp","href":"https:\/\/api.w.org\/{rel}","templated":true}]}}