{"id":1405,"date":"2018-08-10T15:38:23","date_gmt":"2018-08-10T12:38:23","guid":{"rendered":"https:\/\/beautyresidence.nma.ee\/online-store\/"},"modified":"2026-03-05T17:56:38","modified_gmt":"2026-03-05T15:56:38","slug":"kauppa","status":"publish","type":"page","link":"https:\/\/beautyresidence.com\/fi\/kauppa\/","title":{"rendered":"Kauppa"},"content":{"rendered":"\t<section class=\"section no-padding-section bg-h-full\" id=\"section_1552998379\">\n\t\t<div class=\"bg section-bg fill bg-fill  \" >\n\n\t\t\t\n\t\t\t\n\t\t\t\n\n\t\t<\/div>\n\n\t\t<div class=\"section-content relative\">\n\t\t\t\n<div class=\"row row-collapse\"  id=\"row-329774251\">\n\n\t<div id=\"col-713850868\" class=\"col hide-for-medium medium-4 small-12 large-6\"  >\n\t\t\t\t<div class=\"col-inner\"  >\n\t\t\t\n\t\t\t\n\t\t<\/div>\n\t\t\t\t\t<\/div>\n\n\t\n\n\t<div id=\"col-217494989\" class=\"col medium-12 small-12 large-6\"  data-animate=\"fadeInRight\">\n\t\t\t\t<div class=\"col-inner box-shadow-5\"  >\n\t\t\t\n\t\t\t\n\n  <div class=\"banner has-hover fix-banner-text-2\" id=\"banner-1112730415\">\n          <div class=\"banner-inner fill\">\n        <div class=\"banner-bg fill\" >\n            <div class=\"bg fill bg-fill \"><\/div>\n                                    \n                    <\/div>\n        <div class=\"banner-layers container\">\n            <div class=\"fill banner-link\"><\/div>            \n   <div id=\"text-box-563771590\" class=\"text-box banner-layer x10 md-x10 lg-x10 y50 md-y50 lg-y50 res-text\">\n                                <div class=\"text-box-content text \">\n              \n              <div class=\"text-inner text-left\">\n                  \n<h2>Ammattikosmetiikka<\/h2>\n\t<div id=\"gap-1269876492\" class=\"gap-element clearfix\" style=\"display:block; height:auto;\">\n\t\t\n<style>\n#gap-1269876492 {\n  padding-top: 12px;\n}\n<\/style>\n\t<\/div>\n\t\n<div class=\"is-divider divider clearfix\" style=\"margin-top:5.1px;margin-bottom:5.1px;max-width:20%;height:2px;background-color:rgba(141, 183, 196, 0.69);\"><\/div>\n\t<div id=\"gap-231274749\" class=\"gap-element clearfix\" style=\"display:block; height:auto;\">\n\t\t\n<style>\n#gap-231274749 {\n  padding-top: 7px;\n}\n<\/style>\n\t<\/div>\n\t\n<p><span style=\"font-size: 160%; color: #636363;\">Myym\u00e4l\u00e4mme tarjoaa laadukasta farmaseuttisissa ja tutkimuslaboratorioissa testattua ammattikosmetiikkaa. Kotisuvuillamme esitetty ammattikosmetiikka on tarkoitettu kosmetologin koulutuksen saaneille ammattilaisille.<\/span><\/p>\n<a href=\"https:\/\/beautyresidence.com\/fi\/shop\/\" target=\"_self\" class=\"button primary is-xlarge lowercase\"  style=\"border-radius:3px;\">\n    <span>Tuotekatalogi<\/span>\n  <\/a>\n\n              <\/div>\n           <\/div>\n                            \n<style>\n#text-box-563771590 {\n  width: 69%;\n}\n#text-box-563771590 .text-box-content {\n  font-size: 100%;\n}\n<\/style>\n    <\/div>\n \n        <\/div>\n      <\/div>\n\n            \n<style>\n#banner-1112730415 {\n  padding-top: 480px;\n  background-color: rgba(249, 249, 251, 0.95);\n}\n#banner-1112730415 .bg.bg-loaded {\n  background-image: url(https:\/\/beautyresidence.com\/wp-content\/uploads\/2018\/08\/b1-01.svg);\n}\n@media (min-width:550px) {\n  #banner-1112730415 {\n    padding-top: 720px;\n  }\n}\n@media (min-width:850px) {\n  #banner-1112730415 {\n    padding-top: 436px;\n  }\n}\n<\/style>\n  <\/div>\n\n\n\t\t<\/div>\n\t\t\t\t\t<\/div>\n\n\t\n<\/div>\n\t\t<\/div>\n\n\t\t\n<style>\n#section_1552998379 {\n  padding-top: 100px;\n  padding-bottom: 100px;\n  background-color: rgb(235, 230, 227);\n}\n#section_1552998379 .section-bg.bg-loaded {\n  background-image: url(https:\/\/beautyresidence.com\/wp-content\/uploads\/2026\/03\/1.jpg);\n}\n#section_1552998379 .section-bg {\n  background-position: 0% 0%;\n}\n<\/style>\n\t<\/section>\n\t\n\t<section class=\"section no-padding-section bg-h-full\" id=\"section_358742030\">\n\t\t<div class=\"bg section-bg fill bg-fill  \" >\n\n\t\t\t\n\t\t\t\n\t\t\t\n\n\t\t<\/div>\n\n\t\t<div class=\"section-content relative\">\n\t\t\t\n<div class=\"row row-collapse\"  id=\"row-472623859\">\n\n\t<div id=\"col-1243445202\" class=\"col medium-12 small-12 large-6\"  data-animate=\"fadeInLeft\">\n\t\t\t\t<div class=\"col-inner box-shadow-5\"  >\n\t\t\t\n\t\t\t\n\n  <div class=\"banner has-hover fix-banner-text-2\" id=\"banner-1390647233\">\n          <div class=\"banner-inner fill\">\n        <div class=\"banner-bg fill\" >\n            <div class=\"bg fill bg-fill \"><\/div>\n                                    \n                    <\/div>\n        <div class=\"banner-layers container\">\n            <div class=\"fill banner-link\"><\/div>            \n   <div id=\"text-box-276820964\" class=\"text-box banner-layer x10 md-x10 lg-x10 y50 md-y50 lg-y50 res-text\">\n                                <div class=\"text-box-content text \">\n              \n              <div class=\"text-inner text-left\">\n                  \n<h2>P\u00e4ivitt\u00e4iskosmetiikka<\/h2>\n\t<div id=\"gap-69200492\" class=\"gap-element clearfix\" style=\"display:block; height:auto;\">\n\t\t\n<style>\n#gap-69200492 {\n  padding-top: 12px;\n}\n<\/style>\n\t<\/div>\n\t\n<div class=\"is-divider divider clearfix\" style=\"margin-top:5.1px;margin-bottom:5.1px;max-width:20%;height:2px;background-color:rgba(141, 183, 196, 0.69);\"><\/div>\n\t<div id=\"gap-386207891\" class=\"gap-element clearfix\" style=\"display:block; height:auto;\">\n\t\t\n<style>\n#gap-386207891 {\n  padding-top: 7px;\n}\n<\/style>\n\t<\/div>\n\t\n<p><span style=\"font-size: 160%; color: #636363;\">Suosittelemme valitsemaan p\u00e4ivitt\u00e4iskosmetiikkaa ihotyyppisi mukaan tehdyt hoidot huomioon ottaen. Oikea ihosi hoito kotonasi salongissa tehtyjen hoitojen j\u00e4lkeen vahvistaa ja yll\u00e4pit\u00e4\u00e4 tuloksen, jolloin ihosi pysyy terveen\u00e4 ja s\u00e4teilev\u00e4n\u00e4 mahdollisimman kauan.<\/span><\/p>\n<a href=\"\" target=\"_self\" class=\"button primary is-xlarge lowercase\"  style=\"border-radius:3px;\">\n    <span>Tuotekatalogi<\/span>\n  <\/a>\n\n              <\/div>\n           <\/div>\n                            \n<style>\n#text-box-276820964 {\n  width: 80%;\n}\n#text-box-276820964 .text-box-content {\n  font-size: 100%;\n}\n<\/style>\n    <\/div>\n \n        <\/div>\n      <\/div>\n\n            \n<style>\n#banner-1390647233 {\n  padding-top: 480px;\n  background-color: rgba(249, 249, 251, 0.95);\n}\n#banner-1390647233 .bg.bg-loaded {\n  background-image: url(https:\/\/beautyresidence.com\/wp-content\/uploads\/2018\/08\/b4.svg);\n}\n@media (min-width:550px) {\n  #banner-1390647233 {\n    padding-top: 720px;\n  }\n}\n@media (min-width:850px) {\n  #banner-1390647233 {\n    padding-top: 449px;\n  }\n}\n<\/style>\n  <\/div>\n\n\n\t\t<\/div>\n\t\t\t\t\t<\/div>\n\n\t\n\n\t<div id=\"col-430231505\" class=\"col hide-for-medium medium-4 small-12 large-6\"  >\n\t\t\t\t<div class=\"col-inner\"  >\n\t\t\t\n\t\t\t\n\t\t<\/div>\n\t\t\t\t\t<\/div>\n\n\t\n<\/div>\n\t\t<\/div>\n\n\t\t\n<style>\n#section_358742030 {\n  padding-top: 100px;\n  padding-bottom: 100px;\n  background-color: rgb(235, 230, 227);\n}\n#section_358742030 .section-bg.bg-loaded {\n  background-image: url(https:\/\/beautyresidence.com\/wp-content\/uploads\/2026\/03\/2-1.jpg);\n}\n#section_358742030 .section-bg {\n  background-position: 100% 0%;\n}\n<\/style>\n\t<\/section>\n\t\n\t<section class=\"section no-padding-section bg-h-full\" id=\"section_1593356097\">\n\t\t<div class=\"bg section-bg fill bg-fill  \" >\n\n\t\t\t\n\t\t\t\n\t\t\t\n\n\t\t<\/div>\n\n\t\t<div class=\"section-content relative\">\n\t\t\t\n<div class=\"row row-collapse\"  id=\"row-604594116\">\n\n\t<div id=\"col-1512296585\" class=\"col hide-for-medium medium-4 small-12 large-6\"  >\n\t\t\t\t<div class=\"col-inner\"  >\n\t\t\t\n\t\t\t\n\t\t<\/div>\n\t\t\t\t\t<\/div>\n\n\t\n\n\t<div id=\"col-738483894\" class=\"col medium-12 small-12 large-6\"  data-animate=\"fadeInRight\">\n\t\t\t\t<div class=\"col-inner box-shadow-5\"  >\n\t\t\t\n\t\t\t\n\n  <div class=\"banner has-hover fix-banner-text-2\" id=\"banner-1127231605\">\n          <div class=\"banner-inner fill\">\n        <div class=\"banner-bg fill\" >\n            <div class=\"bg fill bg-fill \"><\/div>\n                                    \n                    <\/div>\n        <div class=\"banner-layers container\">\n            <div class=\"fill banner-link\"><\/div>            \n   <div id=\"text-box-1586778632\" class=\"text-box banner-layer x10 md-x10 lg-x10 y50 md-y50 lg-y50 res-text\">\n                                <div class=\"text-box-content text \">\n              \n              <div class=\"text-inner text-left\">\n                  \n<h2>Esteettisess\u00e4 kosmetologiassa k\u00e4ytett\u00e4v\u00e4t valmisteet<\/h2>\n\t<div id=\"gap-1482822885\" class=\"gap-element clearfix\" style=\"display:block; height:auto;\">\n\t\t\n<style>\n#gap-1482822885 {\n  padding-top: 12px;\n}\n<\/style>\n\t<\/div>\n\t\n<div class=\"is-divider divider clearfix\" style=\"margin-top:5.1px;margin-bottom:5.1px;max-width:20%;height:2px;background-color:rgba(141, 183, 196, 0.69);\"><\/div>\n\t<div id=\"gap-1669479934\" class=\"gap-element clearfix\" style=\"display:block; height:auto;\">\n\t\t\n<style>\n#gap-1669479934 {\n  padding-top: 7px;\n}\n<\/style>\n\t<\/div>\n\t\n<p><span style=\"font-size: 160%; color: #636363;\">Esteettinen kosmetologia taistelee biologiaan liittyvi\u00e4 ihon ongelmia vastaan. Yhti\u00f6mme tarjoaa erilaisia valmisteita, jotka parantavat ihoa ilman plastiikkakirurgiaa. Esteettisen kosmetologian valmisteet auttavat monissa iho-ongelmissa, kuten akne, couperosa tai hyperpigmentaatio. Valmisteet pystyv\u00e4t nuorentamaan kasvojen ja vartalon ihoa, parantamaan sen yleiskuntoa, piilottamaan puutteet ja korostamaan parhaat puolet.<\/span><\/p>\n<a href=\"https:\/\/beautyresidence.com\/fi\/shop\/?fwp_product_categories=estettiset-hoidot\" target=\"_self\" class=\"button primary is-xlarge lowercase\"  style=\"border-radius:3px;\">\n    <span>Tuotekatalogi<\/span>\n  <\/a>\n\n              <\/div>\n           <\/div>\n                            \n<style>\n#text-box-1586778632 {\n  width: 86%;\n}\n#text-box-1586778632 .text-box-content {\n  font-size: 100%;\n}\n<\/style>\n    <\/div>\n \n        <\/div>\n      <\/div>\n\n            \n<style>\n#banner-1127231605 {\n  padding-top: 480px;\n  background-color: rgba(249, 249, 251, 0.95);\n}\n#banner-1127231605 .bg.bg-loaded {\n  background-image: url(https:\/\/beautyresidence.com\/wp-content\/uploads\/2018\/08\/b3.svg);\n}\n@media (min-width:550px) {\n  #banner-1127231605 {\n    padding-top: 720px;\n  }\n}\n@media (min-width:850px) {\n  #banner-1127231605 {\n    padding-top: 527px;\n  }\n}\n<\/style>\n  <\/div>\n\n\n\t\t<\/div>\n\t\t\t\t\t<\/div>\n\n\t\n<\/div>\n\t\t<\/div>\n\n\t\t\n<style>\n#section_1593356097 {\n  padding-top: 100px;\n  padding-bottom: 100px;\n  background-color: rgb(235, 230, 227);\n}\n#section_1593356097 .section-bg.bg-loaded {\n  background-image: url(https:\/\/beautyresidence.com\/wp-content\/uploads\/2026\/03\/3.jpg);\n}\n#section_1593356097 .section-bg {\n  background-position: 0% 0%;\n}\n<\/style>\n\t<\/section>\n\t\n","protected":false},"excerpt":{"rendered":"","protected":false},"author":2,"featured_media":0,"parent":0,"menu_order":0,"comment_status":"closed","ping_status":"closed","template":"page-blank.php","meta":{"yasr_overall_rating":0,"yasr_post_is_review":"","yasr_auto_insert_disabled":"","yasr_review_type":"","footnotes":""},"yasr_visitor_votes":{"number_of_votes":0,"sum_votes":0,"stars_attributes":{"read_only":true,"span_bottom":"<div class='yasr-small-block-bold'><span class='yasr-visitor-votes-must-sign-in'><\/span><\/div>"}},"_links":{"self":[{"href":"https:\/\/beautyresidence.com\/fi\/wp-json\/wp\/v2\/pages\/1405"}],"collection":[{"href":"https:\/\/beautyresidence.com\/fi\/wp-json\/wp\/v2\/pages"}],"about":[{"href":"https:\/\/beautyresidence.com\/fi\/wp-json\/wp\/v2\/types\/page"}],"author":[{"embeddable":true,"href":"https:\/\/beautyresidence.com\/fi\/wp-json\/wp\/v2\/users\/2"}],"replies":[{"embeddable":true,"href":"https:\/\/beautyresidence.com\/fi\/wp-json\/wp\/v2\/comments?post=1405"}],"version-history":[{"count":10,"href":"https:\/\/beautyresidence.com\/fi\/wp-json\/wp\/v2\/pages\/1405\/revisions"}],"predecessor-version":[{"id":8287,"href":"https:\/\/beautyresidence.com\/fi\/wp-json\/wp\/v2\/pages\/1405\/revisions\/8287"}],"wp:attachment":[{"href":"https:\/\/beautyresidence.com\/fi\/wp-json\/wp\/v2\/media?parent=1405"}],"curies":[{"name":"wp","href":"https:\/\/api.w.org\/{rel}","templated":true}]}}