{"id":8074,"date":"2026-01-23T09:49:32","date_gmt":"2026-01-23T07:56:01","guid":{"rendered":"https:\/\/beautyresidence.com\/?post_type=product&#038;p=8074"},"modified":"2026-01-23T09:56:56","modified_gmt":"2026-01-23T07:56:56","slug":"exohyal-complex-30ml-natinuel","status":"publish","type":"product","link":"https:\/\/beautyresidence.com\/et\/shop\/professionaalne-kosmeetika\/professionaalne-kosmeetika-nagu\/exohyal-complex-30ml-natinuel\/","title":{"rendered":"EXOHYAL COMPLEX, 30ml NATINUEL"},"content":{"rendered":"<p data-start=\"31\" data-end=\"190\"><strong data-start=\"31\" data-end=\"71\">Naha regeneratsioon ja noorendamine:<\/strong> stimuleerib naha taastumis- ja noorenemisprotsesse.<br data-start=\"123\" data-end=\"126\" \/>V\u00e4hendab n\u00e4htavalt kortsude s\u00fcgavust ja parandab naha elastsust.<\/p>\n<p data-start=\"192\" data-end=\"290\"><strong data-start=\"192\" data-end=\"234\">H\u00fcperpigmentatsiooni normaliseerimine:<\/strong> aitab \u00fchtlustada nahatooni ja v\u00e4hendada tumedaid laike.<\/p>\n<p data-start=\"292\" data-end=\"386\"><strong data-start=\"292\" data-end=\"329\">P\u00f5letikuvastane ja taastav toime:<\/strong> rahustab p\u00f5letikke ja kiirendab naha paranemisprotsessi.<\/p>\n<p data-start=\"388\" data-end=\"520\"><strong data-start=\"388\" data-end=\"419\">Geeni moduleeriv aktiivsus:<\/strong> reguleerib geeniekspressiooni, toetades optimaalset rakulist vastust ja parandades naha funktsiooni.<\/p>\n<p data-start=\"522\" data-end=\"656\"><strong data-start=\"522\" data-end=\"561\">Mitme molekulmassiga H\u00dcALUROONHAPE:<\/strong> parandab naha niisutatust erinevatel tasanditel, andes nahale t\u00e4idlasema ja siledama v\u00e4limuse.<\/p>\n<p data-start=\"658\" data-end=\"1137\"><strong data-start=\"658\" data-end=\"674\">BIOKOMPLEKS:<\/strong><br data-start=\"674\" data-end=\"677\" \/>\u2022 <strong data-start=\"679\" data-end=\"715\">ELASTAASI ja CCN1 inhibeerimine:<\/strong> aitab s\u00e4ilitada naha terviklikkust ja elastsust.<br data-start=\"764\" data-end=\"767\" \/>\u2022 <strong data-start=\"769\" data-end=\"794\">Antioks\u00fcdantne toime:<\/strong> kaitseb rakke oks\u00fcdatiivse stressi eest, v\u00e4hendades vabade radikaalide p\u00f5hjustatud kahjustusi.<br data-start=\"889\" data-end=\"892\" \/>\u2022 <strong data-start=\"894\" data-end=\"929\" data-is-only-node=\"\">Antigl\u00fckatsiooniline aktiivsus:<\/strong> ennetab gl\u00fckatsiooniga seotud rakukahjustusi, aidates hoida naha noore ja tervena.<br data-start=\"1012\" data-end=\"1015\" \/>\u2022 <strong data-start=\"1017\" data-end=\"1062\">Vananemisvastane (anti-senescence) toime:<\/strong> takistab fibroblastide senestsentsi, soodustades naharakkude eluj\u00f5ulisust.<\/p>\n<p>&nbsp;<\/p>\n","protected":false},"excerpt":{"rendered":"<p>Stimuleerib naha taastumis- ja noorenemisprotsesse.<br data-start=\"101\" data-end=\"104\" \/>V\u00e4hendab n\u00e4htavalt kortsude s\u00fcgavust ja parandab naha elastsust.<br data-start=\"168\" data-end=\"171\" \/><strong data-start=\"171\" data-end=\"184\" data-is-last-node=\"\">Kood: P40<\/strong><\/p>\n","protected":false},"featured_media":8071,"template":"","meta":{"yasr_overall_rating":0,"yasr_post_is_review":"","yasr_auto_insert_disabled":"","yasr_review_type":""},"product_cat":[400,303],"product_tag":[],"bundle_layout":"","bundled_by":[],"bundled_items":[],"yasr_visitor_votes":{"number_of_votes":0,"sum_votes":0,"stars_attributes":{"read_only":true,"span_bottom":"<div class='yasr-small-block-bold'><span class='yasr-visitor-votes-must-sign-in'><\/span><\/div>"}},"_links":{"self":[{"href":"https:\/\/beautyresidence.com\/et\/wp-json\/wp\/v2\/product\/8074"}],"collection":[{"href":"https:\/\/beautyresidence.com\/et\/wp-json\/wp\/v2\/product"}],"about":[{"href":"https:\/\/beautyresidence.com\/et\/wp-json\/wp\/v2\/types\/product"}],"wp:featuredmedia":[{"embeddable":true,"href":"https:\/\/beautyresidence.com\/et\/wp-json\/wp\/v2\/media\/8071"}],"wp:attachment":[{"href":"https:\/\/beautyresidence.com\/et\/wp-json\/wp\/v2\/media?parent=8074"}],"wp:term":[{"taxonomy":"product_cat","embeddable":true,"href":"https:\/\/beautyresidence.com\/et\/wp-json\/wp\/v2\/product_cat?post=8074"},{"taxonomy":"product_tag","embeddable":true,"href":"https:\/\/beautyresidence.com\/et\/wp-json\/wp\/v2\/product_tag?post=8074"}],"curies":[{"name":"wp","href":"https:\/\/api.w.org\/{rel}","templated":true}]}}