{"id":7382,"date":"2023-09-21T09:41:18","date_gmt":"2023-09-21T06:41:18","guid":{"rendered":"https:\/\/beautyresidence.com\/shop\/maaratlemata\/in-ac-zn-5ml-eldermafill\/"},"modified":"2023-09-21T09:41:18","modified_gmt":"2023-09-21T06:41:18","slug":"in-ac-zn-5ml-eldermafill","status":"publish","type":"product","link":"https:\/\/beautyresidence.com\/et\/shop\/professionaalne-kosmeetika\/professionaalne-kosmeetika-nagu\/in-ac-zn-5ml-eldermafill\/","title":{"rendered":"In-Ac + Zn, 5ml ELDERMAFILL"},"content":{"rendered":"","protected":false},"excerpt":{"rendered":"<p>Kortsude silumine, globaalne t\u00f5stmine<br \/>\nAju- ja p\u00f5sepiirkonna vol\u00fc\u00fcmi suurendamine<br \/>\nN\u00e4o ovaalsuse korrigeerimine<br \/>\nkortsude korrigeerimine (nasolabiaalseid kortsukesi, koerajalgu jne).<br \/>\nProbleemse, p\u00f5letikulise naha lahendamine<\/p>\n","protected":false},"featured_media":7042,"template":"","meta":{"yasr_overall_rating":0,"yasr_post_is_review":"","yasr_auto_insert_disabled":"","yasr_review_type":""},"product_cat":[400,303],"product_tag":[],"bundle_layout":"","bundled_by":[],"bundled_items":[],"yasr_visitor_votes":{"number_of_votes":0,"sum_votes":0,"stars_attributes":{"read_only":true,"span_bottom":"<div class='yasr-small-block-bold'><span class='yasr-visitor-votes-must-sign-in'><\/span><\/div>"}},"_links":{"self":[{"href":"https:\/\/beautyresidence.com\/et\/wp-json\/wp\/v2\/product\/7382"}],"collection":[{"href":"https:\/\/beautyresidence.com\/et\/wp-json\/wp\/v2\/product"}],"about":[{"href":"https:\/\/beautyresidence.com\/et\/wp-json\/wp\/v2\/types\/product"}],"wp:featuredmedia":[{"embeddable":true,"href":"https:\/\/beautyresidence.com\/et\/wp-json\/wp\/v2\/media\/7042"}],"wp:attachment":[{"href":"https:\/\/beautyresidence.com\/et\/wp-json\/wp\/v2\/media?parent=7382"}],"wp:term":[{"taxonomy":"product_cat","embeddable":true,"href":"https:\/\/beautyresidence.com\/et\/wp-json\/wp\/v2\/product_cat?post=7382"},{"taxonomy":"product_tag","embeddable":true,"href":"https:\/\/beautyresidence.com\/et\/wp-json\/wp\/v2\/product_tag?post=7382"}],"curies":[{"name":"wp","href":"https:\/\/api.w.org\/{rel}","templated":true}]}}