{"id":7379,"date":"2023-09-21T10:00:57","date_gmt":"2023-09-21T07:00:57","guid":{"rendered":"https:\/\/beautyresidence.com\/shop\/maaratlemata\/pdrn-booster-5ml-eldermafill\/"},"modified":"2023-12-20T23:29:31","modified_gmt":"2023-12-20T21:29:31","slug":"pdrn-booster-5ml-eldermafill","status":"publish","type":"product","link":"https:\/\/beautyresidence.com\/et\/shop\/professionaalne-kosmeetika\/professionaalne-kosmeetika-nagu\/pdrn-booster-5ml-eldermafill\/","title":{"rendered":"PDRN Booster, 5ml ELDERMAFILL"},"content":{"rendered":"<p>PDRN, Microbial Culture HACME<\/p>\n","protected":false},"excerpt":{"rendered":"<p>V kontuuri n\u00e4o<br \/>\nPaistetuse ja paistetuse k\u00f5rvaldamine periorbitaalpiirkonnas.<br \/>\nSilmade all olevate tumedate ringide v\u00e4hendamine<br \/>\nTekitab v\u00e4ljendunud n\u00e4okontuuri efekti, eriti n\u00e4o alumises kolmandikus.<br \/>\nEemaldab paistetuse ja liigse mahu teisest l\u00f5uast.<br \/>\nDrenaa\u017eiefekt<br \/>\nParandab l\u00fcmfidrenaa\u017ei ja mikrotsirkulatsiooni<br \/>\nVasaprotection<br \/>\nKollageeni ja elastiinikiudude taastamine ja kaitse<br \/>\nStruktuurse ja funktsionaalse seisundi parandamine ja naha taaselustamine<\/p>\n","protected":false},"featured_media":7051,"template":"","meta":{"yasr_overall_rating":0,"yasr_post_is_review":"","yasr_auto_insert_disabled":"","yasr_review_type":""},"product_cat":[400,303],"product_tag":[],"bundle_layout":"","bundled_by":[],"bundled_items":[],"yasr_visitor_votes":{"number_of_votes":0,"sum_votes":0,"stars_attributes":{"read_only":true,"span_bottom":"<div class='yasr-small-block-bold'><span class='yasr-visitor-votes-must-sign-in'><\/span><\/div>"}},"_links":{"self":[{"href":"https:\/\/beautyresidence.com\/et\/wp-json\/wp\/v2\/product\/7379"}],"collection":[{"href":"https:\/\/beautyresidence.com\/et\/wp-json\/wp\/v2\/product"}],"about":[{"href":"https:\/\/beautyresidence.com\/et\/wp-json\/wp\/v2\/types\/product"}],"wp:featuredmedia":[{"embeddable":true,"href":"https:\/\/beautyresidence.com\/et\/wp-json\/wp\/v2\/media\/7051"}],"wp:attachment":[{"href":"https:\/\/beautyresidence.com\/et\/wp-json\/wp\/v2\/media?parent=7379"}],"wp:term":[{"taxonomy":"product_cat","embeddable":true,"href":"https:\/\/beautyresidence.com\/et\/wp-json\/wp\/v2\/product_cat?post=7379"},{"taxonomy":"product_tag","embeddable":true,"href":"https:\/\/beautyresidence.com\/et\/wp-json\/wp\/v2\/product_tag?post=7379"}],"curies":[{"name":"wp","href":"https:\/\/api.w.org\/{rel}","templated":true}]}}