{"id":7376,"date":"2023-09-21T10:03:23","date_gmt":"2023-09-21T07:03:23","guid":{"rendered":"https:\/\/beautyresidence.com\/shop\/maaratlemata\/hair-forest-5ml-eldermafill\/"},"modified":"2023-09-21T10:03:23","modified_gmt":"2023-09-21T07:03:23","slug":"hair-forest-5ml-eldermafill","status":"publish","type":"product","link":"https:\/\/beautyresidence.com\/et\/shop\/professionaalne-kosmeetika\/professionaalne-kosmeetika-keha\/hair-forest-5ml-eldermafill\/","title":{"rendered":"Hair Forest, 5ml ELDERMAFILL"},"content":{"rendered":"<p>PDRN, Hyaluronic Acid, Menthol, Sodium Hyaluronate, Human Adipocyte Conditioned Media Extract, Oligopeptides and Polypeptides Complex<\/p>\n","protected":false},"excerpt":{"rendered":"<p>Stimulatsioon, mikrotsirkulatsioon juuksefolliikulite piirkonnas<br \/>\nAbi k\u00f5igi alopeetsia t\u00fc\u00fcpide puhul<br \/>\nJuuste kasvu kiirendamine (pea, kulmud, ripsmed)<br \/>\nJuuksefolliikulite tugevdamine<br \/>\nJuuste v\u00e4ljalangemise ravi<\/p>\n","protected":false},"featured_media":7047,"template":"","meta":{"yasr_overall_rating":0,"yasr_post_is_review":"","yasr_auto_insert_disabled":"","yasr_review_type":""},"product_cat":[328,303],"product_tag":[],"bundle_layout":"","bundled_by":[],"bundled_items":[],"yasr_visitor_votes":{"number_of_votes":0,"sum_votes":0,"stars_attributes":{"read_only":true,"span_bottom":"<div class='yasr-small-block-bold'><span class='yasr-visitor-votes-must-sign-in'><\/span><\/div>"}},"_links":{"self":[{"href":"https:\/\/beautyresidence.com\/et\/wp-json\/wp\/v2\/product\/7376"}],"collection":[{"href":"https:\/\/beautyresidence.com\/et\/wp-json\/wp\/v2\/product"}],"about":[{"href":"https:\/\/beautyresidence.com\/et\/wp-json\/wp\/v2\/types\/product"}],"wp:featuredmedia":[{"embeddable":true,"href":"https:\/\/beautyresidence.com\/et\/wp-json\/wp\/v2\/media\/7047"}],"wp:attachment":[{"href":"https:\/\/beautyresidence.com\/et\/wp-json\/wp\/v2\/media?parent=7376"}],"wp:term":[{"taxonomy":"product_cat","embeddable":true,"href":"https:\/\/beautyresidence.com\/et\/wp-json\/wp\/v2\/product_cat?post=7376"},{"taxonomy":"product_tag","embeddable":true,"href":"https:\/\/beautyresidence.com\/et\/wp-json\/wp\/v2\/product_tag?post=7376"}],"curies":[{"name":"wp","href":"https:\/\/api.w.org\/{rel}","templated":true}]}}