{"id":7373,"date":"2023-09-21T10:06:09","date_gmt":"2023-09-21T07:06:09","guid":{"rendered":"https:\/\/beautyresidence.com\/shop\/maaratlemata\/htl-t-5ml-eldermafill\/"},"modified":"2023-09-21T10:06:09","modified_gmt":"2023-09-21T07:06:09","slug":"htl-t-5ml-eldermafill","status":"publish","type":"product","link":"https:\/\/beautyresidence.com\/et\/shop\/professionaalne-kosmeetika\/professionaalne-kosmeetika-nagu\/htl-t-5ml-eldermafill\/","title":{"rendered":"HTL-T, 5ml ELDERMAFILL"},"content":{"rendered":"<p>Hyaluronidase, Caffeine, Carnitine, Arginine, Peptides, Cyanocobalamin<\/p>\n","protected":false},"excerpt":{"rendered":"<p>V\u00e4ga t\u00f5hus ekspresslahendus teise l\u00f5ua jaoks<br \/>\nEemaldab liigse mahu n\u00e4olt ja kehalt<br \/>\nIdeaalse kontuuri ja n\u00e4o ovaali moodustamine<br \/>\nTselluliidi ja turse k\u00f5rvaldamine<br \/>\nKudede pinguldamine ja paksenemine<br \/>\nH\u00fcdrofiltreerimine<\/p>\n","protected":false},"featured_media":7057,"template":"","meta":{"yasr_overall_rating":0,"yasr_post_is_review":"","yasr_auto_insert_disabled":"","yasr_review_type":""},"product_cat":[400,303],"product_tag":[],"bundle_layout":"","bundled_by":[],"bundled_items":[],"yasr_visitor_votes":{"number_of_votes":0,"sum_votes":0,"stars_attributes":{"read_only":true,"span_bottom":"<div class='yasr-small-block-bold'><span class='yasr-visitor-votes-must-sign-in'><\/span><\/div>"}},"_links":{"self":[{"href":"https:\/\/beautyresidence.com\/et\/wp-json\/wp\/v2\/product\/7373"}],"collection":[{"href":"https:\/\/beautyresidence.com\/et\/wp-json\/wp\/v2\/product"}],"about":[{"href":"https:\/\/beautyresidence.com\/et\/wp-json\/wp\/v2\/types\/product"}],"wp:featuredmedia":[{"embeddable":true,"href":"https:\/\/beautyresidence.com\/et\/wp-json\/wp\/v2\/media\/7057"}],"wp:attachment":[{"href":"https:\/\/beautyresidence.com\/et\/wp-json\/wp\/v2\/media?parent=7373"}],"wp:term":[{"taxonomy":"product_cat","embeddable":true,"href":"https:\/\/beautyresidence.com\/et\/wp-json\/wp\/v2\/product_cat?post=7373"},{"taxonomy":"product_tag","embeddable":true,"href":"https:\/\/beautyresidence.com\/et\/wp-json\/wp\/v2\/product_tag?post=7373"}],"curies":[{"name":"wp","href":"https:\/\/api.w.org\/{rel}","templated":true}]}}