{"id":7369,"date":"2023-12-05T00:52:18","date_gmt":"2023-12-04T22:52:18","guid":{"rendered":"https:\/\/beautyresidence.com\/shop\/maaratlemata\/exo-ampoule-activator-100mg-5ml-eldermafill\/"},"modified":"2023-12-05T00:52:18","modified_gmt":"2023-12-04T22:52:18","slug":"exo-ampoule-activator-100mg-5ml-eldermafill","status":"publish","type":"product","link":"https:\/\/beautyresidence.com\/et\/shop\/kodukosmeetika\/kodukosmeetika-nagu\/exo-ampoule-activator-100mg-5ml-eldermafill\/","title":{"rendered":"EXO-Ampoule + Activator, 100mg + 5ml ELDERMAFILL"},"content":{"rendered":"<p><strong>EXO-Ampoule:<\/strong>\u00a0Sodium Hyaluronate, Human Dermal Fibroblast Induced Multipotent Cell Exosomes<\/p>\n<p><strong>EXO-Activator:<\/strong>\u00a0PDRN, Tranexamic Acid, Niacinamide, Amino Acids, Sodium Chloride, Hydrolyzed Collagen, Ascorbylglucoside, Glutathione, Ascorbic Acid, Sodium Hyaluronate, Adenosine, Maltodextrin, Sodium Citrate, Panthenol, Thiamine HCl, Biotin, Citric Acid, Glucose, Copper-1 Tripeptide, Glutamic Acid, Aspartic Acid, Water<\/p>\n","protected":false},"excerpt":{"rendered":"<p>Tegevus:<\/p>\n<p>Suurendab kollageeni tootmist 10 korda!<br \/>\nSoodustab kiiremat taastumist<br \/>\nSoodustab uute veresoonte moodustumist<br \/>\nVanusega seotud muutuste korrigeerimine<br \/>\nFotokahjustuste korrigeerimine<br \/>\nK\u00f5igi alopeetsia t\u00fc\u00fcpide ravi<br \/>\nMis tahes etioloogiaga p\u00f5letikuliste protsesside ravi remissiooni staadiumis<br \/>\nP\u00f5letikuj\u00e4rgse pigmentatsiooni ravi<br \/>\nKuperoosi kompleksne ravi<br \/>\nEttevalmistus agressiivseteks kosmetoloogilisteks protseduurideks<br \/>\nTroofiliste h\u00e4irete taastamine nahas<br \/>\nGravitatsioonilise ptoosi ravi<br \/>\nVenitusarmide korrigeerimine n\u00e4o ja keha piirkonnas<\/p>\n","protected":false},"featured_media":7266,"template":"","meta":{"yasr_overall_rating":0,"yasr_post_is_review":"","yasr_auto_insert_disabled":"","yasr_review_type":""},"product_cat":[356,365,303],"product_tag":[],"bundle_layout":"","bundled_by":[],"bundled_items":[],"yasr_visitor_votes":{"number_of_votes":0,"sum_votes":0,"stars_attributes":{"read_only":true,"span_bottom":"<div class='yasr-small-block-bold'><span class='yasr-visitor-votes-must-sign-in'><\/span><\/div>"}},"_links":{"self":[{"href":"https:\/\/beautyresidence.com\/et\/wp-json\/wp\/v2\/product\/7369"}],"collection":[{"href":"https:\/\/beautyresidence.com\/et\/wp-json\/wp\/v2\/product"}],"about":[{"href":"https:\/\/beautyresidence.com\/et\/wp-json\/wp\/v2\/types\/product"}],"wp:featuredmedia":[{"embeddable":true,"href":"https:\/\/beautyresidence.com\/et\/wp-json\/wp\/v2\/media\/7266"}],"wp:attachment":[{"href":"https:\/\/beautyresidence.com\/et\/wp-json\/wp\/v2\/media?parent=7369"}],"wp:term":[{"taxonomy":"product_cat","embeddable":true,"href":"https:\/\/beautyresidence.com\/et\/wp-json\/wp\/v2\/product_cat?post=7369"},{"taxonomy":"product_tag","embeddable":true,"href":"https:\/\/beautyresidence.com\/et\/wp-json\/wp\/v2\/product_tag?post=7369"}],"curies":[{"name":"wp","href":"https:\/\/api.w.org\/{rel}","templated":true}]}}