{"id":7357,"date":"2023-10-03T19:30:54","date_gmt":"2023-10-03T16:30:54","guid":{"rendered":"https:\/\/beautyresidence.com\/shop\/maaratlemata\/eyes-constructor-5ml-eldermafill\/"},"modified":"2023-12-20T23:22:06","modified_gmt":"2023-12-20T21:22:06","slug":"eyes-constructor-5ml-eldermafill","status":"publish","type":"product","link":"https:\/\/beautyresidence.com\/et\/shop\/professionaalne-kosmeetika\/professionaalne-kosmeetika-nagu\/eyes-constructor-5ml-eldermafill\/","title":{"rendered":"Eye&#8217;s Constructor, 5ml ELDERMAFILL"},"content":{"rendered":"<p>PDRN, Tranexamic Acid, 3 types of Hyaluronic Acid, Aspartic Acid, Glutamic Acid, Antarcticine, Microbial Culture HACME, Complex of sh-Polipeptides (3, 9, 22, 2, 11)<\/p>\n","protected":false},"excerpt":{"rendered":"<p>Silmade all olevate tumedate ringide k\u00f5rvaldamine.<br \/>\nkortsude silumine, silmalaugude t\u00f5stmine<br \/>\nV\u00e4simuse m\u00e4rkide k\u00f5rvaldamine<br \/>\nNiisutamine ja toitmine<br \/>\nT\u00f5stmine silmade \u00fcmber<br \/>\n\u00dclemiste silmalaugude t\u00f5stmine<\/p>\n","protected":false},"featured_media":7092,"template":"","meta":{"yasr_overall_rating":5,"yasr_post_is_review":"","yasr_auto_insert_disabled":"","yasr_review_type":""},"product_cat":[400,303],"product_tag":[],"bundle_layout":"","bundled_by":[],"bundled_items":[],"yasr_visitor_votes":{"number_of_votes":0,"sum_votes":0,"stars_attributes":{"read_only":true,"span_bottom":"<div class='yasr-small-block-bold'><span class='yasr-visitor-votes-must-sign-in'><\/span><\/div>"}},"_links":{"self":[{"href":"https:\/\/beautyresidence.com\/et\/wp-json\/wp\/v2\/product\/7357"}],"collection":[{"href":"https:\/\/beautyresidence.com\/et\/wp-json\/wp\/v2\/product"}],"about":[{"href":"https:\/\/beautyresidence.com\/et\/wp-json\/wp\/v2\/types\/product"}],"wp:featuredmedia":[{"embeddable":true,"href":"https:\/\/beautyresidence.com\/et\/wp-json\/wp\/v2\/media\/7092"}],"wp:attachment":[{"href":"https:\/\/beautyresidence.com\/et\/wp-json\/wp\/v2\/media?parent=7357"}],"wp:term":[{"taxonomy":"product_cat","embeddable":true,"href":"https:\/\/beautyresidence.com\/et\/wp-json\/wp\/v2\/product_cat?post=7357"},{"taxonomy":"product_tag","embeddable":true,"href":"https:\/\/beautyresidence.com\/et\/wp-json\/wp\/v2\/product_tag?post=7357"}],"curies":[{"name":"wp","href":"https:\/\/api.w.org\/{rel}","templated":true}]}}