{"id":7354,"date":"2023-10-03T19:34:27","date_gmt":"2023-10-03T16:34:27","guid":{"rendered":"https:\/\/beautyresidence.com\/shop\/maaratlemata\/exo-peel-15ml-eldermafill\/"},"modified":"2023-12-20T23:19:50","modified_gmt":"2023-12-20T21:19:50","slug":"exo-peel-15ml-eldermafill","status":"publish","type":"product","link":"https:\/\/beautyresidence.com\/et\/shop\/professionaalne-kosmeetika\/professionaalne-kosmeetika-nagu\/exo-peel-15ml-eldermafill\/","title":{"rendered":"EXO-PEEL, 15ml ELDERMAFILL"},"content":{"rendered":"<p>Dichloroacetic acid, Exosomes of multipotent cells induced by human skin fibroblasts, Tromethamine, Kojic acid, Hydrogen peroxide, Sodium hydroxide, 1,2-Hexanediol, Ethylhexylglycerin, Propylene glycol, Glycerin, Sucrose , Simmondsia sinensis (Jojoba) Seed Oil, Sunflower (Helianthus Annuus) Seed Oil, Cymbopogon Shenanthus Oil, Rose Flower Oil, Citrus Lemon (Lemon) Fruit Oil, Camellia Japonica Seed Oil, Oligopeptides and Polypeptides Complex<\/p>\n","protected":false},"excerpt":{"rendered":"<p>Vanusega seotud muutuste korrigeerimine<br \/>\nFotokahjustuste korrigeerimine<br \/>\nK\u00f5igi alopeetsia t\u00fc\u00fcpide ravi<br \/>\nMis tahes etioloogiaga p\u00f5letikuliste protsesside ravi remissiooni staadiumis.<br \/>\nP\u00f5letikuj\u00e4rgse pigmentatsiooni ravi<br \/>\nKuperoosi kompleksne ravi<br \/>\nTaastumine ja ettevalmistus agressiivseteks kosmetoloogilisteks protseduurideks<br \/>\nTroofiliste h\u00e4irete taastamine nahas<br \/>\nGravitatsioonilise ptoosi ravi<br \/>\nKseroosi ravi<\/p>\n","protected":false},"featured_media":7102,"template":"","meta":{"yasr_overall_rating":0,"yasr_post_is_review":"","yasr_auto_insert_disabled":"","yasr_review_type":""},"product_cat":[400,303],"product_tag":[],"bundle_layout":"","bundled_by":[],"bundled_items":[],"yasr_visitor_votes":{"number_of_votes":0,"sum_votes":0,"stars_attributes":{"read_only":true,"span_bottom":"<div class='yasr-small-block-bold'><span class='yasr-visitor-votes-must-sign-in'><\/span><\/div>"}},"_links":{"self":[{"href":"https:\/\/beautyresidence.com\/et\/wp-json\/wp\/v2\/product\/7354"}],"collection":[{"href":"https:\/\/beautyresidence.com\/et\/wp-json\/wp\/v2\/product"}],"about":[{"href":"https:\/\/beautyresidence.com\/et\/wp-json\/wp\/v2\/types\/product"}],"wp:featuredmedia":[{"embeddable":true,"href":"https:\/\/beautyresidence.com\/et\/wp-json\/wp\/v2\/media\/7102"}],"wp:attachment":[{"href":"https:\/\/beautyresidence.com\/et\/wp-json\/wp\/v2\/media?parent=7354"}],"wp:term":[{"taxonomy":"product_cat","embeddable":true,"href":"https:\/\/beautyresidence.com\/et\/wp-json\/wp\/v2\/product_cat?post=7354"},{"taxonomy":"product_tag","embeddable":true,"href":"https:\/\/beautyresidence.com\/et\/wp-json\/wp\/v2\/product_tag?post=7354"}],"curies":[{"name":"wp","href":"https:\/\/api.w.org\/{rel}","templated":true}]}}