{"id":7350,"date":"2023-10-03T19:36:23","date_gmt":"2023-10-03T16:36:23","guid":{"rendered":"https:\/\/beautyresidence.com\/shop\/maaratlemata\/fcl-peel-15ml-eldermafill\/"},"modified":"2023-12-20T23:19:02","modified_gmt":"2023-12-20T21:19:02","slug":"fcl-peel-15ml-eldermafill","status":"publish","type":"product","link":"https:\/\/beautyresidence.com\/et\/shop\/professionaalne-kosmeetika\/professionaalne-kosmeetika-nagu\/fcl-peel-15ml-eldermafill\/","title":{"rendered":"FCL Peel, 15ml ELDERMAFILL"},"content":{"rendered":"<p>Trichloroacetic Acid, Kojic Acid, PDRN, Sodium Hydroxide, Camellia Japonica Seed Oil, Propylene Glycol, Hydrogen Peroxide, 1,2-Hexanediol, Ethylhexylglycerin, Hydrolyzed Collagen, Sodium Hyaluronate, Polypeptides Complex<\/p>\n","protected":false},"excerpt":{"rendered":"<p>T\u00e4iusliku V-kujulise kontuuri loomine<br \/>\nNaha struktuuride uuendamine<br \/>\nKollageeni- ja elastogeneesi protsessi aktiveerimine.<br \/>\nN\u00e4okontuuri m\u00e4\u00e4ratluse taastamine<br \/>\nBioregulatsioon<br \/>\nNaha toonuse, turgori ja elastsuse parandamine<\/p>\n","protected":false},"featured_media":7107,"template":"","meta":{"yasr_overall_rating":0,"yasr_post_is_review":"","yasr_auto_insert_disabled":"","yasr_review_type":""},"product_cat":[400,303],"product_tag":[],"bundle_layout":"","bundled_by":[],"bundled_items":[],"yasr_visitor_votes":{"number_of_votes":0,"sum_votes":0,"stars_attributes":{"read_only":true,"span_bottom":"<div class='yasr-small-block-bold'><span class='yasr-visitor-votes-must-sign-in'><\/span><\/div>"}},"_links":{"self":[{"href":"https:\/\/beautyresidence.com\/et\/wp-json\/wp\/v2\/product\/7350"}],"collection":[{"href":"https:\/\/beautyresidence.com\/et\/wp-json\/wp\/v2\/product"}],"about":[{"href":"https:\/\/beautyresidence.com\/et\/wp-json\/wp\/v2\/types\/product"}],"wp:featuredmedia":[{"embeddable":true,"href":"https:\/\/beautyresidence.com\/et\/wp-json\/wp\/v2\/media\/7107"}],"wp:attachment":[{"href":"https:\/\/beautyresidence.com\/et\/wp-json\/wp\/v2\/media?parent=7350"}],"wp:term":[{"taxonomy":"product_cat","embeddable":true,"href":"https:\/\/beautyresidence.com\/et\/wp-json\/wp\/v2\/product_cat?post=7350"},{"taxonomy":"product_tag","embeddable":true,"href":"https:\/\/beautyresidence.com\/et\/wp-json\/wp\/v2\/product_tag?post=7350"}],"curies":[{"name":"wp","href":"https:\/\/api.w.org\/{rel}","templated":true}]}}