{"id":7346,"date":"2023-10-13T18:18:06","date_gmt":"2023-10-13T15:18:06","guid":{"rendered":"https:\/\/beautyresidence.com\/shop\/maaratlemata\/aptox-cream-50g-eldermafill\/"},"modified":"2023-12-20T23:15:53","modified_gmt":"2023-12-20T21:15:53","slug":"aptox-cream-50g-eldermafill","status":"publish","type":"product","link":"https:\/\/beautyresidence.com\/et\/shop\/kodukosmeetika\/kodukosmeetika-nagu\/aptox-cream-50g-eldermafill\/","title":{"rendered":"Aptox Cream, 50g ELDERMAFILL"},"content":{"rendered":"<p>Methionyl r-Clostridium Botutinum Potypeptide-1 Hexapeptide-40, Hydrogenated Polydecene, Caprylic\/Capric Triglyceride, Diisostearyl Malate, Petrolatum, Beeswax, Pentaerythrityl Tetraisostearate, Dimethicone, PEG-100 Stearate, Polyacrylate-13, 1,2-Hexanediol, Potyisobutene, Betaine, Polysorbate 20, Ethylhexylglycerin, Allantoin, Sorbitan Isostearate, Adenosine, Tremella Fuciformis Sporocarp Extract, Disodium EDTA, Sodium Hyaluronate. Sodium Chloride, Exosomes of multipotent cells induced by human skin fibroblasts, PDRN, Benzyl Benzoate, Butylphenyl Methytpropional, Houttuynia Cordata Extract, Saururus Chinensis Extract, Artemisia Capiflaris Flower Extract, Ledum Palustre Extract, Ecklonia Cava Extract, Hydroxyisohexyl 3-Cyclohexene Carboxaldehyde, Histidine, Hyaluronic Acid, Inositol, Arginine, Cysteine, Raffinose, Lysine, Glutamine, Disodium Phosphate, Palmitoyl Tripeptide-5, Copper Tripeptide-1, Potassium Phosphate, Potassium Chloride, Octapeptide-7, sh-Pentapeptide-19, sh-Oligopeptide-9, sh-Octapeptide-4, sh-Decapeptide-7, Acetyl Hexapeptide-8, Oligopeptide-27, sh-Polypeptide-1, sh-Polypeptide-22, sh-Polypeptide-9, sh-Potypeptide-3, sh-Oligopeptide-2<\/p>\n","protected":false},"excerpt":{"rendered":"<p>&nbsp;<\/p>\n<ul>\n<li>Express t\u00f5stmine teie naha jaoks<\/li>\n<li>Silub k\u00f5ik kortsut\u00fc\u00fcbid, taastab intensiivselt kudesid<\/li>\n<li>Kaks h\u00fcaluroonhappe ja m\u00fcorelaksantide fraktsiooni niisutavad nahka aktiivselt<\/li>\n<\/ul>\n","protected":false},"featured_media":7144,"template":"","meta":{"yasr_overall_rating":4.9,"yasr_post_is_review":"","yasr_auto_insert_disabled":"","yasr_review_type":""},"product_cat":[400,365,303],"product_tag":[],"bundle_layout":"","bundled_by":[],"bundled_items":[],"yasr_visitor_votes":{"number_of_votes":0,"sum_votes":0,"stars_attributes":{"read_only":true,"span_bottom":"<div class='yasr-small-block-bold'><span class='yasr-visitor-votes-must-sign-in'><\/span><\/div>"}},"_links":{"self":[{"href":"https:\/\/beautyresidence.com\/et\/wp-json\/wp\/v2\/product\/7346"}],"collection":[{"href":"https:\/\/beautyresidence.com\/et\/wp-json\/wp\/v2\/product"}],"about":[{"href":"https:\/\/beautyresidence.com\/et\/wp-json\/wp\/v2\/types\/product"}],"wp:featuredmedia":[{"embeddable":true,"href":"https:\/\/beautyresidence.com\/et\/wp-json\/wp\/v2\/media\/7144"}],"wp:attachment":[{"href":"https:\/\/beautyresidence.com\/et\/wp-json\/wp\/v2\/media?parent=7346"}],"wp:term":[{"taxonomy":"product_cat","embeddable":true,"href":"https:\/\/beautyresidence.com\/et\/wp-json\/wp\/v2\/product_cat?post=7346"},{"taxonomy":"product_tag","embeddable":true,"href":"https:\/\/beautyresidence.com\/et\/wp-json\/wp\/v2\/product_tag?post=7346"}],"curies":[{"name":"wp","href":"https:\/\/api.w.org\/{rel}","templated":true}]}}