{"id":7337,"date":"2023-10-30T11:46:24","date_gmt":"2023-10-30T09:46:24","guid":{"rendered":"https:\/\/beautyresidence.com\/shop\/maaratlemata\/exo-eye-fluide-15ml-eldermafill\/"},"modified":"2023-12-20T23:11:44","modified_gmt":"2023-12-20T21:11:44","slug":"exo-eye-fluide-15ml-eldermafill","status":"publish","type":"product","link":"https:\/\/beautyresidence.com\/et\/shop\/kodukosmeetika\/kodukosmeetika-nagu\/exo-eye-fluide-15ml-eldermafill\/","title":{"rendered":"EXO Eye Fluide, 15ml ELDERMAFILL"},"content":{"rendered":"<p>Lactobacillus Extracellular Vesicles, PDRN, Hydroxydecyl Ubiquinone, Glutathione, Adenosine, Tremella Fuciformis Sporocarp Extract, Gigartina Stellata Extract, Hydroxyethyl Urea, Niacinamide, Panthenol, 1,2-Hexanediol, Chondrus Crispus Extract, Saccharide Isomerate, Polyisobutene, Allantoin, Tranexamic Acid, Sorbitan Isostearate, Sodium Hyaluronate Crosspolymer, Hydrolyzed Glycosaminoglycans, Sodium Hyaluronate, Sodium Citrate PEG-40 Castor Oil, Hydrogenated Lecithin, Caprylic\/Capric Triglyceride, Hydrolyzed Hyaluronic Acid, Glycine Soja (Soybean) Sterols, Citric Acid, Peptides Complex<\/p>\n","protected":false},"excerpt":{"rendered":"<p>Tegevus:<\/p>\n<p>V\u00e4hendab tumedate ringide, liblik\u00f5vade ilmnemist.<br \/>\nV\u00e4hendab kortse silmapiirkonnas, pehmendab n\u00e4ojooni, andes neile noorusliku ja puhanud v\u00e4limuse.<br \/>\nAnnab silmade \u00fcmbruse nahale elastsust<br \/>\nK\u00f5rvaldab t\u00f5husalt v\u00e4simuse ja muude unetuse tagaj\u00e4rgede m\u00e4rke<br \/>\nKiirendab kollageeni s\u00fcnteesi.<\/p>\n<p>*P\u00e4evaseks kasutamiseks (enne meigi pealekandmist)<\/p>\n","protected":false},"featured_media":7198,"template":"","meta":{"yasr_overall_rating":0,"yasr_post_is_review":"","yasr_auto_insert_disabled":"","yasr_review_type":""},"product_cat":[365,400,303],"product_tag":[],"bundle_layout":"","bundled_by":[],"bundled_items":[],"yasr_visitor_votes":{"number_of_votes":0,"sum_votes":0,"stars_attributes":{"read_only":true,"span_bottom":"<div class='yasr-small-block-bold'><span class='yasr-visitor-votes-must-sign-in'><\/span><\/div>"}},"_links":{"self":[{"href":"https:\/\/beautyresidence.com\/et\/wp-json\/wp\/v2\/product\/7337"}],"collection":[{"href":"https:\/\/beautyresidence.com\/et\/wp-json\/wp\/v2\/product"}],"about":[{"href":"https:\/\/beautyresidence.com\/et\/wp-json\/wp\/v2\/types\/product"}],"wp:featuredmedia":[{"embeddable":true,"href":"https:\/\/beautyresidence.com\/et\/wp-json\/wp\/v2\/media\/7198"}],"wp:attachment":[{"href":"https:\/\/beautyresidence.com\/et\/wp-json\/wp\/v2\/media?parent=7337"}],"wp:term":[{"taxonomy":"product_cat","embeddable":true,"href":"https:\/\/beautyresidence.com\/et\/wp-json\/wp\/v2\/product_cat?post=7337"},{"taxonomy":"product_tag","embeddable":true,"href":"https:\/\/beautyresidence.com\/et\/wp-json\/wp\/v2\/product_tag?post=7337"}],"curies":[{"name":"wp","href":"https:\/\/api.w.org\/{rel}","templated":true}]}}