{"id":6758,"date":"2023-02-15T10:49:03","date_gmt":"2023-02-15T08:51:20","guid":{"rendered":"https:\/\/beautyresidence.com\/?post_type=product&#038;p=6758"},"modified":"2023-02-15T10:51:21","modified_gmt":"2023-02-15T08:51:21","slug":"croma-pdo-barb-ii-4d-20g-60mm","status":"publish","type":"product","link":"https:\/\/beautyresidence.com\/et\/shop\/esteetiline-kosmetoloogia\/esteetiline-kosmetoloogia-mesoteraapia\/esteetiline-kosmetoloogia-mesoteraapia-keha\/croma-pdo-barb-ii-4d-20g-60mm\/","title":{"rendered":"CROMA PDO BARB II 4D 20G 60mm"},"content":{"rendered":"<div class=\"title\">\n<p>CROMA PDO BARB II 4D 20G 60mm<\/p>\n<p>Cannula 20G\/60mm<\/p>\n<p>Thread 2-0\/115mm<\/p>\n<p>12eax1pack<\/p>\n<div>Eelised<\/div>\n<ul>\n<li>v\u00e4hem stressi v\u00f5rreldes tavalise n\u00e4oga<\/li>\n<li>kudede t\u00f5stmine<\/li>\n<li>puuduvad n\u00e4htavad armid<\/li>\n<li>\u00fcldiselt v\u00e4ga kiire paranemine<\/li>\n<li>v\u00e4ike raviaeg (umbes 15 kuni 40 minutit)<\/li>\n<li>v\u00e4ike valu ja p\u00f5letiku tekkimise risk<\/li>\n<li>tulemus on n\u00e4ha kohe p\u00e4rast<\/li>\n<li>sekkumine<\/li>\n<\/ul>\n<\/div>\n","protected":false},"excerpt":{"rendered":"<p>CROMA PDO BARB II 4D 20G 60mm Cannula 20G\/60mm Thread 2-0\/115mm 12eax1pack Eelised v\u00e4hem stressi v\u00f5rreldes tavalise n\u00e4oga kudede t\u00f5stmine puuduvad n\u00e4htavad armid \u00fcldiselt v\u00e4ga kiire paranemine v\u00e4ike raviaeg (umbes 15 kuni 40 minutit) v\u00e4ike valu ja p\u00f5letiku tekkimise risk tulemus on n\u00e4ha kohe p\u00e4rast sekkumine<\/p>\n","protected":false},"featured_media":6755,"template":"","meta":{"yasr_overall_rating":0,"yasr_post_is_review":"","yasr_auto_insert_disabled":"","yasr_review_type":""},"product_cat":[285,359,288,362],"product_tag":[],"bundle_layout":"","bundled_by":[],"bundled_items":[],"yasr_visitor_votes":{"number_of_votes":0,"sum_votes":0,"stars_attributes":{"read_only":true,"span_bottom":"<div class='yasr-small-block-bold'><span class='yasr-visitor-votes-must-sign-in'><\/span><\/div>"}},"_links":{"self":[{"href":"https:\/\/beautyresidence.com\/et\/wp-json\/wp\/v2\/product\/6758"}],"collection":[{"href":"https:\/\/beautyresidence.com\/et\/wp-json\/wp\/v2\/product"}],"about":[{"href":"https:\/\/beautyresidence.com\/et\/wp-json\/wp\/v2\/types\/product"}],"wp:featuredmedia":[{"embeddable":true,"href":"https:\/\/beautyresidence.com\/et\/wp-json\/wp\/v2\/media\/6755"}],"wp:attachment":[{"href":"https:\/\/beautyresidence.com\/et\/wp-json\/wp\/v2\/media?parent=6758"}],"wp:term":[{"taxonomy":"product_cat","embeddable":true,"href":"https:\/\/beautyresidence.com\/et\/wp-json\/wp\/v2\/product_cat?post=6758"},{"taxonomy":"product_tag","embeddable":true,"href":"https:\/\/beautyresidence.com\/et\/wp-json\/wp\/v2\/product_tag?post=6758"}],"curies":[{"name":"wp","href":"https:\/\/api.w.org\/{rel}","templated":true}]}}