{"id":6700,"date":"2023-01-13T17:21:04","date_gmt":"2023-01-13T15:21:04","guid":{"rendered":"https:\/\/beautyresidence.com\/?post_type=product&#038;p=6700"},"modified":"2023-01-13T17:21:05","modified_gmt":"2023-01-13T15:21:05","slug":"mccosmetics-dexpanthenol-5ml","status":"publish","type":"product","link":"https:\/\/beautyresidence.com\/et\/shop\/kodukosmeetika\/kodukosmeetika-nagu\/mccosmetics-dexpanthenol-5ml\/","title":{"rendered":"MCCOSMETICS Dexpanthenol 5ml"},"content":{"rendered":"<p>Dexpanthenooli ampullidel on niisutav toime, mis suurendab sarvkihi niiskustaset, v\u00e4hendab transepidermaalset veekaotust ja s\u00e4ilitab naha loomuliku sileduse ja elastsuse.<\/p>\n<p>Soovitatav<br \/>\nniisutav, juuste toitmine, p\u00f5letikuvastane,<br \/>\nrahustav<\/p>\n<p>Toimeained<br \/>\nPantenool 2%<\/p>\n","protected":false},"excerpt":{"rendered":"<p>Dexpanthenooli ampullidel on niisutav toime, mis suurendab sarvkihi niiskustaset, v\u00e4hendab transepidermaalset veekaotust ja s\u00e4ilitab naha loomuliku sileduse ja elastsuse. Soovitatav niisutav, juuste toitmine, p\u00f5letikuvastane, rahustav Toimeained Pantenool 2%<\/p>\n","protected":false},"featured_media":6674,"template":"","meta":{"yasr_overall_rating":0,"yasr_post_is_review":"","yasr_auto_insert_disabled":"","yasr_review_type":""},"product_cat":[356,365],"product_tag":[],"bundle_layout":"","bundled_by":[],"bundled_items":[],"yasr_visitor_votes":{"number_of_votes":0,"sum_votes":0,"stars_attributes":{"read_only":true,"span_bottom":"<div class='yasr-small-block-bold'><span class='yasr-visitor-votes-must-sign-in'><\/span><\/div>"}},"_links":{"self":[{"href":"https:\/\/beautyresidence.com\/et\/wp-json\/wp\/v2\/product\/6700"}],"collection":[{"href":"https:\/\/beautyresidence.com\/et\/wp-json\/wp\/v2\/product"}],"about":[{"href":"https:\/\/beautyresidence.com\/et\/wp-json\/wp\/v2\/types\/product"}],"wp:featuredmedia":[{"embeddable":true,"href":"https:\/\/beautyresidence.com\/et\/wp-json\/wp\/v2\/media\/6674"}],"wp:attachment":[{"href":"https:\/\/beautyresidence.com\/et\/wp-json\/wp\/v2\/media?parent=6700"}],"wp:term":[{"taxonomy":"product_cat","embeddable":true,"href":"https:\/\/beautyresidence.com\/et\/wp-json\/wp\/v2\/product_cat?post=6700"},{"taxonomy":"product_tag","embeddable":true,"href":"https:\/\/beautyresidence.com\/et\/wp-json\/wp\/v2\/product_tag?post=6700"}],"curies":[{"name":"wp","href":"https:\/\/api.w.org\/{rel}","templated":true}]}}