{"id":6696,"date":"2023-01-13T16:53:33","date_gmt":"2023-01-13T14:56:02","guid":{"rendered":"https:\/\/beautyresidence.com\/?post_type=product&#038;p=6696"},"modified":"2023-01-13T16:56:03","modified_gmt":"2023-01-13T14:56:03","slug":"mccosmetics-dmae-5ml","status":"publish","type":"product","link":"https:\/\/beautyresidence.com\/et\/shop\/esteetiline-kosmetoloogia\/esteetiline-kosmetoloogia-mesoteraapia\/mccosmetics-dmae-5ml\/","title":{"rendered":"MCCOSMETICS DMAE 5ml"},"content":{"rendered":"<p>DMAE ampullid parandavad l\u00f5tvunud naha v\u00e4ljan\u00e4gemist. dmae tugevdava ja toniseeriva toimega annab n\u00e4ole v\u00f5i kehale t\u00f5stva efekti. Samuti niisutab see nahka, kaitstes seda vabade radikaalide eest. see stimuleerib kollageeni<\/p>\n<div>ja elastiini tootmist ning on n\u00e4idustatud naha vananemise ja l\u00f5tvumise ennetamiseks.<\/div>\n<div><\/div>\n<div><\/div>\n<div>Soovitatav<\/div>\n<div>venitusarmid ja armid, kortsud, vananemisvastane toime,<\/div>\n<div>kuiva naha, suitsetajate naha, juuste v\u00e4ljalangemise<\/div>\n<div><\/div>\n<div><\/div>\n<div>Toimeained<\/div>\n<div>Ginkgo Biloba lehed<\/div>\n","protected":false},"excerpt":{"rendered":"<p>DMAE ampullid parandavad l\u00f5tvunud naha v\u00e4ljan\u00e4gemist. dmae tugevdava ja toniseeriva toimega annab n\u00e4ole v\u00f5i kehale t\u00f5stva efekti. Samuti niisutab see nahka, kaitstes seda vabade radikaalide eest. see stimuleerib kollageeni ja elastiini tootmist ning on n\u00e4idustatud naha vananemise ja l\u00f5tvumise ennetamiseks. Soovitatav venitusarmid ja armid, kortsud, vananemisvastane toime, kuiva naha, suitsetajate naha, juuste v\u00e4ljalangemise Toimeained Ginkgo [&#8230;]\n","protected":false},"featured_media":6670,"template":"","meta":{"yasr_overall_rating":0,"yasr_post_is_review":"","yasr_auto_insert_disabled":"","yasr_review_type":""},"product_cat":[356],"product_tag":[535,536,537,538],"bundle_layout":"","bundled_by":[],"bundled_items":[],"yasr_visitor_votes":{"number_of_votes":0,"sum_votes":0,"stars_attributes":{"read_only":true,"span_bottom":"<div class='yasr-small-block-bold'><span class='yasr-visitor-votes-must-sign-in'><\/span><\/div>"}},"_links":{"self":[{"href":"https:\/\/beautyresidence.com\/et\/wp-json\/wp\/v2\/product\/6696"}],"collection":[{"href":"https:\/\/beautyresidence.com\/et\/wp-json\/wp\/v2\/product"}],"about":[{"href":"https:\/\/beautyresidence.com\/et\/wp-json\/wp\/v2\/types\/product"}],"wp:featuredmedia":[{"embeddable":true,"href":"https:\/\/beautyresidence.com\/et\/wp-json\/wp\/v2\/media\/6670"}],"wp:attachment":[{"href":"https:\/\/beautyresidence.com\/et\/wp-json\/wp\/v2\/media?parent=6696"}],"wp:term":[{"taxonomy":"product_cat","embeddable":true,"href":"https:\/\/beautyresidence.com\/et\/wp-json\/wp\/v2\/product_cat?post=6696"},{"taxonomy":"product_tag","embeddable":true,"href":"https:\/\/beautyresidence.com\/et\/wp-json\/wp\/v2\/product_tag?post=6696"}],"curies":[{"name":"wp","href":"https:\/\/api.w.org\/{rel}","templated":true}]}}