{"id":3667,"date":"2020-05-18T22:11:36","date_gmt":"2020-05-18T19:11:36","guid":{"rendered":"https:\/\/beautyresidence.com\/product\/natinuel-body-slim-20-anticellulite-slimming-firming-cream\/"},"modified":"2021-07-13T13:15:13","modified_gmt":"2021-07-13T10:15:13","slug":"natinuel-body-slim-20-anticellulite-slimming-firming-cream","status":"publish","type":"product","link":"https:\/\/beautyresidence.com\/et\/shop\/kodukosmeetika\/keha-et\/natinuel-body-slim-20-anticellulite-slimming-firming-cream\/","title":{"rendered":"NATINUEL Body Slim 20 Anticellulite, slimming, firming cream"},"content":{"rendered":"<p><strong>NATINUEL BODY SLIM 20, 150ml<\/strong><\/p>\n<p>Antitselluliitne kreem. Tugevdav<\/p>\n<p>Tihti tselluliit kombineerub kuivusega ja toonuse kaotusega, seega n\u00e4ha on ilu kaks probleemi ja naha \u00f5iget funktsioneerimist. Peale selle keha probleemsetes piirkondades on eriti raske k\u00e4ima panna lipol\u00fc\u00fcs, mis seisneb rasvhapete kasutamises kui \u201ek\u00fctus\u201c energeetilistele eesm\u00e4rkidele. Kreem annab efektiivset lokaalset toimet erinevatele funktsionaalsetele rikkumistele, mis m\u00f5jutavad toonust, l\u00e4iget ja dermise ja epidermise niiskust ja tselluliidi arenemist ning rasva kogunemist h\u00fcpodermises.<\/p>\n<p>BODY SLIM 20 omab unikaalset koostist efektiivsele ja struktuursele m\u00f5jule tselluliidile, reaktiveerib lipol\u00fc\u00fcsi ja samuti parandab naha toonust, elastsust ja niisutatust. Eriline peptiid koos kofeiiniga ja vetikate ekstraktiga s\u00fcnergiliselt suurendab isikliku tegevusmehhanismi, m\u00f5jutab biokeemilisi mehhanisme, mis reguleerivad adipots\u00fc\u00fctide funktsioone. Mandli- ja gl\u00fckoolhapped parandavad energeetilisi ja taastavaid mehhanisme dermise ja h\u00fcpodermise tasandil, aidates naha elastsuse ja toonuse taastumisel. \u201eBODY SLIM 20\u201c aitab j\u00e4rk-j\u00e4rgult muuta tselluliit \u201euueks\u201c koeks, siledaks ja pringiks, v\u00e4hendada adipots\u00fc\u00fctide kogust ja parandada naha tihedust ja terviklikkust, luues uut harmoonilist vormi.<\/p>\n<p><strong>Koostis<\/strong>:<br \/>\n\u2022 Gl\u00fckoolhape<br \/>\n\u2022 Mandlihape<br \/>\n\u2022 Piimhape<br \/>\n\u2022 Fucus vesiculosus, \u041a\u043efeiin, Tripeptiid 3<br \/>\n<strong>Tegutse<\/strong>:<br \/>\n\u2022 Stimuleerib metaboolseid protsesse<br \/>\n\u2022 Biostimuleeriv, regenereeriv toime dermise-epidermise tasandil<br \/>\n\u2022 Poleeriv toime<br \/>\n\u2022 Lipol\u00fc\u00fctiline toime<br \/>\n\u2022 Antitselluliitne toime<\/p>\n<p>Meie veebipood pakub k\u00f5iki Princessi tooteid. Fillereid saate osta ka meie Tallinna ilusalongist.<\/p>\n","protected":false},"excerpt":{"rendered":"<p>NATINUEL BODY SLIM 20, 150ml Antitselluliitne kreem. Tugevdav Tihti tselluliit kombineerub kuivusega ja toonuse kaotusega, seega n\u00e4ha on ilu kaks probleemi ja naha \u00f5iget funktsioneerimist. Peale selle keha probleemsetes piirkondades on eriti raske k\u00e4ima panna lipol\u00fc\u00fcs, mis seisneb rasvhapete kasutamises kui \u201ek\u00fctus\u201c energeetilistele eesm\u00e4rkidele. Kreem annab efektiivset lokaalset toimet erinevatele funktsionaalsetele rikkumistele, mis m\u00f5jutavad toonust, [&#8230;]\n","protected":false},"featured_media":3664,"template":"","meta":{"yasr_overall_rating":0,"yasr_post_is_review":"","yasr_auto_insert_disabled":"","yasr_review_type":""},"product_cat":[450,311],"product_tag":[],"bundle_layout":"","bundled_by":[],"bundled_items":[],"yasr_visitor_votes":{"number_of_votes":0,"sum_votes":0,"stars_attributes":{"read_only":true,"span_bottom":"<div class='yasr-small-block-bold'><span class='yasr-visitor-votes-must-sign-in'><\/span><\/div>"}},"_links":{"self":[{"href":"https:\/\/beautyresidence.com\/et\/wp-json\/wp\/v2\/product\/3667"}],"collection":[{"href":"https:\/\/beautyresidence.com\/et\/wp-json\/wp\/v2\/product"}],"about":[{"href":"https:\/\/beautyresidence.com\/et\/wp-json\/wp\/v2\/types\/product"}],"wp:featuredmedia":[{"embeddable":true,"href":"https:\/\/beautyresidence.com\/et\/wp-json\/wp\/v2\/media\/3664"}],"wp:attachment":[{"href":"https:\/\/beautyresidence.com\/et\/wp-json\/wp\/v2\/media?parent=3667"}],"wp:term":[{"taxonomy":"product_cat","embeddable":true,"href":"https:\/\/beautyresidence.com\/et\/wp-json\/wp\/v2\/product_cat?post=3667"},{"taxonomy":"product_tag","embeddable":true,"href":"https:\/\/beautyresidence.com\/et\/wp-json\/wp\/v2\/product_tag?post=3667"}],"curies":[{"name":"wp","href":"https:\/\/api.w.org\/{rel}","templated":true}]}}