{"id":3429,"date":"2020-04-30T13:51:55","date_gmt":"2020-04-30T10:51:55","guid":{"rendered":"https:\/\/beautyresidence.com\/product\/natinuel-moisturising-revitalizing-and-energizing-body-lotion\/"},"modified":"2021-07-13T13:14:50","modified_gmt":"2021-07-13T10:14:50","slug":"natinuel-moisturising-revitalizing-and-energizing-body-lotion","status":"publish","type":"product","link":"https:\/\/beautyresidence.com\/et\/shop\/kodukosmeetika\/keha-et\/natinuel-moisturising-revitalizing-and-energizing-body-lotion\/","title":{"rendered":"NATINUEL moisturising, revitalizing and energizing body lotion Body Vital"},"content":{"rendered":"<p><strong>NATINUEL BODY VITAL, 150ml Toonik kehale.<\/strong><\/p>\n<p>Niisutab, annab energiat.<\/p>\n<p>Vee sisaldus nahas omab vundamentaalset t\u00e4hendust tema tervisele ja ilule. Siiski halb niisutatus on \u00fcsna sagedane n\u00e4htus. Liiga agressiivsete ja halva kvaliteediga puhastusvahendite kasutamine, aeglustatud rakkude uuenemine, liiga pikaajaline p\u00e4ikese k\u00e4es olemine ja ilmastiku m\u00f5jud \u2013 k\u00f5ik need tegurid v\u00f5ivad esile kutsuda rikkumisi naha h\u00fcdratsioonis. Tulemuseks on kuiv, kestendav nahk, mis kaotab oma s\u00e4ra ja pehmuse.<\/p>\n<p>S\u00e4ilitada v\u00f5i taastada pealmist h\u00fcdrolipiidset tasakaalu on v\u00e4ga t\u00e4htis nii naha esteetilise v\u00e4limuse kui ka tema tervise seisukohalt. Sarvkiht, bioloogiliselt ja biokeemiliselt terviklik on naha ilu ja tervise tingimus.<\/p>\n<p>\u201eBODY VITAL\u201c &#8211; piim kehale, mis on suunatud kuivale ja l\u00f5henenud nahale, sisaldab rida bioaktiivseid komplekse ja Lipomoist, mis suudavad kiiresti taastada optimaalset niiskuse taset. Nende toimet tugevdab hronodiin, uus aine, mis suudab taastada rakkude metabolismi, uuesti annab nahale atraktiivsust ja ilu, niiskust, pehmust, muudab siledaks ja siidiseks, annab mugavuse ja heaolu tunnet.<\/p>\n<p><strong>Koostis:<\/strong> \u2022 Piimhape \u2022 Lipomoist 2013 &#8211; 2022 \u2022 Jojoba \u2022 \u00d5li \u043aarite \u2022 Oliiv\u00f5li \u2022 Oligopeptiidid \u2022 Pol\u00fcsahhariidid<\/p>\n<p><strong>Tegevus:<\/strong> \u2022 Kohene niisutav toime \u2022 Normaliseerib naha hom\u00f6ostaasi \u2022 Kaitseb, taastab epidermist \u2022 Parandab rakkude takerdumist<\/p>\n<p>Meie veebipood pakub k\u00f5iki Princessi tooteid. Fillereid saate osta ka meie Tallinna ilusalongist.<\/p>\n","protected":false},"excerpt":{"rendered":"<p>NATINUEL BODY VITAL, 150ml Toonik kehale. Niisutab, annab energiat. Vee sisaldus nahas omab vundamentaalset t\u00e4hendust tema tervisele ja ilule. Siiski halb niisutatus on \u00fcsna sagedane n\u00e4htus. Liiga agressiivsete ja halva kvaliteediga puhastusvahendite kasutamine, aeglustatud rakkude uuenemine, liiga pikaajaline p\u00e4ikese k\u00e4es olemine ja ilmastiku m\u00f5jud \u2013 k\u00f5ik need tegurid v\u00f5ivad esile kutsuda rikkumisi naha h\u00fcdratsioonis. Tulemuseks [&#8230;]\n","protected":false},"featured_media":3426,"template":"","meta":{"yasr_overall_rating":0,"yasr_post_is_review":"","yasr_auto_insert_disabled":"","yasr_review_type":""},"product_cat":[450,311],"product_tag":[],"bundle_layout":"","bundled_by":[],"bundled_items":[],"yasr_visitor_votes":{"number_of_votes":0,"sum_votes":0,"stars_attributes":{"read_only":true,"span_bottom":"<div class='yasr-small-block-bold'><span class='yasr-visitor-votes-must-sign-in'><\/span><\/div>"}},"_links":{"self":[{"href":"https:\/\/beautyresidence.com\/et\/wp-json\/wp\/v2\/product\/3429"}],"collection":[{"href":"https:\/\/beautyresidence.com\/et\/wp-json\/wp\/v2\/product"}],"about":[{"href":"https:\/\/beautyresidence.com\/et\/wp-json\/wp\/v2\/types\/product"}],"wp:featuredmedia":[{"embeddable":true,"href":"https:\/\/beautyresidence.com\/et\/wp-json\/wp\/v2\/media\/3426"}],"wp:attachment":[{"href":"https:\/\/beautyresidence.com\/et\/wp-json\/wp\/v2\/media?parent=3429"}],"wp:term":[{"taxonomy":"product_cat","embeddable":true,"href":"https:\/\/beautyresidence.com\/et\/wp-json\/wp\/v2\/product_cat?post=3429"},{"taxonomy":"product_tag","embeddable":true,"href":"https:\/\/beautyresidence.com\/et\/wp-json\/wp\/v2\/product_tag?post=3429"}],"curies":[{"name":"wp","href":"https:\/\/api.w.org\/{rel}","templated":true}]}}