{"id":2229,"date":"2019-11-09T17:40:39","date_gmt":"2019-11-09T15:40:39","guid":{"rendered":"http:\/\/localhost\/beautyr\/product\/eximia-hr77-platinum-anniversary\/"},"modified":"2021-08-24T16:30:06","modified_gmt":"2021-08-24T13:30:06","slug":"eximia-hr77-platinum-anniversary","status":"publish","type":"product","link":"https:\/\/beautyresidence.com\/et\/shop\/kosmeetilised-aparaadid\/kosmeetilised-aparaadid-naole-ja-kehale\/eximia-hr77-platinum-anniversary\/","title":{"rendered":"Eximia HR77 Platinum Anniversary"},"content":{"rendered":"<p><strong>Kasutamine<\/strong><\/p>\n<p>Aparaat EXIMIA sisaldab endas kombineeritud f\u00fcsioteraapilist toimet:<\/p>\n<ul>\n<li>kavitatsiooniline ultraporatsioon<\/li>\n<li>neljafaasiline vaakummassaa\u017e (endolifting)<\/li>\n<\/ul>\n<p><strong>Programmid<\/strong><\/p>\n<ul>\n<li>diagnostikaprogramm Skin Report<\/li>\n<li>22 keharavi programmi<\/li>\n<li>6 programmi n\u00e4ohoolduseks<\/li>\n<\/ul>\n<p>Aparaati kasutatakse j\u00e4rgmiste probleemide raviks:<\/p>\n<ul>\n<li>lokaalsed rasvaladestused<\/li>\n<li>tselluliit<\/li>\n<li>naha atoonia<\/li>\n<li>pigmendilaigud<\/li>\n<\/ul>\n<p>Ka kasutatakse aparaati rehabilitatsiooniks s\u00fcnnituse j\u00e4rel ja kehakaalu j\u00e4rskude k\u00f5ikumiste korral ning liposuktsiooniks.<\/p>\n<p><strong>Vastun\u00e4idustused<\/strong><\/p>\n<ul>\n<li>rasedus ja imetamine<\/li>\n<li>sapikivit\u00f5bi<\/li>\n<li>s\u00fcdame- ja veresoonkonna probleemid<\/li>\n<li>onkoloogilised haigused<\/li>\n<\/ul>\n<p><iframe src=\"https:\/\/www.youtube.com\/embed\/AWp9mgyiltU\" width=\"560\" height=\"315\" frameborder=\"0\" allowfullscreen=\"allowfullscreen\"><\/iframe><\/p>\n","protected":false},"excerpt":{"rendered":"<p>Kasutamine Aparaat EXIMIA sisaldab endas kombineeritud f\u00fcsioteraapilist toimet: kavitatsiooniline ultraporatsioon neljafaasiline vaakummassaa\u017e (endolifting) Programmid diagnostikaprogramm Skin Report 22 keharavi programmi 6 programmi n\u00e4ohoolduseks Aparaati kasutatakse j\u00e4rgmiste probleemide raviks: lokaalsed rasvaladestused tselluliit naha atoonia pigmendilaigud Ka kasutatakse aparaati rehabilitatsiooniks s\u00fcnnituse j\u00e4rel ja kehakaalu j\u00e4rskude k\u00f5ikumiste korral ning liposuktsiooniks. Vastun\u00e4idustused rasedus ja imetamine sapikivit\u00f5bi s\u00fcdame- ja veresoonkonna [&#8230;]\n","protected":false},"featured_media":2380,"template":"","meta":{"yasr_overall_rating":0,"yasr_post_is_review":"","yasr_auto_insert_disabled":"","yasr_review_type":""},"product_cat":[299,291],"product_tag":[],"bundle_layout":"default","bundled_by":[],"bundled_items":[{"bundled_item_id":3,"product_id":2221,"menu_order":0,"quantity_min":1,"quantity_max":"","priced_individually":true,"shipped_individually":false,"override_title":false,"title":"Video Promo (in your language)","override_description":false,"description":"Video Promo (in your language)","optional":true,"hide_thumbnail":false,"discount":"","override_variations":false,"allowed_variations":[""],"override_default_variation_attributes":false,"default_variation_attributes":[],"single_product_visibility":"visible","cart_visibility":"visible","order_visibility":"visible","single_product_price_visibility":"visible","cart_price_visibility":"visible","order_price_visibility":"visible","stock_status":"in_stock"},{"bundled_item_id":4,"product_id":2225,"menu_order":1,"quantity_min":1,"quantity_max":"","priced_individually":true,"shipped_individually":false,"override_title":false,"title":"Catalogue (in your language)","override_description":false,"description":"Catalogue (in your language)","optional":true,"hide_thumbnail":false,"discount":"","override_variations":false,"allowed_variations":[""],"override_default_variation_attributes":false,"default_variation_attributes":[],"single_product_visibility":"visible","cart_visibility":"visible","order_visibility":"visible","single_product_price_visibility":"visible","cart_price_visibility":"visible","order_price_visibility":"visible","stock_status":"in_stock"},{"bundled_item_id":34,"product_id":2249,"menu_order":2,"quantity_min":1,"quantity_max":"","priced_individually":true,"shipped_individually":false,"override_title":false,"title":"Eximia 7 Days Box","override_description":false,"description":"Eximia 7 Days Box","optional":true,"hide_thumbnail":false,"discount":"","override_variations":false,"allowed_variations":[""],"override_default_variation_attributes":false,"default_variation_attributes":[],"single_product_visibility":"visible","cart_visibility":"visible","order_visibility":"visible","single_product_price_visibility":"visible","cart_price_visibility":"visible","order_price_visibility":"visible","stock_status":"in_stock"},{"bundled_item_id":42,"product_id":2253,"menu_order":3,"quantity_min":1,"quantity_max":"","priced_individually":true,"shipped_individually":false,"override_title":false,"title":"Eximia Keratox, 500 ml","override_description":false,"description":"Eximia Keratox, 500 ml","optional":true,"hide_thumbnail":false,"discount":"","override_variations":false,"allowed_variations":[""],"override_default_variation_attributes":false,"default_variation_attributes":[],"single_product_visibility":"visible","cart_visibility":"visible","order_visibility":"visible","single_product_price_visibility":"visible","cart_price_visibility":"visible","order_price_visibility":"visible","stock_status":"in_stock"},{"bundled_item_id":44,"product_id":2258,"menu_order":5,"quantity_min":1,"quantity_max":"","priced_individually":true,"shipped_individually":false,"override_title":false,"title":"Eximia EndoxOil, 500 ml","override_description":false,"description":"Eximia EndoxOil, 500 ml","optional":true,"hide_thumbnail":false,"discount":"","override_variations":false,"allowed_variations":[""],"override_default_variation_attributes":false,"default_variation_attributes":[],"single_product_visibility":"visible","cart_visibility":"visible","order_visibility":"visible","single_product_price_visibility":"visible","cart_price_visibility":"visible","order_price_visibility":"visible","stock_status":"in_stock"}],"yasr_visitor_votes":{"number_of_votes":0,"sum_votes":0,"stars_attributes":{"read_only":true,"span_bottom":"<div class='yasr-small-block-bold'><span class='yasr-visitor-votes-must-sign-in'><\/span><\/div>"}},"_links":{"self":[{"href":"https:\/\/beautyresidence.com\/et\/wp-json\/wp\/v2\/product\/2229"}],"collection":[{"href":"https:\/\/beautyresidence.com\/et\/wp-json\/wp\/v2\/product"}],"about":[{"href":"https:\/\/beautyresidence.com\/et\/wp-json\/wp\/v2\/types\/product"}],"wp:featuredmedia":[{"embeddable":true,"href":"https:\/\/beautyresidence.com\/et\/wp-json\/wp\/v2\/media\/2380"}],"wp:attachment":[{"href":"https:\/\/beautyresidence.com\/et\/wp-json\/wp\/v2\/media?parent=2229"}],"wp:term":[{"taxonomy":"product_cat","embeddable":true,"href":"https:\/\/beautyresidence.com\/et\/wp-json\/wp\/v2\/product_cat?post=2229"},{"taxonomy":"product_tag","embeddable":true,"href":"https:\/\/beautyresidence.com\/et\/wp-json\/wp\/v2\/product_tag?post=2229"}],"curies":[{"name":"wp","href":"https:\/\/api.w.org\/{rel}","templated":true}]}}