{"id":1741,"date":"2019-05-13T17:39:31","date_gmt":"2019-05-13T14:39:31","guid":{"rendered":"https:\/\/beautyresidence.nma.ee\/catalogue\/pdo-tornado-niit-50-tk\/"},"modified":"2021-06-30T16:13:53","modified_gmt":"2021-06-30T13:13:53","slug":"pdo-tornado-niit-50-tk","status":"publish","type":"product","link":"https:\/\/beautyresidence.com\/et\/shop\/esteetiline-kosmetoloogia\/mesoniidid-pdo\/pdo-tornado-niit-50-tk\/","title":{"rendered":"PDO TORNADO niit (50 tk)"},"content":{"rendered":"<p>Niidid Tornado koosnevad kahest kokkukeeratud niidist, t\u00e4nu millele sisestatakse \u00fcheaegselt kaks niiti, seega tekitatakse suur hulk kollageeni v\u00e4iksema hulga protseduuride abil.<\/p>\n","protected":false},"excerpt":{"rendered":"<p>Niidid Tornado koosnevad kahest kokkukeeratud niidist, t\u00e4nu millele sisestatakse \u00fcheaegselt kaks niiti, seega tekitatakse suur hulk kollageeni v\u00e4iksema hulga protseduuride abil.<\/p>\n","protected":false},"featured_media":5371,"template":"","meta":{"yasr_overall_rating":0,"yasr_post_is_review":"","yasr_auto_insert_disabled":"","yasr_review_type":""},"product_cat":[285,288],"product_tag":[],"bundle_layout":"","bundled_by":[],"bundled_items":[],"yasr_visitor_votes":{"number_of_votes":0,"sum_votes":0,"stars_attributes":{"read_only":true,"span_bottom":"<div class='yasr-small-block-bold'><span class='yasr-visitor-votes-must-sign-in'><\/span><\/div>"}},"_links":{"self":[{"href":"https:\/\/beautyresidence.com\/et\/wp-json\/wp\/v2\/product\/1741"}],"collection":[{"href":"https:\/\/beautyresidence.com\/et\/wp-json\/wp\/v2\/product"}],"about":[{"href":"https:\/\/beautyresidence.com\/et\/wp-json\/wp\/v2\/types\/product"}],"wp:featuredmedia":[{"embeddable":true,"href":"https:\/\/beautyresidence.com\/et\/wp-json\/wp\/v2\/media\/5371"}],"wp:attachment":[{"href":"https:\/\/beautyresidence.com\/et\/wp-json\/wp\/v2\/media?parent=1741"}],"wp:term":[{"taxonomy":"product_cat","embeddable":true,"href":"https:\/\/beautyresidence.com\/et\/wp-json\/wp\/v2\/product_cat?post=1741"},{"taxonomy":"product_tag","embeddable":true,"href":"https:\/\/beautyresidence.com\/et\/wp-json\/wp\/v2\/product_tag?post=1741"}],"curies":[{"name":"wp","href":"https:\/\/api.w.org\/{rel}","templated":true}]}}