{"id":1681,"date":"2019-05-13T17:08:04","date_gmt":"2019-05-13T14:08:04","guid":{"rendered":"https:\/\/beautyresidence.nma.ee\/catalogue\/pdo-mono-niit-50-tk\/"},"modified":"2021-06-30T16:13:53","modified_gmt":"2021-06-30T13:13:53","slug":"pdo-mono-niit-50-tk","status":"publish","type":"product","link":"https:\/\/beautyresidence.com\/et\/shop\/esteetiline-kosmetoloogia\/mesoniidid-pdo\/pdo-mono-niit-50-tk\/","title":{"rendered":"PDO MONO niit (50 tk)"},"content":{"rendered":"<p>Pol\u00fcdioksanooni (PDO) p\u00f5hiseid mononiite kasutatakse laialdaselt naha noorendamiseks ja naha vetruvuse lokaalseks t\u00f5stmiseks mis tahes kehaosadel ja n\u00e4onahal.<\/p>\n<p><strong>Kasutusvaldkond:<\/strong><\/p>\n<ul>\n<li>N\u00e4onaha ja keha armeerimine<\/li>\n<li>N\u00e4oovaali pinguldamine<\/li>\n<li>Silma\u00fcmbruste noorendamine<\/li>\n<li>Huulekontuuri muutmine<\/li>\n<li>Kaela keskosa armeerimine<\/li>\n<li>Rakendamine vastavalt kliendi n\u00f5udmisele<\/li>\n<li>Keha kontuurimine<\/li>\n<\/ul>\n<p>Peptiididega mononiidid. Vasktriteptiid (vasktriteptiid-1) tekitab makrofaagide juurdevoolu ja avaldab antioks\u00fcdantset toimet, stimuleerib fibroblastide aktiivsust, soodustab regeneratsiooni, avaldab niiskust s\u00e4ilitavat toimet.<\/p>\n","protected":false},"excerpt":{"rendered":"<p>Pol\u00fcdioksanooni (PDO) p\u00f5hiseid mononiite kasutatakse laialdaselt naha noorendamiseks ja naha vetruvuse lokaalseks t\u00f5stmiseks mis tahes kehaosadel ja n\u00e4onahal.<\/p>\n","protected":false},"featured_media":5375,"template":"","meta":{"yasr_overall_rating":0,"yasr_post_is_review":"","yasr_auto_insert_disabled":"","yasr_review_type":""},"product_cat":[285,288],"product_tag":[],"bundle_layout":"","bundled_by":[],"bundled_items":[],"yasr_visitor_votes":{"number_of_votes":0,"sum_votes":0,"stars_attributes":{"read_only":true,"span_bottom":"<div class='yasr-small-block-bold'><span class='yasr-visitor-votes-must-sign-in'><\/span><\/div>"}},"_links":{"self":[{"href":"https:\/\/beautyresidence.com\/et\/wp-json\/wp\/v2\/product\/1681"}],"collection":[{"href":"https:\/\/beautyresidence.com\/et\/wp-json\/wp\/v2\/product"}],"about":[{"href":"https:\/\/beautyresidence.com\/et\/wp-json\/wp\/v2\/types\/product"}],"wp:featuredmedia":[{"embeddable":true,"href":"https:\/\/beautyresidence.com\/et\/wp-json\/wp\/v2\/media\/5375"}],"wp:attachment":[{"href":"https:\/\/beautyresidence.com\/et\/wp-json\/wp\/v2\/media?parent=1681"}],"wp:term":[{"taxonomy":"product_cat","embeddable":true,"href":"https:\/\/beautyresidence.com\/et\/wp-json\/wp\/v2\/product_cat?post=1681"},{"taxonomy":"product_tag","embeddable":true,"href":"https:\/\/beautyresidence.com\/et\/wp-json\/wp\/v2\/product_tag?post=1681"}],"curies":[{"name":"wp","href":"https:\/\/api.w.org\/{rel}","templated":true}]}}