{"id":1673,"date":"2019-05-13T17:56:37","date_gmt":"2019-05-13T14:56:37","guid":{"rendered":"https:\/\/beautyresidence.nma.ee\/catalogue\/pdo-niit-kahekordsete-salkudega-50-tk\/"},"modified":"2021-06-30T16:13:53","modified_gmt":"2021-06-30T13:13:53","slug":"pdo-niit-kahekordsete-salkudega-50-tk","status":"publish","type":"product","link":"https:\/\/beautyresidence.com\/et\/shop\/esteetiline-kosmetoloogia\/mesoniidid-pdo\/pdo-niit-kahekordsete-salkudega-50-tk\/","title":{"rendered":"PDO niit kahekordsete s\u00e4lkudega (50 tk)"},"content":{"rendered":"<p>Barb II kahesuunaliste s\u00e4lkudega niitide sisestamisel haaratakse nahka nagu kahekordsete konksukestega. K\u00f5ige t\u00f5husam mis tahes kehaosade ja n\u00e4onaha t\u00f5stmiseks.<\/p>\n<p><strong>Kasutusvaldkond:<\/strong><\/p>\n<ul>\n<li>Ideaalset kontuuri moodustavate kudede tugevdamine<\/li>\n<li>N\u00e4o keskmise ja alumise kolmandiku t\u00f5stmine<\/li>\n<li>Keha erinevate osade pinguldamine (kombineerituna lineaars\u00fcstidega)<\/li>\n<li>Kaela pinguldamise eesm\u00e4rgil kaela k\u00fclgmistesse pindmistesse kudedesse sisestamine<\/li>\n<li>Keha kontuurimine + keha naha t\u00f5stmine<\/li>\n<li>Keha naha pinguldamine<\/li>\n<\/ul>\n","protected":false},"excerpt":{"rendered":"<p>Barb II kahesuunaliste s\u00e4lkudega niitide sisestamisel haaratakse nahka nagu kahekordsete konksukestega. K\u00f5ige t\u00f5husam mis tahes kehaosade ja n\u00e4onaha t\u00f5stmiseks.<\/p>\n","protected":false},"featured_media":1344,"template":"","meta":{"yasr_overall_rating":0,"yasr_post_is_review":"","yasr_auto_insert_disabled":"","yasr_review_type":""},"product_cat":[285,288],"product_tag":[],"bundle_layout":"","bundled_by":[],"bundled_items":[],"yasr_visitor_votes":{"number_of_votes":0,"sum_votes":0,"stars_attributes":{"read_only":true,"span_bottom":"<div class='yasr-small-block-bold'><span class='yasr-visitor-votes-must-sign-in'><\/span><\/div>"}},"_links":{"self":[{"href":"https:\/\/beautyresidence.com\/et\/wp-json\/wp\/v2\/product\/1673"}],"collection":[{"href":"https:\/\/beautyresidence.com\/et\/wp-json\/wp\/v2\/product"}],"about":[{"href":"https:\/\/beautyresidence.com\/et\/wp-json\/wp\/v2\/types\/product"}],"wp:featuredmedia":[{"embeddable":true,"href":"https:\/\/beautyresidence.com\/et\/wp-json\/wp\/v2\/media\/1344"}],"wp:attachment":[{"href":"https:\/\/beautyresidence.com\/et\/wp-json\/wp\/v2\/media?parent=1673"}],"wp:term":[{"taxonomy":"product_cat","embeddable":true,"href":"https:\/\/beautyresidence.com\/et\/wp-json\/wp\/v2\/product_cat?post=1673"},{"taxonomy":"product_tag","embeddable":true,"href":"https:\/\/beautyresidence.com\/et\/wp-json\/wp\/v2\/product_tag?post=1673"}],"curies":[{"name":"wp","href":"https:\/\/api.w.org\/{rel}","templated":true}]}}