{"id":1643,"date":"2019-05-13T13:54:55","date_gmt":"2019-05-13T10:54:55","guid":{"rendered":"https:\/\/beautyresidence.nma.ee\/catalogue\/pdo-3d-niidid-20-tk\/"},"modified":"2021-06-30T15:48:28","modified_gmt":"2021-06-30T12:48:28","slug":"pdo-3d-niidid-20-tk","status":"publish","type":"product","link":"https:\/\/beautyresidence.com\/et\/shop\/esteetiline-kosmetoloogia\/mesoniidid-pdo\/pdo-3d-niidid-20-tk\/","title":{"rendered":"PDO 3D niidid (20 tk)"},"content":{"rendered":"<p>\u00dchesuunaliste s\u00e4lkudega 3D niidid toimivad sisestamisel konksukestena. Neid kasutatakse n\u00e4onaha pinguldamiseks.<\/p>\n<p><strong>Kasutusvaldkond:<\/strong><\/p>\n<ul>\n<li>Ideaalset kontuuri moodustavate kudede tugevdamine<\/li>\n<li>N\u00e4o keskmise ja alumise kolmandiku t\u00f5stmine<\/li>\n<li>Keha erinevate osade pinguldamine (kombineerituna lineaars\u00fcstidega)<\/li>\n<li>Kaela pinguldamise eesm\u00e4rgil kaela k\u00fclgmistesse pindmistesse kudedesse<br \/>\nsisestamine<\/li>\n<\/ul>\n","protected":false},"excerpt":{"rendered":"<p>\u00dchesuunaliste s\u00e4lkudega 3D niidid toimivad sisestamisel konksukestena. Neid kasutatakse n\u00e4onaha pinguldamiseks.<\/p>\n","protected":false},"featured_media":1356,"template":"","meta":{"yasr_overall_rating":0,"yasr_post_is_review":"","yasr_auto_insert_disabled":"","yasr_review_type":""},"product_cat":[285,288],"product_tag":[],"bundle_layout":"","bundled_by":[],"bundled_items":[],"yasr_visitor_votes":{"number_of_votes":0,"sum_votes":0,"stars_attributes":{"read_only":true,"span_bottom":"<div class='yasr-small-block-bold'><span class='yasr-visitor-votes-must-sign-in'><\/span><\/div>"}},"_links":{"self":[{"href":"https:\/\/beautyresidence.com\/et\/wp-json\/wp\/v2\/product\/1643"}],"collection":[{"href":"https:\/\/beautyresidence.com\/et\/wp-json\/wp\/v2\/product"}],"about":[{"href":"https:\/\/beautyresidence.com\/et\/wp-json\/wp\/v2\/types\/product"}],"wp:featuredmedia":[{"embeddable":true,"href":"https:\/\/beautyresidence.com\/et\/wp-json\/wp\/v2\/media\/1356"}],"wp:attachment":[{"href":"https:\/\/beautyresidence.com\/et\/wp-json\/wp\/v2\/media?parent=1643"}],"wp:term":[{"taxonomy":"product_cat","embeddable":true,"href":"https:\/\/beautyresidence.com\/et\/wp-json\/wp\/v2\/product_cat?post=1643"},{"taxonomy":"product_tag","embeddable":true,"href":"https:\/\/beautyresidence.com\/et\/wp-json\/wp\/v2\/product_tag?post=1643"}],"curies":[{"name":"wp","href":"https:\/\/api.w.org\/{rel}","templated":true}]}}