{"id":2152,"date":"2018-08-15T15:10:15","date_gmt":"2018-08-15T12:10:15","guid":{"rendered":"https:\/\/beautyresidence.com\/usloviya-polzovaniya\/"},"modified":"2021-09-07T16:07:50","modified_gmt":"2021-09-07T13:07:50","slug":"kasutustingimused","status":"publish","type":"page","link":"https:\/\/beautyresidence.com\/et\/kasutustingimused\/","title":{"rendered":"Kasutustingimused"},"content":{"rendered":"\r\n\t<section class=\"section\" id=\"section_147317457\">\n\t\t<div class=\"bg section-bg fill bg-fill  bg-loaded\" >\n\n\t\t\t\n\t\t\t\n\t\t\t\n\n\t\t<\/div>\n\n\t\t<div class=\"section-content relative\">\n\t\t\t <div class=\"row\"  id=\"row-1514910437\"> \n\t<div id=\"col-1313018134\" class=\"col small-12 large-12\"  >\n\t\t\t\t<div class=\"col-inner\"  >\n\t\t\t\n\t\t\t <div class=\"container section-title-container\" ><h3 class=\"section-title section-title-center\"><b><\/b><span class=\"section-title-main\" >Kasutustingimused<\/span><b><\/b><\/h3><\/div>\r\n<h3>\u00dcldtingimused<\/h3>\r\n<ol>\r\n<li>M\u00fc\u00fcgitingimusi reguleerivad kliendi &#8211; internet-kaupluse Beautyresidence.com (edaspidi M\u00fc\u00fcja) ja Ostja (edaspidi Klient) vahel tekkivad \u00f5igused ja kohustused kaupade (edaspidi Kaup\/Kaubad) ostmisel.<\/li>\r\n<li>Tellimuse vormistamise l\u00f5ppfaasis lisandub kauba hinnale k\u00e4ibemaks suuruses 20%.<\/li>\r\n<li>Beautyresidence j\u00e4tab endale \u00f5iguse muuta m\u00fc\u00fcdava Kauba m\u00fc\u00fcgitingimusi ja hindasid. M\u00e4rgitud muudatused kajastatakse internet-kaupluses www.beautyresidence.com.<\/li>\r\n<li>Tellimuse vormistamiseks on vaja registreeruda internet-kaupluses www.beautyresidence.com.<\/li>\r\n<li>Kaupu v\u00f5ib soetada internet-kaupluses registreerimise l\u00e4binud Klient, saades M\u00fc\u00fcja sellekohase kinnituse.<\/li>\r\n<li>Kaubad on k\u00e4ttesaadavad professionaalset kosmetoloogiaalast haridust v\u00f5i kosmeetiku haridust omavatele kasutajatele.<\/li>\r\n<li>Juriidiliste isikute poolt tehtud ostusid reguleeritakse eraldi juriidilise kokkuleppega, mis s\u00f5lmitakse Beautyresidence O\u00dc-ga koost\u00f6\u00f6 alguses.<\/li>\r\n<\/ol>\r\n<h3>Kauba kohaletoimetamine ja \u00fcleandmine<\/h3>\r\n<ol>\r\n<li>Peale m\u00fc\u00fcgilepingu j\u00f5ustumist (peale Kliendipoolset ettemaksuarve tasumist) komplekteerib Beautyresidence tellimuse ja edastab selle oma logistikapartneritele kauba edasiseks k\u00e4ttetoimetamiseks Ostjale.<\/li>\r\n<li>Tellimus l\u00e4heb t\u00f6\u00f6sse peale tasu laekumist.<\/li>\r\n<li>Kohaletoimetamine on v\u00f5imalik internet-kaupluses www.beautyresidence.com m\u00e4rgitud viisidel.<\/li>\r\n<li>Tellimuste kohaletoimetamine Eesti saartele s\u00f5ltub valitud kohaletoimetamise tingimustest. Saartele kohaletoimetamise aeg v\u00f5ib v\u00f5tta kuni 3 t\u00f6\u00f6p\u00e4eva kauba \u00fcleandmisest logistikafirmale.<\/li>\r\n<li>Viivituste v\u00e4ltimiseks kohaletoimetamisel tuleb Kliendil aegsasti veenduda sissekantud kontaktandmete \u00f5igsuses.<\/li>\r\n<li>Kauba mittevastavuse korral lepingu tingimustele, on Kliendil \u00f5igus:\r\n<ul>\r\n<li>tagastada kaup vastavalt kauba tagastamise reeglitele;<\/li>\r\n<li>n\u00f5uda kauba hinna tagastamist, mis tagastatakse vastavalt tagastamise tingimustele.<\/li>\r\n<\/ul>\r\n<\/li>\r\n<li>Beautyresidence ei kanna vastutust Kaupade kohaletoimetamisega viivitamise eest juhul, kui kaubad on edastatud logistikapartnerile \u00f5igeaegselt ning kohaletoimetamise viivitus on seotud transpordifirma tegevusega.<\/li>\r\n<\/ol>\r\n<h3>Kauba tagastamine<\/h3>\r\n<ol>\r\n<li>Juhul, kui Klient otsustas kauba tagastada, peab ta viivitamatult meiega \u00fchendust v\u00f5tma. Otsusest peab teatama kirjalikus vormis. Kirjutada tuleb aadressile: info@beautyresidence.com.<\/li>\r\n<li>Tagastamisele ei kuulu:\r\n<ul>\r\n<li>avatud pakendis kosmeetikatooted;<\/li>\r\n<li>tooted, milledel ei ole v\u00f5imalik kindlaks m\u00e4\u00e4rata kasutatud koguse mahtu, n\u00e4iteks l\u00e4bipaistmatus pakendis dosaatoriga kreem;<\/li>\r\n<li>tooted, millede s\u00e4ilitamisaeg s\u00f5ltub otseselt pakendi avamise kuup\u00e4evast;<\/li>\r\n<li>avatud originaalpakendiga kaup;<\/li>\r\n<li>vigastatud pakendiga tooted.<\/li>\r\n<\/ul>\r\n<\/li>\r\n<li>Meie ei h\u00fcvita edasisaatmise\/kohaletoimetamise kulusid. Edasisaatmise kulud Kauba tagastamise korral v\u00f5tab endale Klient.<\/li>\r\n<li>Ostja kohustub tagastama kauba firmale Beautyresidence O\u00dc hiljemalt 14 p\u00e4eva jooksul Kauba k\u00e4ttesaamise p\u00e4evast arvates.<\/li>\r\n<li>Kauba v\u00f5ib tagastada meie esindusse aadressil Harjumaa, Tallinna linn, J. Poska tn 45 \/\/ L. Koidula tn 17, 10125 v\u00f5i kasutades selleks postiautomaati, meid sellest eelnevalt teavitades.<\/li>\r\n<li>Raha tagastatud kauba eest makstakse Kliendile v\u00e4lja 14 kalendrip\u00e4eva jooksul Kauba k\u00e4ttesaamisest arvates.<\/li>\r\n<li>Kauba tagastamist juriidilistele isikutele reguleeritakse eraldi lepinguga, mis s\u00f5lmitakse enne ostu.<\/li>\r\n<li>Kui teil on tekkinud k\u00fcsimused Kauba kohta v\u00f5i mistahes pretensioonid, kirjutage meile e-postile: info@beautyresidence.com.<\/li>\r\n<li>Kirjalikult esitatud pretensiooni v\u00f5ib l\u00e4bi vaadata kuni 7 kalendrip\u00e4eva jooksul.<\/li>\r\n<li>Juhul, kui Klient (f\u00fc\u00fcsiline isik) ei n\u00f5ustu M\u00fc\u00fcja otsusega, v\u00f5ib ta p\u00f6\u00f6rduda Tarbijakaitseametisse.<\/li>\r\n<\/ol>\r\n\t\t<\/div>\n\t\t\t\t\t<\/div>\n\n\t <\/div> \t\t<\/div>\n\n\t\t\n<style>\n#section_147317457 {\n  padding-top: 60px;\n  padding-bottom: 60px;\n}\n<\/style>\n\t<\/section>\n\t\r\n","protected":false},"excerpt":{"rendered":"","protected":false},"author":2,"featured_media":0,"parent":0,"menu_order":0,"comment_status":"closed","ping_status":"closed","template":"","meta":{"yasr_overall_rating":0,"yasr_post_is_review":"","yasr_auto_insert_disabled":"","yasr_review_type":"","footnotes":""},"yasr_visitor_votes":{"number_of_votes":0,"sum_votes":0,"stars_attributes":{"read_only":true,"span_bottom":"<div class='yasr-small-block-bold'><span class='yasr-visitor-votes-must-sign-in'><\/span><\/div>"}},"_links":{"self":[{"href":"https:\/\/beautyresidence.com\/et\/wp-json\/wp\/v2\/pages\/2152"}],"collection":[{"href":"https:\/\/beautyresidence.com\/et\/wp-json\/wp\/v2\/pages"}],"about":[{"href":"https:\/\/beautyresidence.com\/et\/wp-json\/wp\/v2\/types\/page"}],"author":[{"embeddable":true,"href":"https:\/\/beautyresidence.com\/et\/wp-json\/wp\/v2\/users\/2"}],"replies":[{"embeddable":true,"href":"https:\/\/beautyresidence.com\/et\/wp-json\/wp\/v2\/comments?post=2152"}],"version-history":[{"count":5,"href":"https:\/\/beautyresidence.com\/et\/wp-json\/wp\/v2\/pages\/2152\/revisions"}],"predecessor-version":[{"id":4441,"href":"https:\/\/beautyresidence.com\/et\/wp-json\/wp\/v2\/pages\/2152\/revisions\/4441"}],"wp:attachment":[{"href":"https:\/\/beautyresidence.com\/et\/wp-json\/wp\/v2\/media?parent=2152"}],"curies":[{"name":"wp","href":"https:\/\/api.w.org\/{rel}","templated":true}]}}