{"id":1898,"date":"2019-09-14T14:53:57","date_gmt":"2019-09-14T11:53:57","guid":{"rendered":"https:\/\/beautyresidence.nma.ee\/?page_id=1898"},"modified":"2022-02-18T14:35:31","modified_gmt":"2022-02-18T12:35:31","slug":"privaatsuspoliitika","status":"publish","type":"page","link":"https:\/\/beautyresidence.com\/et\/privaatsuspoliitika\/","title":{"rendered":"Privaatsuspoliitika"},"content":{"rendered":"<h2>Privaatsuspoliitika<\/h2>\n<p>Beautyresidence O\u00dc vastutab oma klientide ja veebilehe www.beautyresidence.com k\u00fclastajate andmete konfidentsiaalsuse ja turvalisuse eest.<\/p>\n<p>See isikuandmete kaitse p\u00f5him\u00e4\u00e4rus sisaldab infot selle kohta, millist isiklikku teavet www.beautyresidence.com kogub ja kuidas www.beautyresidence.com isiklikku teavet kasutab. Beautyresidence.com v\u00f5ib seda privaatsuspoliitikat uuendada, pannes veebilehele uue versiooni. K\u00fclastage seda lehte aeg-ajalt, et olla kursis muudatustega.<\/p>\n<p>Veebileht www.beautyresidence.com t\u00f6\u00f6tleb, avaldab, s\u00e4ilitab ja kasutab teie isikuandmeid ning teavet turvaliselt ja ausalt koosk\u00f5las EL-i ja rahvusvaheliste seadustega.<\/p>\n<h3>Isikliku teabe kogumine<\/h3>\n<p>Beautyresidence.com v\u00f5ib koguda ja kasutada j\u00e4rgmist t\u00fc\u00fcpi isiklikku teavet:<\/p>\n<ul>\n<li>teave selle veebilehe kasutamise kohta (sealhulgas IP-aadress, geograafiline asukoht, brauseri t\u00fc\u00fcp ja versioon, operatsioonis\u00fcsteem, liiklusallikas, k\u00fclastuse kestus, lehtede vaatamised, veebilehel navigeerimine, k\u00fclastuse aeg ja kuup\u00e4ev, muu statistika. V\u00f5ime kasutada ka kolmandate isikute teenuseid nt Google Analytics, Yandex.Metrika, Facebook andmete kogumiseks, j\u00e4lgimiseks ja anal\u00fc\u00fcsimiseks).<\/li>\n<li>teave teie ja meie vahel tehtud v\u00f5i selle veebilehega seotud tehingute kohta, sealhulgas teave selle kohta, milliseid kaupu ja teenuseid te ostate;<\/li>\n<li>teave, mille te annate veebilehel registreerimiseks (sealhulgas e-posti aadress, ees- ja perekonnanimi, arvete esitamise ja kaubak\u00e4ttetoimetamise aadressid)<\/li>\n<li>teave, mida annate teenuste tellimiseks, e-posti teel teavitamiseks;<\/li>\n<li>muu teave, mille saadate aadressile www.beautyresidence.com.<\/li>\n<\/ul>\n<h3>Muude andmete kogumine<\/h3>\n<p>Kogume ka mitteisiklikke andmeid, s.t. andmeid, mida ei saa siduda kindla isikuga (sugu, vanus, keele-eelistus, asukoht). Peale selle saame koguda \u00fcldist teavet klientide tegevuse kohta meie poodides ja veebilehel. Neid andmeid kogutakse ja kasutatakse selleks, et saaksime pakkuda klientidele neile sobivamat teavet, samuti selleks, et saada teavet selle kohta, millised tooted, teenused ja jaotised pakuvad k\u00f5ige rohkem huvi. K\u00e4esolevas privaatsuspoliitikas peetakse koondandmeid mitteisiklikeks.<\/p>\n<h3>Isikliku teabe kasutamine<\/h3>\n<p>Beautyresidence.com v\u00f5ib teie isikuandmeid kasutada j\u00e4rgmistel eesm\u00e4rkidel:<\/p>\n<ul>\n<li>selle veebilehe haldamine;<\/li>\n<li>veebilehe personaliseerimine teie jaoks;<\/li>\n<li>veebilehe teenustele juurdep\u00e4\u00e4su tagamineja teenustekasutusv\u00f5imaluste pakkumine;<\/li>\n<li>ostetud kauba k\u00e4ttetoimetamine (edastades logistikapartneritele tarneinfot);<\/li>\n<li>ostetud teenuste osutamine;<\/li>\n<li>teatiste ja arvete saatmine, maksete kogumine;<\/li>\n<li>teatiste saatmine e-posti teel vastuseks teie p\u00e4ringutele;<\/li>\n<li>t\u00f6\u00f6 p\u00e4ringute, tagasiside ja kaebustega, mille olete esitanudteie, mis on esitatud teie v\u00f5i teeninduse kohta;<\/li>\n<\/ul>\n<p>Teie antud e-posti aadressile v\u00f5ime perioodiliselt saata e- kirju uute toodete, eripakkumiste kohta v\u00f5i muud teavet, mis meie arvates v\u00f5iks teile huvi pakkuda;<br \/>V\u00f5ime kasutada teie isiklikku infot ka selleks, et teiega kontakteeruda ja k\u00fcsida luba kasutada\/jagada teie ostuajalugu meie turundus- v\u00f5i reklaammaterjalides.<\/p>\n<h3>Mis on k\u00fcpsised?<\/h3>\n<p>K\u00fcpsised on v\u00e4ikesed tekstifailid, mis laaditakse veebilehtede k\u00fclastamisel teie arvutisse v\u00f5i mobiiliseadmesse. Igal j\u00e4rgneval k\u00fclastusel saadetakse need failid tagasi neid tuvastavale veebilehele. K\u00fcpsised toimivad konkreetse kodulehe m\u00e4luna, v\u00f5imaldades korduvate k\u00fclastuste korral teid \u00e4ra tunda ja seadeid taastada, muutes veebilehe kasutajale mugavamaks. Lisateavet k\u00fcpsiste ning nende haldamise v\u00f5i eemaldamise kohta leiate aadressilt http:\/\/www.aboutcookies.org.uk\/managing-cookies.<\/p>\n<p><u>Olulised Cookies<\/u> &#8211; Need on k\u00fcpsised, mis on vajalikud https:\/\/beautyresidence.com p\u00f5hifunktsioonide t\u00e4itmiseks. Nende hulka kuuluvad need, mis on vajalikud veebilehe sisu t\u00f5lkimiseks kasutaja soovitud keelde ja k\u00fcpsiste eelistuste salvestamiseks.<\/p>\n<p><u>Anal\u00fc\u00fctikak\u00fcpsised<\/u> &#8211; need on seatud usaldusv\u00e4\u00e4rsete kolmandate osapoolte v\u00f5rgustike (nt Google Analytics, Yandex.Metrika jne) poolt, et j\u00e4lgida selliseid \u00fcksikasju nagu unikaalsete k\u00fclastajate arv ja lehek\u00fclje vaatamised, et aidata parandada kasutajakogemust.<\/p>\n<h3>Kuidas me k\u00fcpsiseid kasutame?<\/h3>\n<p>Veebileht kasutab k\u00fcpsiseid, et meelde j\u00e4tta:<\/p>\n<ul>\n<li>kas kasutajat on k\u00fcpsiste kasutamisest juba teavitatud;<\/li>\n<li>millal toimus viimane tegevus veebilehel;<\/li>\n<li>otsinguv\u00e4ljadele sisestatud teave.<\/li>\n<\/ul>\n<h3>Olulised Cookies<\/h3>\n<p><u>_icl_current_language<\/u> \u2013 Kasutatakse kasutaja keele m\u00e4\u00e4ramiseks AJAX p\u00e4ringute ajal (nt hinnapakkumiste esitamine jne).<\/p>\n<p><u>wp-wpml_current_language<\/u> \u2013 Kasutatakse praeguse lehek\u00fclje keele m\u00e4\u00e4ramiseks.<\/p>\n<p><u>wpml_browser_redirect_test<\/u> \u2013 Kasutatakse selleks, et teha kindlaks, kas k\u00fcpsised on lubatud.<\/p>\n<p><u>wpml_referer_url<\/u> \u2013 Kasutatakse varem k\u00fclastatud lehek\u00fclje url-i m\u00e4\u00e4ramiseks.<\/p>\n<p><u>_icl_visitor_lang_js<\/u> \u2013 Salvestab \u00fcmbersuunatud keele.<\/p>\n<p><u>cck_cookie_settings<\/u> \u2013 Kasutatakse kasutaja k\u00fcpsiste eelistuste meelespidamiseks.<\/p>\n<h3>Anal\u00fc\u00fctikak\u00fcpsised<\/h3>\n<h4>Yandex.Metrika<\/h4>\n<p><u>_ym_metrika_enabled<\/u> \u2013 Kontrollib, kas teised Yandex.Metrica k\u00fcpsised on \u00f5igesti paigaldatud.<\/p>\n<p><u>_ym_isad<\/u> \u2013 Tehakse kindlaks, kas kasutajal on reklaamblokeerijad.<\/p>\n<p><u>_ym_uid<\/u> \u2013 Kasutatakse saidi kasutajate tuvastamiseks.<\/p>\n<p><u>_ym_d<\/u> \u2013 Salvestab kasutaja esimese saidi seansi kuup\u00e4eva.<\/p>\n<p><u>yabs-sid<\/u> \u2013 Seansi ID.<\/p>\n<p><u>_ym_debug<\/u> \u2013 N\u00e4itab, et silumisre\u017eiim on aktiivne.<\/p>\n<p><u>_ym_mp2_substs<\/u> \u2013 Kasutatakse sihtk\u00f5ne puhul.<\/p>\n<p><u>_ym_visorc_*<\/u> \u2013 V\u00f5imaldab sessiooni taasesituse korrektset toimimist.<\/p>\n<p><u>_ym_hostIndex<\/u> \u2013 Piirab taotluste arvu.<\/p>\n<p><u>_ym_mp2_track<\/u> \u2013 Kasutatakse sihtk\u00f5ne puhul.<\/p>\n<p><u>i, yandexuid, yuidss<\/u> \u2013 Kasutatakse saidi kasutajate tuvastamiseks.<\/p>\n<p><u>ymex<\/u> \u2013 Salvestab Yandex.Metrica j\u00f5udluse lisateavet: ID loomise aeg ja nende alternatiivsed v\u00e4\u00e4rtused.<\/p>\n<p><u>usst<\/u> \u2013 S\u00e4ilitab lisateavet saitide kasutajatunnuste s\u00fcnkroonimiseks erinevate Yandexi domeenide vahel.<\/p>\n<p>Lisateavet saab siit: https:\/\/yandex.com\/support\/metrica\/general\/cookie-usage.html<\/p>\n<h4>Google Analytics<\/h4>\n<p><u>_ga, _gid, _gat_*<\/u> \u2013Google (Universal) Analytics, Google Inc. poolt pakutav veebianal\u00fc\u00fcsi teenus. (www.google.com). Google (Universal) Analytics kasutab meetodeid, mis v\u00f5imaldavad meil anal\u00fc\u00fcsida veebisaidi kasutamist ja v\u00f5imaldavad meil \u00e4ra tunda ja loendada meie veebisaidi k\u00fclastajate arvu ning n\u00e4ha, kuidas k\u00fclastajad meie veebisaidi kasutamise ajal seal liiguvad.<\/p>\n<h4>Facebook Pixel<\/h4>\n<p>Kasutame Facebooki pikslit kasutajate k\u00e4itumise j\u00e4lgimiseks, mis v\u00f5imaldab meil saata teile asjakohast, suunatud reklaami Facebookis. See on j\u00e4lgimispiksel, mis kogub teie kohta teavet, mida kasutatakse Facebooki reklaamide sihtr\u00fchmade loomiseks ja optimeerimiseks. N\u00e4iteks kogub ja saadab see Facebookile andmeid, mis on seotud identifikaatoriga, nagu teie nimi v\u00f5i IP-aadress, selle kohta, et olete k\u00fclastanud meie veebilehte ja mida te klikkisite.<\/p>\n<p>Lisateavet Facebooki k\u00fcpsiste kohta leiate siit: https:\/\/www.facebook.com\/policies\/cookies\/<\/p>\n<h3>Kuidas saab k\u00fcpsiseid keelata?<\/h3>\n<p>K\u00fcpsiseid saab soovi korral keelata v\u00f5i eemaldada. L\u00e4hemalt lugege siit: aboutcookies.org. V\u00f5ite kustutada k\u00f5ik oma arvutis olevad k\u00fcpsised ja enamiku brausereid saate seadistada ka nii, et k\u00fcpsiste salvestamine oleks blokeeritud. Kuid sel juhul peate iga kord k\u00e4sitsi m\u00e4\u00e4rama k\u00f5ik veebilehe s\u00e4tted. Samuti on v\u00f5imalik, et m\u00f5ned teenused ja funktsioonid ei t\u00f6\u00f6ta.<\/p>\n<p>Yandex.Metrika k\u00fcpsiseid saab ka keelata opt-out addoni abil: https:\/\/yandex.com\/support\/metrica\/general\/opt-out.html<\/p>\n<p>Google Analyticsi k\u00fcpsised saab keelata opt-out lisandiga: https:\/\/support.google.com\/analytics\/answer\/181881<\/p>\n<h3 style=\"font-size: 20.16px;\">Andmete avaldamine<\/h3>\n<p>V\u00f5ime teie isikuandmeid avaldada ulatuses, mis on m\u00f5istlikult vajalik k\u00e4esoleva privaatsuspoliitika eesm\u00e4rkide saavutamiseks.<br \/>Samuti v\u00f5ime avalikustada teie isiklikku teavet:<\/p>\n<ul>\n<li>mahus, nagu seadus n\u00f5uab;<\/li>\n<li>seoses k\u00e4imasoleva v\u00f5i eelseisva kohtumenetlusega;<\/li>\n<li>oma seaduslike \u00f5iguste (sealhulgas anda teavet teistele pettuste ennetamiseks ja laenuriski v\u00e4hendamiseks) kehtestamiseks, kasutamiseks ja kaitsmiseks.<\/li>\n<\/ul>\n<h3>\u041a\u043entaktteave<\/h3>\n<p>Kontroller: Beautyresidence O\u00dc, reg. nr. 11741248<br \/>Juriidiline aadress: Harjumaa, Tallinn linn, J.Poska 45\/ L.Koidula 17, 10125<br \/>\u00d5iguslik alus: Beautyresidence O\u00dc legitiimsed huvid<\/p>\n<p>Privaatsuspoliitika tingimustega n\u00f5ustudes annab klient Beautyresidenceile \u00f5iguse oma andmeid automaatselt t\u00f6\u00f6delda. V\u00f5ite oma n\u00f5usoleku igal ajal tagasi v\u00f5tta meie veebilehel v\u00f5i saates meile kirjaliku reprodutseeritavas vormis avalduse. Avaldus v\u00f5i n\u00f5usoleku tagasiv\u00f5tmine ei oma tagasiulatuvat j\u00f5udu.<\/p>\n<p>Kui teil on k\u00fcsimusi k\u00e4esolevaprivaatsuspoliitika kohta v\u00f5i selle kohta, kuidas www.beautyresidence.com teie isikliku teabega t\u00f6\u00f6tab, kirjutage meie aadressile info@beautyresidence.com<\/p>\n","protected":false},"excerpt":{"rendered":"<p>Privaatsuspoliitika Beautyresidence O\u00dc vastutab oma klientide ja veebilehe www.beautyresidence.com k\u00fclastajate andmete konfidentsiaalsuse ja turvalisuse eest. See isikuandmete kaitse p\u00f5him\u00e4\u00e4rus sisaldab infot selle kohta, millist isiklikku teavet www.beautyresidence.com kogub ja kuidas www.beautyresidence.com isiklikku teavet kasutab. Beautyresidence.com v\u00f5ib seda privaatsuspoliitikat uuendada, pannes veebilehele uue versiooni. K\u00fclastage seda lehte aeg-ajalt, et olla kursis muudatustega. Veebileht www.beautyresidence.com t\u00f6\u00f6tleb, avaldab, [&#8230;]\n","protected":false},"author":258,"featured_media":0,"parent":0,"menu_order":0,"comment_status":"closed","ping_status":"open","template":"","meta":{"yasr_overall_rating":0,"yasr_post_is_review":"","yasr_auto_insert_disabled":"","yasr_review_type":"","footnotes":""},"yasr_visitor_votes":{"number_of_votes":0,"sum_votes":0,"stars_attributes":{"read_only":true,"span_bottom":"<div class='yasr-small-block-bold'><span class='yasr-visitor-votes-must-sign-in'><\/span><\/div>"}},"_links":{"self":[{"href":"https:\/\/beautyresidence.com\/et\/wp-json\/wp\/v2\/pages\/1898"}],"collection":[{"href":"https:\/\/beautyresidence.com\/et\/wp-json\/wp\/v2\/pages"}],"about":[{"href":"https:\/\/beautyresidence.com\/et\/wp-json\/wp\/v2\/types\/page"}],"author":[{"embeddable":true,"href":"https:\/\/beautyresidence.com\/et\/wp-json\/wp\/v2\/users\/258"}],"replies":[{"embeddable":true,"href":"https:\/\/beautyresidence.com\/et\/wp-json\/wp\/v2\/comments?post=1898"}],"version-history":[{"count":10,"href":"https:\/\/beautyresidence.com\/et\/wp-json\/wp\/v2\/pages\/1898\/revisions"}],"predecessor-version":[{"id":5952,"href":"https:\/\/beautyresidence.com\/et\/wp-json\/wp\/v2\/pages\/1898\/revisions\/5952"}],"wp:attachment":[{"href":"https:\/\/beautyresidence.com\/et\/wp-json\/wp\/v2\/media?parent=1898"}],"curies":[{"name":"wp","href":"https:\/\/api.w.org\/{rel}","templated":true}]}}