{"id":1391,"date":"2018-08-15T13:50:51","date_gmt":"2018-08-15T10:50:51","guid":{"rendered":"https:\/\/beautyresidence.nma.ee\/faq\/"},"modified":"2021-09-07T16:07:50","modified_gmt":"2021-09-07T13:07:50","slug":"kkk","status":"publish","type":"page","link":"https:\/\/beautyresidence.com\/et\/kkk\/","title":{"rendered":"KKK"},"content":{"rendered":"\n\t<section class=\"section no-padding-section\" id=\"section_860250342\">\n\t\t<div class=\"bg section-bg fill bg-fill  bg-loaded\" >\n\n\t\t\t\n\t\t\t\n\t\t\t\n\n\t\t<\/div>\n\n\t\t<div class=\"section-content relative\">\n\t\t\t\n\n<div class=\"row row-collapse\"  id=\"row-1156204273\">\n\n\n\t<div id=\"col-392701323\" class=\"col medium-12 small-12 large-6\"  data-animate=\"fadeInLeft\">\n\t\t\t\t<div class=\"col-inner\"  >\n\t\t\t\n\t\t\t\n\n\n  <div class=\"banner has-hover\" id=\"banner-2104548583\">\n          <div class=\"banner-inner fill\">\n        <div class=\"banner-bg fill\" >\n            <div class=\"bg fill bg-fill \"><\/div>\n                                    \n                    <\/div>\n        <div class=\"banner-layers container\">\n            <div class=\"fill banner-link\"><\/div>            \n\n   <div id=\"text-box-371779162\" class=\"text-box banner-layer x50 md-x50 lg-x50 y50 md-y50 lg-y50 res-text\">\n                                <div class=\"text-box-content text dark\">\n              \n              <div class=\"text-inner text-left\">\n                  \n\n<h1 class=\"uppercase\"><strong>KKK<\/strong><\/h1>\n<h2><span style=\"font-size: 90%;\">Korduma kippuvad k\u00fcsimused<\/span><\/h2>\n<p><span style=\"font-size: 160%; color: #ffffff;\">Selles rubriigis avaldame k\u00f5ige levinumaid k\u00fcsimusi, mis on seotud meie kauplusega, ja vastame neile. Kui teil on tekkinud k\u00fcsimus, siis ehk on seda juba esitatud ja te saate sellele kiiresti vastuse. Kui te oma k\u00fcsimusele siiski vastus ei saanud, siis v\u00f5ite selle esitada meile telefoni v\u00f5i e-kirja teel.<br \/>\n<\/span><\/p>\n\t<div id=\"gap-1256542797\" class=\"gap-element clearfix\" style=\"display:block; height:auto;\">\n\t\t\n<style>\n#gap-1256542797 {\n  padding-top: 10px;\n}\n<\/style>\n\t<\/div>\n\t\n\n<a href=\"https:\/\/beautyresidence.com\/et\/kontaktid\/\" target=\"_self\" class=\"button primary is-xlarge lowercase\"  >\n    <span>Esitage oma k\u00fcsimus<\/span>\n  <\/a>\n\n\n<a href=\"tel:+3726444003\" target=\"_self\" class=\"button white is-outline is-xlarge lowercase\"  >\n    <span>Helistage meile<\/span>\n  <\/a>\n\n\n\n              <\/div>\n           <\/div>\n                            \n<style>\n#text-box-371779162 {\n  width: 76%;\n}\n#text-box-371779162 .text-box-content {\n  font-size: 100%;\n}\n<\/style>\n    <\/div>\n \n\n        <\/div>\n      <\/div>\n\n            \n<style>\n#banner-2104548583 {\n  padding-top: 600px;\n  background-color: #8db7c4;\n}\n@media (min-width:850px) {\n  #banner-2104548583 {\n    padding-top: 400px;\n  }\n}\n<\/style>\n  <\/div>\n\n\n\n\t\t<\/div>\n\t\t\t\t\t<\/div>\n\n\t\n\n\t<div id=\"col-2034404671\" class=\"col hide-for-medium medium-6 small-12 large-6\"  >\n\t\t\t\t<div class=\"col-inner\"  >\n\t\t\t\n\t\t\t\n\n\t<div class=\"img has-hover x md-x lg-x y md-y lg-y\" id=\"image_360212281\">\n\t\t\t\t\t\t<div data-animate=\"fadeInRight\">\t\t<div class=\"img-inner image-cover dark\" style=\"padding-top:400px;\">\n\t\t\t<img decoding=\"async\" width=\"1504\" height=\"1000\" src=\"https:\/\/beautyresidence.com\/wp-content\/uploads\/2018\/08\/skin-care-therapist-diploma-2.jpg\" class=\"attachment-original size-original\" alt=\"\" srcset=\"https:\/\/beautyresidence.com\/wp-content\/uploads\/2018\/08\/skin-care-therapist-diploma-2.jpg 1504w, https:\/\/beautyresidence.com\/wp-content\/uploads\/2018\/08\/skin-care-therapist-diploma-2-300x199.jpg 300w, https:\/\/beautyresidence.com\/wp-content\/uploads\/2018\/08\/skin-care-therapist-diploma-2-768x511.jpg 768w, https:\/\/beautyresidence.com\/wp-content\/uploads\/2018\/08\/skin-care-therapist-diploma-2-1024x681.jpg 1024w, https:\/\/beautyresidence.com\/wp-content\/uploads\/2018\/08\/skin-care-therapist-diploma-2-600x399.jpg 600w\" sizes=\"(max-width: 1504px) 100vw, 1504px\" \/>\t\t\t\t\t\t\n\t\t\t\t\t<\/div>\n\t\t<\/div>\t\t\t\t\t\t\n<style>\n#image_360212281 {\n  width: 100%;\n}\n<\/style>\n\t<\/div>\n\t\n\n\n\t\t<\/div>\n\t\t\t\t\t<\/div>\n\n\t\n\n<\/div>\n\n\t\t<\/div>\n\n\t\t\n<style>\n#section_860250342 {\n  padding-top: 80px;\n  padding-bottom: 80px;\n}\n<\/style>\n\t<\/section>\n\t\n\t<section class=\"section\" id=\"section_611900219\">\n\t\t<div class=\"bg section-bg fill bg-fill  bg-loaded\" >\n\n\t\t\t\n\t\t\t\n\t\t\t\n\n\t\t<\/div>\n\n\t\t<div class=\"section-content relative\">\n\t\t\t\n\n<div class=\"row row-collapse\"  id=\"row-834291023\">\n\n\n\t<div id=\"col-596082451\" class=\"col small-12 large-12\"  >\n\t\t\t\t<div class=\"col-inner\"  >\n\t\t\t\n\t\t\t\n\n<div class=\"accordion\" rel=\"\">\n\n<div class=\"accordion-item\"><a href=\"#\" class=\"accordion-title plain\"><button class=\"toggle\"><i class=\"icon-angle-down\"><\/i><\/button><span>Millised on toodete tarnev\u00f5imalused?<\/span><\/a><div class=\"accordion-inner\">\n\n<p>Meie kauplusest on v\u00f5imalik tarnida kaupu Eesti piires ja v\u00e4lisriikidesse.<\/p>\n\n<\/div><\/div>\n<div class=\"accordion-item\"><a href=\"#\" class=\"accordion-title plain\"><button class=\"toggle\"><i class=\"icon-angle-down\"><\/i><\/button><span>Kas toodetel on olemas sertifikaadid?<\/span><\/a><div class=\"accordion-inner\">\n\n<p>Meie sortimendis on ainult originaalsed sertifitseeritud tooted.<\/p>\n\n<\/div><\/div>\n<div class=\"accordion-item\"><a href=\"#\" class=\"accordion-title plain\"><button class=\"toggle\"><i class=\"icon-angle-down\"><\/i><\/button><span>Kas professionaalseid kosmeetikatooteid v\u00f5i aparaate on v\u00f5imalik soetada ka eraisikul?<\/span><\/a><div class=\"accordion-inner\">\n\n<p>Kosmeetikatooteid ja kosmeetilisi aparaate on v\u00f5imalik osta ka eraisikul.<\/p>\n\n<\/div><\/div>\n<div class=\"accordion-item\"><a href=\"#\" class=\"accordion-title plain\"><button class=\"toggle\"><i class=\"icon-angle-down\"><\/i><\/button><span>Kas annate oma kosmeetikaseadmetele garantii ja kui, siis millise?<\/span><\/a><div class=\"accordion-inner\">\n\n<p>Kosmeetikaseadmetele kehtib garantii \u00fcks kuni kaks aastat, s\u00f5ltuvalt seadme t\u00fc\u00fcbist.<\/p>\n\n<\/div><\/div>\n<div class=\"accordion-item\"><a href=\"#\" class=\"accordion-title plain\"><button class=\"toggle\"><i class=\"icon-angle-down\"><\/i><\/button><span>Kui veebilehel esitletud kaubam\u00e4rgi tootesarjast puudub m\u00f5ni toode, kas siis seda on v\u00f5imalik ka eraldi tellida?<\/span><\/a><div class=\"accordion-inner\">\n\n<p>Kui te ei leidnud meie kaupluses esindatud kaubam\u00e4rkide seast endale vajalikku toodet, p\u00f6\u00f6rduge palun oma k\u00fcsimusega meie poole telefoni v\u00f5i e-kirja teel.<\/p>\n\n<\/div><\/div>\n<div class=\"accordion-item\"><a href=\"#\" class=\"accordion-title plain\"><button class=\"toggle\"><i class=\"icon-angle-down\"><\/i><\/button><span>Millal muutub k\u00e4ttesaadavaks uuendatud Princessi kaubam\u00e4rk (uue nimetusega Saypha)?<\/span><\/a><div class=\"accordion-inner\">\n\n<p>Meie ettev\u00f5te, Beautyresidence O\u00dc, on Chroma Pharma toodete maaletooja Balti riikides. Orienteerudes Euroopa turule, muutub Saypha\u00ae k\u00f5igile ametlikele Euroopa maaletoojatele k\u00e4ttesaadavaks alates 2019. aasta jaanuarist.<\/p>\n\n<\/div><\/div>\n<div class=\"accordion-item\"><a href=\"#\" class=\"accordion-title plain\"><button class=\"toggle\"><i class=\"icon-angle-down\"><\/i><\/button><span>Miks poe lehek\u00fcljel olev esialgne hind erineb l\u00f5plikust hinnast tellimuse vormistamisel?<\/span><\/a><div class=\"accordion-inner\">\n\n<p>Kuna tellimuse vormistamisel arvestatakse hinna sisse k\u00e4ibemaks.\n<\/p>\n\n<\/div><\/div>\n<div class=\"accordion-item\"><a href=\"#\" class=\"accordion-title plain\"><button class=\"toggle\"><i class=\"icon-angle-down\"><\/i><\/button><span>Kas on v\u00f5imalik omada samaaegselt isiklikku ja \u00e4rikontot?<\/span><\/a><div class=\"accordion-inner\">\n\n<p>Ei ole. V\u00f5imalik on omada ainult \u00fchte t\u00fc\u00fcpi kontot &#8212; kas isiklikku v\u00f5i \u00e4rikontot.<\/p>\n\n<\/div><\/div>\n\n<\/div>\n\t<div id=\"gap-128986567\" class=\"gap-element clearfix\" style=\"display:block; height:auto;\">\n\t\t\n<style>\n#gap-128986567 {\n  padding-top: 70px;\n}\n<\/style>\n\t<\/div>\n\t\n\n\n\t\t<\/div>\n\t\t\t\t\t<\/div>\n\n\t\n\n<\/div>\n\n\t\t<\/div>\n\n\t\t\n<style>\n#section_611900219 {\n  padding-top: 0px;\n  padding-bottom: 0px;\n}\n<\/style>\n\t<\/section>\n\t\n\n","protected":false},"excerpt":{"rendered":"","protected":false},"author":2,"featured_media":0,"parent":0,"menu_order":0,"comment_status":"closed","ping_status":"closed","template":"page-blank.php","meta":{"yasr_overall_rating":0,"yasr_post_is_review":"","yasr_auto_insert_disabled":"","yasr_review_type":"","footnotes":""},"yasr_visitor_votes":{"number_of_votes":0,"sum_votes":0,"stars_attributes":{"read_only":true,"span_bottom":"<div class='yasr-small-block-bold'><span class='yasr-visitor-votes-must-sign-in'><\/span><\/div>"}},"_links":{"self":[{"href":"https:\/\/beautyresidence.com\/et\/wp-json\/wp\/v2\/pages\/1391"}],"collection":[{"href":"https:\/\/beautyresidence.com\/et\/wp-json\/wp\/v2\/pages"}],"about":[{"href":"https:\/\/beautyresidence.com\/et\/wp-json\/wp\/v2\/types\/page"}],"author":[{"embeddable":true,"href":"https:\/\/beautyresidence.com\/et\/wp-json\/wp\/v2\/users\/2"}],"replies":[{"embeddable":true,"href":"https:\/\/beautyresidence.com\/et\/wp-json\/wp\/v2\/comments?post=1391"}],"version-history":[{"count":8,"href":"https:\/\/beautyresidence.com\/et\/wp-json\/wp\/v2\/pages\/1391\/revisions"}],"predecessor-version":[{"id":5547,"href":"https:\/\/beautyresidence.com\/et\/wp-json\/wp\/v2\/pages\/1391\/revisions\/5547"}],"wp:attachment":[{"href":"https:\/\/beautyresidence.com\/et\/wp-json\/wp\/v2\/media?parent=1391"}],"curies":[{"name":"wp","href":"https:\/\/api.w.org\/{rel}","templated":true}]}}