{"id":1378,"date":"2018-08-10T17:18:38","date_gmt":"2018-08-10T14:18:38","guid":{"rendered":"https:\/\/beautyresidence.nma.ee\/brands\/"},"modified":"2026-03-17T18:15:35","modified_gmt":"2026-03-17T16:15:35","slug":"kaubamargid","status":"publish","type":"page","link":"https:\/\/beautyresidence.com\/et\/kaubamargid\/","title":{"rendered":"Kaubam\u00e4rgid"},"content":{"rendered":"\t<section class=\"section\" id=\"section_1170498648\">\n\t\t<div class=\"bg section-bg fill bg-fill  bg-loaded\" >\n\n\t\t\t\n\t\t\t\n\t\t\t\n\n\t\t<\/div>\n\n\t\t<div class=\"section-content relative\">\n\t\t\t\n<div class=\"row align-middle\"  id=\"row-1155086896\">\n\n\t<div id=\"col-1611964040\" class=\"col medium-6 small-12 large-6\"  >\n\t\t\t\t<div class=\"col-inner\"  >\n\t\t\t\n\t\t\t\n\t<div class=\"img has-hover x md-x lg-x y md-y lg-y\" id=\"image_1686504009\">\n\t\t\t\t\t\t<div data-animate=\"fadeInLeft\">\t\t<div class=\"img-inner dark\" >\n\t\t\t<img decoding=\"async\" width=\"700\" height=\"700\" src=\"https:\/\/beautyresidence.com\/wp-content\/uploads\/2023\/12\/photo.webp\" class=\"attachment-original size-original\" alt=\"\" srcset=\"https:\/\/beautyresidence.com\/wp-content\/uploads\/2023\/12\/photo.webp 700w, https:\/\/beautyresidence.com\/wp-content\/uploads\/2023\/12\/photo-300x300.webp 300w, https:\/\/beautyresidence.com\/wp-content\/uploads\/2023\/12\/photo-150x150.webp 150w, https:\/\/beautyresidence.com\/wp-content\/uploads\/2023\/12\/photo-600x600.webp 600w, https:\/\/beautyresidence.com\/wp-content\/uploads\/2023\/12\/photo-100x100.webp 100w\" sizes=\"(max-width: 700px) 100vw, 700px\" \/>\t\t\t\t\t\t\n\t\t\t\t\t<\/div>\n\t\t<\/div>\t\t\t\t\t\t\n<style>\n#image_1686504009 {\n  width: 100%;\n}\n<\/style>\n\t<\/div>\n\t\n\t\t<\/div>\n\t\t\t\t\t<\/div>\n\n\t\n\n\t<div id=\"col-1708851918\" class=\"col medium-6 small-12 large-6\"  >\n\t\t\t\t<div class=\"col-inner\"  >\n\t\t\t\n\t\t\t\n<h2>ELDERMAFILL<\/h2>\n<div class=\"is-divider divider clearfix\" style=\"margin-top:0px;margin-bottom:0px;max-width:40%;height:2px;\"><\/div>\n\t<div id=\"gap-1312756409\" class=\"gap-element clearfix\" style=\"display:block; height:auto;\">\n\t\t\n<style>\n#gap-1312756409 {\n  padding-top: 12px;\n}\n<\/style>\n\t<\/div>\n\t\n<h2 class=\"thin-font\">PROFESSIONAALSETE PROTSEDUURIDE JA KODUSE HOOLDUSE KOMBINATSIOON<\/h2>\n<p><b>ELDERMAFILL<\/b><span style=\"font-weight: 400;\">\u00a0on innovaatiline br\u00e4nd, mis pakub kaasaegseid ja patsientide usalduse v\u00f5itnud tooteid. Meie tootevalikusse kuuluvad s\u00fcstitavad preparaadid, trendikad ilma taastumisperioodita aastaringsed koorijad, samuti professionaalsed kodused hooldustooted ja toidulisandid.<\/span><\/p>\n<p><b>ELDERMAFILL<\/b><span style=\"font-weight: 400;\">\u00a0asutati 2017. aastal maailmakuulsa L\u00f5una-Korea biomeditsiini labori\u00a0<\/span><b>EYESEL<\/b><span style=\"font-weight: 400;\">\u00a0teadus- ja arenduspartnerina.<\/span><\/p>\n<p><span style=\"font-size: 95%;\"><span style=\"font-weight: 400;\">Ettev\u00f5te on alati uute innovaatiliste toodete ja tehnoloogiate arendamise esirinnas. Meie eesm\u00e4rk on luua tooteid, milles on \u00fchendatud k\u00f5rge efektiivsus, ohutus ja kasutusmugavus.<\/span> <\/span><\/p>\n<p><span style=\"font-weight: 400;\">Meie missioon on aidata igal inimesel saavutada terve ja kaunis nahk ning s\u00e4ilitada nooruslikkus pikkadeks aastateks. P\u00f6\u00f6rame erilist t\u00e4helepanu iga patsiendi ainulaadsetele vajadustele, t\u00f6\u00f6tades v\u00e4lja personaalseid hooldusprogramme, mis v\u00f5tavad arvesse nahat\u00fc\u00fcpi, vanust, elustiili ja muid tegureid.<\/span><\/p>\n<p><span style=\"font-weight: 400;\">ELDERMAFILL on uhke oma professionaalse l\u00e4henemise \u00fcle selliste toodete loomisel, mis aitavad inimestel end ilusana ja enesekindlana tunda. Oleme p\u00fchendunud pidevale t\u00e4iustamisele, pakkudes naha tervise ja ilu heaks vaid k\u00f5ige innovaatilisemaid ning t\u00f5husamaid lahendusi.<\/span><\/p>\n<a href=\"https:\/\/beautyresidence.com\/et\/shop\/?fwp_product_brands=croma\" target=\"_self\" class=\"button primary lowercase\"  style=\"border-radius:3px;\">\n    <span>Tootekataloog<\/span>\n  <\/a>\n\n\t\t<\/div>\n\t\t\t\t\t<\/div>\n\n\t\n<\/div>\n\t\t<\/div>\n\n\t\t\n<style>\n#section_1170498648 {\n  padding-top: 50px;\n  padding-bottom: 50px;\n}\n<\/style>\n\t<\/section>\n\t\n\t<section class=\"section\" id=\"section_325813279\">\n\t\t<div class=\"bg section-bg fill bg-fill  bg-loaded\" >\n\n\t\t\t\n\t\t\t\n\t\t\t\n\n\t\t<\/div>\n\n\t\t<div class=\"section-content relative\">\n\t\t\t\n<div class=\"row align-middle\"  id=\"row-207173644\">\n\n\t<div id=\"col-1224253657\" class=\"col medium-6 small-12 large-6\"  >\n\t\t\t\t<div class=\"col-inner\"  >\n\t\t\t\n\t\t\t\n<h2>IQ Lift<\/h2>\n<div class=\"is-divider divider clearfix\" style=\"margin-top:0px;margin-bottom:0px;max-width:40%;height:2px;\"><\/div>\n\t<div id=\"gap-835328503\" class=\"gap-element clearfix\" style=\"display:block; height:auto;\">\n\t\t\n<style>\n#gap-835328503 {\n  padding-top: 12px;\n}\n<\/style>\n\t<\/div>\n\t\n<h2 class=\"thin-font\"><span style=\"font-size: 90%;\">PDO MESONIIDID (POL\u00dcDIOKSANOON) \u2013 OHUTU JA MUGAV ALTERNATIIV N\u00c4O PLASTILISELE KIRURGIALE <\/span><\/h2>\n<p><span style=\"font-size: 95%;\">Selleks et v\u00f5idelda naha elastsuse kadumise ja kudede n\u00f5rgenemisega, on esteetilises kosmetoloogias juba 20 aastat kasutatud toetavat meetodit, mis muudab n\u00e4onaha pringiks ja takistab n\u00e4onaha gravitatsioonilist ptoosi.<\/span><\/p>\n<p><span style=\"font-size: 95%;\">Selleks eesm\u00e4rgiks kasutatakse imenduvaid, kuid piisavalt tugevaid ja vastupidavaid niite. T\u00e4nu biolagunevatele niitidele n\u00e4onahk pinguldub, mist\u00f5ttu tulemus s\u00e4ilib pikemat aega.<\/span><\/p>\n<p><span style=\"font-size: 95%;\">Mitmete niitide paigaldamine \u00fchte piirkonda tagab t\u00e4nu niitide elastsusele \u201evedruefekti\u201c.<\/span><\/p>\n<p><span style=\"font-size: 95%;\">Paigaldatud niidid lagunevad s\u00fcsinikdioksiidiks ja veeks ning 60\u201380 p\u00e4eva m\u00f6\u00f6dudes on s\u00e4ilinud 50% nende esialgsest tugevusest. 180-\u2013240 p\u00e4eva jooksul absorbeeruvad mesoniidid t\u00e4ielikult. \u041c\u0435soniite v\u00f5ib kasutada esimeste vananemism\u00e4rkide ilmnemisel, aga ka koos kosmeetiliste s\u00fcstidega.<\/span><\/p>\n<p><span style=\"font-size: 95%;\">\u041c\u0435soniitidel on lipol\u00fc\u00fctiline, tselluliidivastane ja pinguldav toime, v\u00f5imalik on probleemsetes nahapiirkondades moodustada \u201ealuskarkass\u201c.<\/span><\/p>\n<a href=\"https:\/\/beautyresidence.com\/et\/shop\/?fwp_product_brands=iq-lift\" target=\"_self\" class=\"button primary lowercase\"  style=\"border-radius:3px;\">\n    <span>Tootekataloog<\/span>\n  <\/a>\n\n\t\t<\/div>\n\t\t\t\t\t<\/div>\n\n\t\n\n\t<div id=\"col-2062481222\" class=\"col medium-6 small-12 large-6 small-col-first\"  >\n\t\t\t\t<div class=\"col-inner\"  >\n\t\t\t\n\t\t\t\n\t<div class=\"img has-hover x md-x lg-x y md-y lg-y\" id=\"image_427219946\">\n\t\t\t\t\t\t<div data-animate=\"fadeInRight\">\t\t<div class=\"img-inner dark\" >\n\t\t\t<img decoding=\"async\" width=\"675\" height=\"450\" src=\"https:\/\/beautyresidence.com\/wp-content\/uploads\/2019\/04\/iq.jpg\" class=\"attachment-original size-original\" alt=\"\" srcset=\"https:\/\/beautyresidence.com\/wp-content\/uploads\/2019\/04\/iq.jpg 675w, https:\/\/beautyresidence.com\/wp-content\/uploads\/2019\/04\/iq-300x200.jpg 300w, https:\/\/beautyresidence.com\/wp-content\/uploads\/2019\/04\/iq-600x400.jpg 600w\" sizes=\"(max-width: 675px) 100vw, 675px\" \/>\t\t\t\t\t\t\n\t\t\t\t\t<\/div>\n\t\t<\/div>\t\t\t\t\t\t\n<style>\n#image_427219946 {\n  width: 100%;\n}\n<\/style>\n\t<\/div>\n\t\n\t\t<\/div>\n\t\t\t\t\t<\/div>\n\n\t\n<\/div>\n\t\t<\/div>\n\n\t\t\n<style>\n#section_325813279 {\n  padding-top: 0px;\n  padding-bottom: 0px;\n}\n<\/style>\n\t<\/section>\n\t\n\t<section class=\"section\" id=\"section_225288788\">\n\t\t<div class=\"bg section-bg fill bg-fill  bg-loaded\" >\n\n\t\t\t\n\t\t\t\n\t\t\t\n\n\t\t<\/div>\n\n\t\t<div class=\"section-content relative\">\n\t\t\t\n<div class=\"row align-middle\"  id=\"row-1245417287\">\n\n\t<div id=\"col-221074184\" class=\"col medium-6 small-12 large-6\"  >\n\t\t\t\t<div class=\"col-inner\"  >\n\t\t\t\n\t\t\t\n\t<div class=\"img has-hover x md-x lg-x y md-y lg-y\" id=\"image_1583480729\">\n\t\t\t\t\t\t<div data-animate=\"fadeInLeft\">\t\t<div class=\"img-inner dark\" >\n\t\t\t<img decoding=\"async\" width=\"675\" height=\"450\" src=\"https:\/\/beautyresidence.com\/wp-content\/uploads\/2019\/04\/NAtinuel.jpg\" class=\"attachment-original size-original\" alt=\"\" srcset=\"https:\/\/beautyresidence.com\/wp-content\/uploads\/2019\/04\/NAtinuel.jpg 675w, https:\/\/beautyresidence.com\/wp-content\/uploads\/2019\/04\/NAtinuel-300x200.jpg 300w, https:\/\/beautyresidence.com\/wp-content\/uploads\/2019\/04\/NAtinuel-600x400.jpg 600w\" sizes=\"(max-width: 675px) 100vw, 675px\" \/>\t\t\t\t\t\t\n\t\t\t\t\t<\/div>\n\t\t<\/div>\t\t\t\t\t\t\n<style>\n#image_1583480729 {\n  width: 100%;\n}\n<\/style>\n\t<\/div>\n\t\n\t\t<\/div>\n\t\t\t\t\t<\/div>\n\n\t\n\n\t<div id=\"col-85727012\" class=\"col medium-6 small-12 large-6\"  >\n\t\t\t\t<div class=\"col-inner\"  >\n\t\t\t\n\t\t\t\n<h2>Natinuel<\/h2>\n<div class=\"is-divider divider clearfix\" style=\"margin-top:0px;margin-bottom:0px;max-width:40%;height:2px;\"><\/div>\n\t<div id=\"gap-1480827106\" class=\"gap-element clearfix\" style=\"display:block; height:auto;\">\n\t\t\n<style>\n#gap-1480827106 {\n  padding-top: 12px;\n}\n<\/style>\n\t<\/div>\n\t\n<h2 class=\"thin-font\"><span style=\"font-size: 90%;\"> PROFESSIONAALNE BIOTSEUTILINE TOOTESARI <\/span><\/h2>\n<p><span style=\"font-size: 95%;\">Natinueli biotseutilise tootesarja on j\u00e4rele proovinud ja heaks kiitnud Itaalia Meditsiinit\u00f6\u00f6tajate Liit, kes on spetsialiseerunud tegevusele vananemisvastase teraapia vallas. Meie ettev\u00f5te on nimetatud tootesarja ametlik edasim\u00fc\u00fcja Eestis.<\/span><\/p>\n<p><span style=\"font-size: 95%;\">Natinueli tooted on t\u00f6\u00f6tatud v\u00e4lja t\u00f5husaks v\u00f5itluseks naha vananemisega. Natinueli nahahooldusvahendid on uue p\u00f5lvkonna tooted esteetiliste puuduste korrigeerimiseks interaktiivsuse p\u00f5him\u00f5ttel. Interaktiivsuse p\u00f5him\u00f5te puudutab uusi meetodeid, mille abil on v\u00f5imalik naha bioloogilise ja fotovananemise korral parendada naha v\u00e4limust, m\u00f5jutades selle struktuuri derma tasandil.<\/span><\/p>\n<p><span style=\"font-size: 95%;\">Kaubam\u00e4rgi Natinuel toodete seas on mitu nahahooldustoodete sarja, t\u00e4psemalt: nahka pinguldava toimega tootesari, rasuse ja probleemse naha hoolduseks m\u00f5eldud tootesari ning vahendid h\u00fcperpigmenteerunud ja kuperoosaga naha hooldamiseks. Natinueli uudistoode on mesopreparaatide tootesari.<\/span><\/p>\n<p><span style=\"font-size: 95%;\">Meie veebilehel on v\u00f5imalik tutvuda erinevate Natinueli kaubam\u00e4rgi tootesarjadega.<\/span><\/p>\n<a href=\"https:\/\/beautyresidence.com\/et\/shop\/?fwp_product_brands=natinuel\" target=\"_self\" class=\"button primary lowercase\"  style=\"border-radius:3px;\">\n    <span>Tootekataloog<\/span>\n  <\/a>\n\n\t\t<\/div>\n\t\t\t\t\t<\/div>\n\n\t\n<\/div>\n\t\t<\/div>\n\n\t\t\n<style>\n#section_225288788 {\n  padding-top: 50px;\n  padding-bottom: 50px;\n}\n<\/style>\n\t<\/section>\n\t\n","protected":false},"excerpt":{"rendered":"","protected":false},"author":2,"featured_media":0,"parent":0,"menu_order":0,"comment_status":"closed","ping_status":"closed","template":"page-blank.php","meta":{"yasr_overall_rating":0,"yasr_post_is_review":"","yasr_auto_insert_disabled":"","yasr_review_type":"","footnotes":""},"yasr_visitor_votes":{"number_of_votes":0,"sum_votes":0,"stars_attributes":{"read_only":true,"span_bottom":"<div class='yasr-small-block-bold'><span class='yasr-visitor-votes-must-sign-in'><\/span><\/div>"}},"_links":{"self":[{"href":"https:\/\/beautyresidence.com\/et\/wp-json\/wp\/v2\/pages\/1378"}],"collection":[{"href":"https:\/\/beautyresidence.com\/et\/wp-json\/wp\/v2\/pages"}],"about":[{"href":"https:\/\/beautyresidence.com\/et\/wp-json\/wp\/v2\/types\/page"}],"author":[{"embeddable":true,"href":"https:\/\/beautyresidence.com\/et\/wp-json\/wp\/v2\/users\/2"}],"replies":[{"embeddable":true,"href":"https:\/\/beautyresidence.com\/et\/wp-json\/wp\/v2\/comments?post=1378"}],"version-history":[{"count":10,"href":"https:\/\/beautyresidence.com\/et\/wp-json\/wp\/v2\/pages\/1378\/revisions"}],"predecessor-version":[{"id":8353,"href":"https:\/\/beautyresidence.com\/et\/wp-json\/wp\/v2\/pages\/1378\/revisions\/8353"}],"wp:attachment":[{"href":"https:\/\/beautyresidence.com\/et\/wp-json\/wp\/v2\/media?parent=1378"}],"curies":[{"name":"wp","href":"https:\/\/api.w.org\/{rel}","templated":true}]}}