{"id":1374,"date":"2018-08-10T15:38:23","date_gmt":"2018-08-10T12:38:23","guid":{"rendered":"https:\/\/beautyresidence.nma.ee\/online-store\/"},"modified":"2026-03-05T17:58:53","modified_gmt":"2026-03-05T15:58:53","slug":"kauplus","status":"publish","type":"page","link":"https:\/\/beautyresidence.com\/et\/kauplus\/","title":{"rendered":"Kauplus"},"content":{"rendered":"\t<section class=\"section no-padding-section bg-h-full\" id=\"section_1074698404\">\n\t\t<div class=\"bg section-bg fill bg-fill  \" >\n\n\t\t\t\n\t\t\t\n\t\t\t\n\n\t\t<\/div>\n\n\t\t<div class=\"section-content relative\">\n\t\t\t\n<div class=\"row row-collapse\"  id=\"row-1672698493\">\n\n\t<div id=\"col-549843946\" class=\"col hide-for-medium medium-4 small-12 large-6\"  >\n\t\t\t\t<div class=\"col-inner\"  >\n\t\t\t\n\t\t\t\n\t\t<\/div>\n\t\t\t\t\t<\/div>\n\n\t\n\n\t<div id=\"col-1130979469\" class=\"col medium-12 small-12 large-6\"  data-animate=\"fadeInRight\">\n\t\t\t\t<div class=\"col-inner box-shadow-5\"  >\n\t\t\t\n\t\t\t\n\n  <div class=\"banner has-hover fix-banner-text-2\" id=\"banner-1339627808\">\n          <div class=\"banner-inner fill\">\n        <div class=\"banner-bg fill\" >\n            <div class=\"bg fill bg-fill \"><\/div>\n                                    \n                    <\/div>\n        <div class=\"banner-layers container\">\n            <div class=\"fill banner-link\"><\/div>            \n   <div id=\"text-box-1414743734\" class=\"text-box banner-layer x10 md-x10 lg-x10 y50 md-y50 lg-y50 res-text\">\n                                <div class=\"text-box-content text \">\n              \n              <div class=\"text-inner text-left\">\n                  \n<h2>Professionaalne kosmeetika<\/h2>\n\t<div id=\"gap-1638602301\" class=\"gap-element clearfix\" style=\"display:block; height:auto;\">\n\t\t\n<style>\n#gap-1638602301 {\n  padding-top: 12px;\n}\n<\/style>\n\t<\/div>\n\t\n<div class=\"is-divider divider clearfix\" style=\"margin-top:5.1px;margin-bottom:5.1px;max-width:20%;height:2px;background-color:rgba(141, 183, 196, 0.69);\"><\/div>\n\t<div id=\"gap-2008968295\" class=\"gap-element clearfix\" style=\"display:block; height:auto;\">\n\t\t\n<style>\n#gap-2008968295 {\n  padding-top: 7px;\n}\n<\/style>\n\t<\/div>\n\t\n<p><span style=\"font-size: 160%; color: #636363;\">Meie kaupluses on esindatud kvaliteetsed professionaalsed kosmeetikatooted, mis on kontrollitud farmaatsia- ja teaduslaborites. Meie veebilehel esindatud professionaalseid kosmeetikatooteid soovitavad ja kasutavad kosmetoloogia valdkonna kutselised spetsialistid.<\/span><\/p>\n<a href=\"https:\/\/beautyresidence.com\/et\/shop\/\" target=\"_self\" class=\"button primary is-xlarge lowercase\"  style=\"border-radius:3px;\">\n    <span>Tootekataloog<\/span>\n  <\/a>\n\n              <\/div>\n           <\/div>\n                            \n<style>\n#text-box-1414743734 {\n  width: 69%;\n}\n#text-box-1414743734 .text-box-content {\n  font-size: 100%;\n}\n<\/style>\n    <\/div>\n \n        <\/div>\n      <\/div>\n\n            \n<style>\n#banner-1339627808 {\n  padding-top: 480px;\n  background-color: rgba(249, 249, 251, 0.95);\n}\n#banner-1339627808 .bg.bg-loaded {\n  background-image: url(https:\/\/beautyresidence.com\/wp-content\/uploads\/2018\/08\/b1-01.svg);\n}\n@media (min-width:550px) {\n  #banner-1339627808 {\n    padding-top: 720px;\n  }\n}\n@media (min-width:850px) {\n  #banner-1339627808 {\n    padding-top: 436px;\n  }\n}\n<\/style>\n  <\/div>\n\n\n\t\t<\/div>\n\t\t\t\t\t<\/div>\n\n\t\n<\/div>\n\t\t<\/div>\n\n\t\t\n<style>\n#section_1074698404 {\n  padding-top: 100px;\n  padding-bottom: 100px;\n  background-color: rgb(235, 230, 227);\n}\n#section_1074698404 .section-bg.bg-loaded {\n  background-image: url(https:\/\/beautyresidence.com\/wp-content\/uploads\/2026\/03\/1.jpg);\n}\n#section_1074698404 .section-bg {\n  background-position: 0% 0%;\n}\n<\/style>\n\t<\/section>\n\t\n\t<section class=\"section no-padding-section bg-h-full\" id=\"section_442671125\">\n\t\t<div class=\"bg section-bg fill bg-fill  \" >\n\n\t\t\t\n\t\t\t\n\t\t\t\n\n\t\t<\/div>\n\n\t\t<div class=\"section-content relative\">\n\t\t\t\n<div class=\"row row-collapse\"  id=\"row-1270653314\">\n\n\t<div id=\"col-74161404\" class=\"col medium-12 small-12 large-6\"  data-animate=\"fadeInLeft\">\n\t\t\t\t<div class=\"col-inner box-shadow-5\"  >\n\t\t\t\n\t\t\t\n\n  <div class=\"banner has-hover fix-banner-text-2\" id=\"banner-1312091943\">\n          <div class=\"banner-inner fill\">\n        <div class=\"banner-bg fill\" >\n            <div class=\"bg fill bg-fill \"><\/div>\n                                    \n                    <\/div>\n        <div class=\"banner-layers container\">\n            <div class=\"fill banner-link\"><\/div>            \n   <div id=\"text-box-75172741\" class=\"text-box banner-layer x10 md-x10 lg-x10 y50 md-y50 lg-y50 res-text\">\n                                <div class=\"text-box-content text \">\n              \n              <div class=\"text-inner text-left\">\n                  \n<h2>Kodukosmeetika<\/h2>\n\t<div id=\"gap-780915674\" class=\"gap-element clearfix\" style=\"display:block; height:auto;\">\n\t\t\n<style>\n#gap-780915674 {\n  padding-top: 12px;\n}\n<\/style>\n\t<\/div>\n\t\n<div class=\"is-divider divider clearfix\" style=\"margin-top:5.1px;margin-bottom:5.1px;max-width:20%;height:2px;background-color:rgba(141, 183, 196, 0.69);\"><\/div>\n\t<div id=\"gap-754238599\" class=\"gap-element clearfix\" style=\"display:block; height:auto;\">\n\t\t\n<style>\n#gap-754238599 {\n  padding-top: 7px;\n}\n<\/style>\n\t<\/div>\n\t\n<p><span style=\"font-size: 160%; color: #636363;\">Koduseks kasutamiseks m\u00f5eldud kosmeetikatooteid soovitame valida vastavalt teie nahat\u00fc\u00fcbile, arvestades ka k\u00e4imasolevate protseduuridega. Protseduurij\u00e4rgne \u00f5ige kodune nahahooldus on vajalik saavutatud tulemuste kinnistamiseks ja s\u00e4ilitamiseks, et protseduuride m\u00f5juefekt kestaks v\u00f5imalikult kaua ja teie nahk n\u00e4eks v\u00e4lja terve ja hoolitsetud.<\/span><\/p>\n<a href=\"https:\/\/beautyresidence.com\/et\/shop\/?fwp_product_categories=kodukosmeetika\" target=\"_self\" class=\"button primary is-xlarge lowercase\"  style=\"border-radius:3px;\">\n    <span>Tootekataloog<\/span>\n  <\/a>\n\n              <\/div>\n           <\/div>\n                            \n<style>\n#text-box-75172741 {\n  width: 80%;\n}\n#text-box-75172741 .text-box-content {\n  font-size: 100%;\n}\n<\/style>\n    <\/div>\n \n        <\/div>\n      <\/div>\n\n            \n<style>\n#banner-1312091943 {\n  padding-top: 480px;\n  background-color: rgba(249, 249, 251, 0.95);\n}\n#banner-1312091943 .bg.bg-loaded {\n  background-image: url(https:\/\/beautyresidence.com\/wp-content\/uploads\/2018\/08\/b4.svg);\n}\n@media (min-width:550px) {\n  #banner-1312091943 {\n    padding-top: 720px;\n  }\n}\n@media (min-width:850px) {\n  #banner-1312091943 {\n    padding-top: 449px;\n  }\n}\n<\/style>\n  <\/div>\n\n\n\t\t<\/div>\n\t\t\t\t\t<\/div>\n\n\t\n\n\t<div id=\"col-1127377848\" class=\"col hide-for-medium medium-4 small-12 large-6\"  >\n\t\t\t\t<div class=\"col-inner\"  >\n\t\t\t\n\t\t\t\n\t\t<\/div>\n\t\t\t\t\t<\/div>\n\n\t\n<\/div>\n\t\t<\/div>\n\n\t\t\n<style>\n#section_442671125 {\n  padding-top: 100px;\n  padding-bottom: 100px;\n  background-color: rgb(235, 230, 227);\n}\n#section_442671125 .section-bg.bg-loaded {\n  background-image: url(https:\/\/beautyresidence.com\/wp-content\/uploads\/2026\/03\/2-1.jpg);\n}\n#section_442671125 .section-bg {\n  background-position: 100% 0%;\n}\n<\/style>\n\t<\/section>\n\t\n\t<section class=\"section no-padding-section bg-h-full\" id=\"section_917958545\">\n\t\t<div class=\"bg section-bg fill bg-fill  \" >\n\n\t\t\t\n\t\t\t\n\t\t\t\n\n\t\t<\/div>\n\n\t\t<div class=\"section-content relative\">\n\t\t\t\n<div class=\"row row-collapse\"  id=\"row-808466112\">\n\n\t<div id=\"col-22193089\" class=\"col hide-for-medium medium-4 small-12 large-6\"  >\n\t\t\t\t<div class=\"col-inner\"  >\n\t\t\t\n\t\t\t\n\t\t<\/div>\n\t\t\t\t\t<\/div>\n\n\t\n\n\t<div id=\"col-536940854\" class=\"col medium-12 small-12 large-6\"  data-animate=\"fadeInRight\">\n\t\t\t\t<div class=\"col-inner box-shadow-5\"  >\n\t\t\t\n\t\t\t\n\n  <div class=\"banner has-hover fix-banner-text-2\" id=\"banner-796424757\">\n          <div class=\"banner-inner fill\">\n        <div class=\"banner-bg fill\" >\n            <div class=\"bg fill bg-fill \"><\/div>\n                                    \n                    <\/div>\n        <div class=\"banner-layers container\">\n            <div class=\"fill banner-link\"><\/div>            \n   <div id=\"text-box-104189694\" class=\"text-box banner-layer x10 md-x10 lg-x10 y50 md-y50 lg-y50 res-text\">\n                                <div class=\"text-box-content text \">\n              \n              <div class=\"text-inner text-left\">\n                  \n<h2>Esteetilise kosmetoloogia preparaadid<\/h2>\n\t<div id=\"gap-642457194\" class=\"gap-element clearfix\" style=\"display:block; height:auto;\">\n\t\t\n<style>\n#gap-642457194 {\n  padding-top: 12px;\n}\n<\/style>\n\t<\/div>\n\t\n<div class=\"is-divider divider clearfix\" style=\"margin-top:5.1px;margin-bottom:5.1px;max-width:20%;height:2px;background-color:rgba(141, 183, 196, 0.69);\"><\/div>\n\t<div id=\"gap-71700060\" class=\"gap-element clearfix\" style=\"display:block; height:auto;\">\n\t\t\n<style>\n#gap-71700060 {\n  padding-top: 7px;\n}\n<\/style>\n\t<\/div>\n\t\n<p><span style=\"font-size: 160%; color: #636363;\">Esteetiline kosmetoloogia on suunatud v\u00f5itlusele naha bioloogiliste muutustega ja meie ettev\u00f5te pakub erinevaid preparaate naha v\u00e4limuse parandamiseks ilma plastilise kirurgiata. Esteetilise kosmetoloogia preparaatide abil on v\u00f5imalik lahendada paljusid probleeme, nagu akne, kuperoos ja h\u00fcperpigmentatsioon. Preparaadid on suutelised parandama ja noorendama naha ja keha \u00fcldseisundit, varjama puudusi ja r\u00f5hutama v\u00e4limuse parimaid jooni.<\/span><\/p>\n<a href=\"https:\/\/beautyresidence.com\/et\/shop\/?fwp_product_categories=esteetiline-kosmetoloogia\" target=\"_self\" class=\"button primary is-xlarge lowercase\"  style=\"border-radius:3px;\">\n    <span>Tootekataloog<\/span>\n  <\/a>\n\n              <\/div>\n           <\/div>\n                            \n<style>\n#text-box-104189694 {\n  width: 86%;\n}\n#text-box-104189694 .text-box-content {\n  font-size: 100%;\n}\n<\/style>\n    <\/div>\n \n        <\/div>\n      <\/div>\n\n            \n<style>\n#banner-796424757 {\n  padding-top: 480px;\n  background-color: rgba(249, 249, 251, 0.95);\n}\n#banner-796424757 .bg.bg-loaded {\n  background-image: url(https:\/\/beautyresidence.com\/wp-content\/uploads\/2018\/08\/b3.svg);\n}\n@media (min-width:550px) {\n  #banner-796424757 {\n    padding-top: 720px;\n  }\n}\n@media (min-width:850px) {\n  #banner-796424757 {\n    padding-top: 527px;\n  }\n}\n<\/style>\n  <\/div>\n\n\n\t\t<\/div>\n\t\t\t\t\t<\/div>\n\n\t\n<\/div>\n\t\t<\/div>\n\n\t\t\n<style>\n#section_917958545 {\n  padding-top: 100px;\n  padding-bottom: 100px;\n  background-color: rgb(235, 230, 227);\n}\n#section_917958545 .section-bg.bg-loaded {\n  background-image: url(https:\/\/beautyresidence.com\/wp-content\/uploads\/2026\/03\/3.jpg);\n}\n#section_917958545 .section-bg {\n  background-position: 0% 0%;\n}\n<\/style>\n\t<\/section>\n\t\n","protected":false},"excerpt":{"rendered":"","protected":false},"author":2,"featured_media":0,"parent":0,"menu_order":0,"comment_status":"closed","ping_status":"closed","template":"page-blank.php","meta":{"yasr_overall_rating":0,"yasr_post_is_review":"","yasr_auto_insert_disabled":"","yasr_review_type":"","footnotes":""},"yasr_visitor_votes":{"number_of_votes":0,"sum_votes":0,"stars_attributes":{"read_only":true,"span_bottom":"<div class='yasr-small-block-bold'><span class='yasr-visitor-votes-must-sign-in'><\/span><\/div>"}},"_links":{"self":[{"href":"https:\/\/beautyresidence.com\/et\/wp-json\/wp\/v2\/pages\/1374"}],"collection":[{"href":"https:\/\/beautyresidence.com\/et\/wp-json\/wp\/v2\/pages"}],"about":[{"href":"https:\/\/beautyresidence.com\/et\/wp-json\/wp\/v2\/types\/page"}],"author":[{"embeddable":true,"href":"https:\/\/beautyresidence.com\/et\/wp-json\/wp\/v2\/users\/2"}],"replies":[{"embeddable":true,"href":"https:\/\/beautyresidence.com\/et\/wp-json\/wp\/v2\/comments?post=1374"}],"version-history":[{"count":10,"href":"https:\/\/beautyresidence.com\/et\/wp-json\/wp\/v2\/pages\/1374\/revisions"}],"predecessor-version":[{"id":8292,"href":"https:\/\/beautyresidence.com\/et\/wp-json\/wp\/v2\/pages\/1374\/revisions\/8292"}],"wp:attachment":[{"href":"https:\/\/beautyresidence.com\/et\/wp-json\/wp\/v2\/media?parent=1374"}],"curies":[{"name":"wp","href":"https:\/\/api.w.org\/{rel}","templated":true}]}}